{"id":2493,"date":"2025-06-23T14:47:00","date_gmt":"2025-06-23T14:47:00","guid":{"rendered":"https:\/\/espacesconfines.be\/product\/in-8002-vrijstaande-barricade\/"},"modified":"2025-08-06T14:43:52","modified_gmt":"2025-08-06T14:43:52","slug":"in-8002-vrijstaande-barricade","status":"publish","type":"product","link":"https:\/\/espacesconfines.be\/nl\/product\/in-8002-vrijstaande-barricade\/","title":{"rendered":"Mobiel hekwerk met Davit arm 610 mm"},"content":{"rendered":"<p style=\"font-weight: 400;\"><strong>Collectieve bescherming<\/strong><\/p>\n<p style=\"font-weight: 400;\">De IN-8002 is een mobiel hekwerk waarop een davit arm met een bereik van 610mm bevestigd kan worden. Dit betredingssysteem is speciaal ontworpen voor het beveiligen van betreders boven verticale openingen (mangaten, luiken, enz.). Het hekwerk biedt een collectieve bescherming voor de veiligheidswacht of andere voorbijgangers.  <\/p>\n<p style=\"font-weight: 400;\"><strong>V- of 4-zijdige configuratie<\/strong><\/p>\n<p style=\"font-weight: 400;\">Dankzij het modulaire ontwerp kan de gebruiker het hekwerk opstellen in een klassieke 4-zijdige configuratie of in een \u201cV\u201d-vorm. Men kan het hekwerk openen met behoud van stabiliteit. In een V-vorm of wanneer men een valblok van meer dan 15m gebruikt, dient men gebruik te maken van de extra stabilisator. De stabilisator met wielen (A2108-20) laat de gebruiker toe om het systeem op vlakke ondergrond te verrijden.   <\/p>\n<p style=\"font-weight: 400;\"><strong>Snelle installatie en verplaatsing<\/strong><\/p>\n<p style=\"font-weight: 400;\">Het systeem kan in minder dan 3 minuten worden ge\u00efnstalleerd, zonder gereedschap. De vergrendeling gebeurt met behulp van veiligheidspinnen. Het lichte en compacte hekwerk is gemakkelijk te vervoeren en zelfstandig te installeren.  <\/p>\n<p style=\"font-weight: 400;\"><strong>Valblok met reddingsfunctie \/ winch compatibiliteit<\/strong><\/p>\n<p style=\"font-weight: 400;\">De IN-8002 is volledig compatibel met Xtirpa\u2122 winch (IN-2477) of een aangedreven personenwinch. Er bestaan verschillende bevestigingsbeugels voor verschillende merken van valblokken met reddingsfunctie. <\/p>\n<p style=\"font-weight: 400;\"><strong>Sterk en stabiel ankerpunt voor 2 personen<\/strong><\/p>\n<p style=\"font-weight: 400;\">De davitarm in combinatie met het hekwerk heeft een breuksterkte van 18,68 kN en is meer stabiel na een val tov een systeem met H-basis. De stalen D-verankering in het midden van de arm heeft een breuksterkte van 22 kN. Het systeem is gecertificeerd volgens EN 795 type B, CEN\/TS 16415 voor 2 personen, OSHA, CSA en heeft een veilige werklast van 190 kg.<\/p>\n","protected":false},"excerpt":{"rendered":"<p>IN-8002<\/p>\n","protected":false},"featured_media":2170,"template":"","meta":{"_acf_changed":false},"product_brand":[109],"product_cat":[57],"product_tag":[106],"class_list":{"0":"post-2493","1":"product","2":"type-product","3":"status-publish","4":"has-post-thumbnail","6":"product_brand-xtirpa-nl","7":"product_cat-verticaal","8":"product_tag-in-8002-nl","10":"first","11":"instock","12":"shipping-taxable","13":"product-type-simple"},"acf":[],"yoast_head":"<!-- This site is optimized with the Yoast SEO plugin v27.1.1 - https:\/\/yoast.com\/product\/yoast-seo-wordpress\/ -->\n<title>Mobiel hekwerk met Davit arm 610 mm - Espace confin\u00e9 avec Condor Safety<\/title>\n<meta name=\"robots\" content=\"index, follow, max-snippet:-1, max-image-preview:large, max-video-preview:-1\" \/>\n<link rel=\"canonical\" href=\"https:\/\/espacesconfines.be\/nl\/product\/in-8002-vrijstaande-barricade\/\" \/>\n<meta property=\"og:locale\" content=\"nl_NL\" \/>\n<meta property=\"og:type\" content=\"article\" \/>\n<meta property=\"og:title\" content=\"Mobiel hekwerk met Davit arm 610 mm - Espace confin\u00e9 avec Condor Safety\" \/>\n<meta property=\"og:description\" content=\"IN-8002\" \/>\n<meta property=\"og:url\" content=\"https:\/\/espacesconfines.be\/nl\/product\/in-8002-vrijstaande-barricade\/\" \/>\n<meta property=\"og:site_name\" content=\"Espace confin\u00e9 avec Condor Safety\" \/>\n<meta property=\"article:modified_time\" content=\"2025-08-06T14:43:52+00:00\" \/>\n<meta property=\"og:image\" content=\"https:\/\/espacesconfines.be\/wp-content\/uploads\/2025\/06\/Condor-safety-bv-confined-space-IN-8002-1478.jpg\" \/>\n\t<meta property=\"og:image:width\" content=\"948\" \/>\n\t<meta property=\"og:image:height\" content=\"1300\" \/>\n\t<meta property=\"og:image:type\" content=\"image\/jpeg\" \/>\n<meta name=\"twitter:card\" content=\"summary_large_image\" \/>\n<meta name=\"twitter:label1\" content=\"Geschatte leestijd\" \/>\n\t<meta name=\"twitter:data1\" content=\"1 minuut\" \/>\n<script type=\"application\/ld+json\" class=\"yoast-schema-graph\">{\"@context\":\"https:\/\/schema.org\",\"@graph\":[{\"@type\":\"WebPage\",\"@id\":\"https:\/\/espacesconfines.be\/nl\/product\/in-8002-vrijstaande-barricade\/\",\"url\":\"https:\/\/espacesconfines.be\/nl\/product\/in-8002-vrijstaande-barricade\/\",\"name\":\"Mobiel hekwerk met Davit arm 610 mm - Espace confin\u00e9 avec Condor Safety\",\"isPartOf\":{\"@id\":\"https:\/\/espacesconfines.be\/nl\/#website\"},\"primaryImageOfPage\":{\"@id\":\"https:\/\/espacesconfines.be\/nl\/product\/in-8002-vrijstaande-barricade\/#primaryimage\"},\"image\":{\"@id\":\"https:\/\/espacesconfines.be\/nl\/product\/in-8002-vrijstaande-barricade\/#primaryimage\"},\"thumbnailUrl\":\"https:\/\/espacesconfines.be\/wp-content\/uploads\/2025\/06\/Condor-safety-bv-confined-space-IN-8002-1478.jpg\",\"datePublished\":\"2025-06-23T14:47:00+00:00\",\"dateModified\":\"2025-08-06T14:43:52+00:00\",\"breadcrumb\":{\"@id\":\"https:\/\/espacesconfines.be\/nl\/product\/in-8002-vrijstaande-barricade\/#breadcrumb\"},\"inLanguage\":\"nl-NL\",\"potentialAction\":[{\"@type\":\"ReadAction\",\"target\":[\"https:\/\/espacesconfines.be\/nl\/product\/in-8002-vrijstaande-barricade\/\"]}]},{\"@type\":\"ImageObject\",\"inLanguage\":\"nl-NL\",\"@id\":\"https:\/\/espacesconfines.be\/nl\/product\/in-8002-vrijstaande-barricade\/#primaryimage\",\"url\":\"https:\/\/espacesconfines.be\/wp-content\/uploads\/2025\/06\/Condor-safety-bv-confined-space-IN-8002-1478.jpg\",\"contentUrl\":\"https:\/\/espacesconfines.be\/wp-content\/uploads\/2025\/06\/Condor-safety-bv-confined-space-IN-8002-1478.jpg\",\"width\":948,\"height\":1300},{\"@type\":\"BreadcrumbList\",\"@id\":\"https:\/\/espacesconfines.be\/nl\/product\/in-8002-vrijstaande-barricade\/#breadcrumb\",\"itemListElement\":[{\"@type\":\"ListItem\",\"position\":1,\"name\":\"Home\",\"item\":\"https:\/\/espacesconfines.be\/nl\/home\/\"},{\"@type\":\"ListItem\",\"position\":2,\"name\":\"Producten\",\"item\":\"https:\/\/espacesconfines.be\/nl\/shop\/\"},{\"@type\":\"ListItem\",\"position\":3,\"name\":\"Mobiel hekwerk met Davit arm 610 mm\"}]},{\"@type\":\"WebSite\",\"@id\":\"https:\/\/espacesconfines.be\/nl\/#website\",\"url\":\"https:\/\/espacesconfines.be\/nl\/\",\"name\":\"Espace confin\u00e9 avec Condor Safety\",\"description\":\"Acc\u00e8s, protection, sauvetage : votre s\u00e9curit\u00e9 en espace confin\u00e9 sans compromis.\",\"publisher\":{\"@id\":\"https:\/\/espacesconfines.be\/nl\/#organization\"},\"potentialAction\":[{\"@type\":\"SearchAction\",\"target\":{\"@type\":\"EntryPoint\",\"urlTemplate\":\"https:\/\/espacesconfines.be\/nl\/?s={search_term_string}\"},\"query-input\":{\"@type\":\"PropertyValueSpecification\",\"valueRequired\":true,\"valueName\":\"search_term_string\"}}],\"inLanguage\":\"nl-NL\"},{\"@type\":\"Organization\",\"@id\":\"https:\/\/espacesconfines.be\/nl\/#organization\",\"name\":\"Condor Safety Espace confin\u00e9\",\"url\":\"https:\/\/espacesconfines.be\/nl\/\",\"logo\":{\"@type\":\"ImageObject\",\"inLanguage\":\"nl-NL\",\"@id\":\"https:\/\/espacesconfines.be\/nl\/#\/schema\/logo\/image\/\",\"url\":\"https:\/\/espacesconfines.be\/wp-content\/uploads\/2025\/07\/cropped-condor-safety-logo-web-ico.png\",\"contentUrl\":\"https:\/\/espacesconfines.be\/wp-content\/uploads\/2025\/07\/cropped-condor-safety-logo-web-ico.png\",\"width\":512,\"height\":512,\"caption\":\"Condor Safety Espace confin\u00e9\"},\"image\":{\"@id\":\"https:\/\/espacesconfines.be\/nl\/#\/schema\/logo\/image\/\"},\"sameAs\":[\"https:\/\/www.linkedin.com\/showcase\/confinedspace\/\"]}]}<\/script>\n<!-- \/ Yoast SEO plugin. -->","yoast_head_json":{"title":"Mobiel hekwerk met Davit arm 610 mm - Espace confin\u00e9 avec Condor Safety","robots":{"index":"index","follow":"follow","max-snippet":"max-snippet:-1","max-image-preview":"max-image-preview:large","max-video-preview":"max-video-preview:-1"},"canonical":"https:\/\/espacesconfines.be\/nl\/product\/in-8002-vrijstaande-barricade\/","og_locale":"nl_NL","og_type":"article","og_title":"Mobiel hekwerk met Davit arm 610 mm - Espace confin\u00e9 avec Condor Safety","og_description":"IN-8002","og_url":"https:\/\/espacesconfines.be\/nl\/product\/in-8002-vrijstaande-barricade\/","og_site_name":"Espace confin\u00e9 avec Condor Safety","article_modified_time":"2025-08-06T14:43:52+00:00","og_image":[{"width":948,"height":1300,"url":"https:\/\/espacesconfines.be\/wp-content\/uploads\/2025\/06\/Condor-safety-bv-confined-space-IN-8002-1478.jpg","type":"image\/jpeg"}],"twitter_card":"summary_large_image","twitter_misc":{"Geschatte leestijd":"1 minuut"},"schema":{"@context":"https:\/\/schema.org","@graph":[{"@type":"WebPage","@id":"https:\/\/espacesconfines.be\/nl\/product\/in-8002-vrijstaande-barricade\/","url":"https:\/\/espacesconfines.be\/nl\/product\/in-8002-vrijstaande-barricade\/","name":"Mobiel hekwerk met Davit arm 610 mm - Espace confin\u00e9 avec Condor Safety","isPartOf":{"@id":"https:\/\/espacesconfines.be\/nl\/#website"},"primaryImageOfPage":{"@id":"https:\/\/espacesconfines.be\/nl\/product\/in-8002-vrijstaande-barricade\/#primaryimage"},"image":{"@id":"https:\/\/espacesconfines.be\/nl\/product\/in-8002-vrijstaande-barricade\/#primaryimage"},"thumbnailUrl":"https:\/\/espacesconfines.be\/wp-content\/uploads\/2025\/06\/Condor-safety-bv-confined-space-IN-8002-1478.jpg","datePublished":"2025-06-23T14:47:00+00:00","dateModified":"2025-08-06T14:43:52+00:00","breadcrumb":{"@id":"https:\/\/espacesconfines.be\/nl\/product\/in-8002-vrijstaande-barricade\/#breadcrumb"},"inLanguage":"nl-NL","potentialAction":[{"@type":"ReadAction","target":["https:\/\/espacesconfines.be\/nl\/product\/in-8002-vrijstaande-barricade\/"]}]},{"@type":"ImageObject","inLanguage":"nl-NL","@id":"https:\/\/espacesconfines.be\/nl\/product\/in-8002-vrijstaande-barricade\/#primaryimage","url":"https:\/\/espacesconfines.be\/wp-content\/uploads\/2025\/06\/Condor-safety-bv-confined-space-IN-8002-1478.jpg","contentUrl":"https:\/\/espacesconfines.be\/wp-content\/uploads\/2025\/06\/Condor-safety-bv-confined-space-IN-8002-1478.jpg","width":948,"height":1300},{"@type":"BreadcrumbList","@id":"https:\/\/espacesconfines.be\/nl\/product\/in-8002-vrijstaande-barricade\/#breadcrumb","itemListElement":[{"@type":"ListItem","position":1,"name":"Home","item":"https:\/\/espacesconfines.be\/nl\/home\/"},{"@type":"ListItem","position":2,"name":"Producten","item":"https:\/\/espacesconfines.be\/nl\/shop\/"},{"@type":"ListItem","position":3,"name":"Mobiel hekwerk met Davit arm 610 mm"}]},{"@type":"WebSite","@id":"https:\/\/espacesconfines.be\/nl\/#website","url":"https:\/\/espacesconfines.be\/nl\/","name":"Espace confin\u00e9 avec Condor Safety","description":"Acc\u00e8s, protection, sauvetage : votre s\u00e9curit\u00e9 en espace confin\u00e9 sans compromis.","publisher":{"@id":"https:\/\/espacesconfines.be\/nl\/#organization"},"potentialAction":[{"@type":"SearchAction","target":{"@type":"EntryPoint","urlTemplate":"https:\/\/espacesconfines.be\/nl\/?s={search_term_string}"},"query-input":{"@type":"PropertyValueSpecification","valueRequired":true,"valueName":"search_term_string"}}],"inLanguage":"nl-NL"},{"@type":"Organization","@id":"https:\/\/espacesconfines.be\/nl\/#organization","name":"Condor Safety Espace confin\u00e9","url":"https:\/\/espacesconfines.be\/nl\/","logo":{"@type":"ImageObject","inLanguage":"nl-NL","@id":"https:\/\/espacesconfines.be\/nl\/#\/schema\/logo\/image\/","url":"https:\/\/espacesconfines.be\/wp-content\/uploads\/2025\/07\/cropped-condor-safety-logo-web-ico.png","contentUrl":"https:\/\/espacesconfines.be\/wp-content\/uploads\/2025\/07\/cropped-condor-safety-logo-web-ico.png","width":512,"height":512,"caption":"Condor Safety Espace confin\u00e9"},"image":{"@id":"https:\/\/espacesconfines.be\/nl\/#\/schema\/logo\/image\/"},"sameAs":["https:\/\/www.linkedin.com\/showcase\/confinedspace\/"]}]}},"_links":{"self":[{"href":"https:\/\/espacesconfines.be\/nl\/wp-json\/wp\/v2\/product\/2493","targetHints":{"allow":["GET"]}}],"collection":[{"href":"https:\/\/espacesconfines.be\/nl\/wp-json\/wp\/v2\/product"}],"about":[{"href":"https:\/\/espacesconfines.be\/nl\/wp-json\/wp\/v2\/types\/product"}],"version-history":[{"count":2,"href":"https:\/\/espacesconfines.be\/nl\/wp-json\/wp\/v2\/product\/2493\/revisions"}],"predecessor-version":[{"id":3924,"href":"https:\/\/espacesconfines.be\/nl\/wp-json\/wp\/v2\/product\/2493\/revisions\/3924"}],"wp:featuredmedia":[{"embeddable":true,"href":"https:\/\/espacesconfines.be\/nl\/wp-json\/wp\/v2\/media\/2170"}],"wp:attachment":[{"href":"https:\/\/espacesconfines.be\/nl\/wp-json\/wp\/v2\/media?parent=2493"}],"wp:term":[{"taxonomy":"product_brand","embeddable":true,"href":"https:\/\/espacesconfines.be\/nl\/wp-json\/wp\/v2\/product_brand?post=2493"},{"taxonomy":"product_cat","embeddable":true,"href":"https:\/\/espacesconfines.be\/nl\/wp-json\/wp\/v2\/product_cat?post=2493"},{"taxonomy":"product_tag","embeddable":true,"href":"https:\/\/espacesconfines.be\/nl\/wp-json\/wp\/v2\/product_tag?post=2493"}],"curies":[{"name":"wp","href":"https:\/\/api.w.org\/{rel}","templated":true}]}}