{"id":2494,"date":"2025-06-23T17:05:11","date_gmt":"2025-06-23T17:05:11","guid":{"rendered":"https:\/\/espacesconfines.be\/product\/in-8003-stam-en-mast\/"},"modified":"2025-08-14T12:15:40","modified_gmt":"2025-08-14T12:15:40","slug":"in-8003-stam-en-mast","status":"publish","type":"product","link":"https:\/\/espacesconfines.be\/nl\/product\/in-8003-stam-en-mast\/","title":{"rendered":"Davit arm 610mm, mast en vaste adapter"},"content":{"rendered":"<p style=\"font-weight: 400;\"><strong>Aangepaste adapters in functie van de structuur<\/strong><\/p>\n<p style=\"font-weight: 400;\">Het IN-8003 systeem bestaat uit een mast IN-2003, een IN-2210 davit arm en kan gecombineerd worden met verschillende soorten vloer- of muuradapters. Het systeem is ideaal voor verticale betredingen in besloten ruimten waar er een mogelijkheid bestaat om een vaste adapter aan de muur of op de vloer te verankeren. De mast (10kg) en de arm (16kg) kunnen afzonderlijk gedragen worden.<\/p>\n<p style=\"font-weight: 400;\"><strong>Universele mast met verlengstukken<\/strong><\/p>\n<p style=\"font-weight: 400;\">De universele mast is geschikt voor een groot aantal mobiele en vaste adapters (vloer, muur, hoek) en biedt hierdoor een modulaire oplossing voor verschillende systemen. De mast en de davit arm kan men tijdens een evacuatie 360\u00b0 draaien. Men kan de mast verlengen met behulp van de verlengstukken. Vervolgens kan men de valblok lager op de davit arm installeren zodat men de evacuatiehendel kan bedienen in geval van een evacuatie.<\/p>\n<p style=\"font-weight: 400;\"><strong>Valblok met reddingsfunctie \/ winch compatibiliteit<\/strong><\/p>\n<p style=\"font-weight: 400;\">De IN-8003 is compatibel verschillende lieren waaronder de Xtirpa\u2122 winch (IN-2477). Er bestaan verschillende bevestigingsbeugels voor een breed gamma van valblokken met reddingsfunctie.<\/p>\n<p style=\"font-weight: 400;\"><strong>Sterk ankerpunt voor 2 personen<\/strong><\/p>\n<p style=\"font-weight: 400;\">Het betredingssysteem is ontworpen voor een veilige werklast tot 164 kg en heeft een breuksterkte van 16,30 kN, waardoor het voldoet aan de EN-, OSHA-, ANSI- en CSA-normen. Het systeem is gecertificeerd volgens de CEN\/TS 16415 voor maximaal twee personen. De stalen D-verankering in het midden van de arm heeft een breuksterkte van 22 kN.<\/p>\n<p style=\"font-weight: 400;\"><strong>Snelle, intu\u00eftieve installatie en verplaatsing<\/strong><\/p>\n<p style=\"font-weight: 400;\">Het systeem wordt in slechts enkele minuten en zonder gereedschap ge\u00efnstalleerd: de mast wordt op de adapter geplaatst, de davit-arm wordt op de mast gepositioneerd aan de hand van veiligheidspennen.<\/p>\n","protected":false},"excerpt":{"rendered":"<p style=\"font-weight: 400;\">Mast, beugel en vloeradapter<\/p>\n","protected":false},"featured_media":2201,"template":"","meta":{"_acf_changed":false},"product_brand":[109],"product_cat":[57],"product_tag":[],"class_list":{"0":"post-2494","1":"product","2":"type-product","3":"status-publish","4":"has-post-thumbnail","6":"product_brand-xtirpa-nl","7":"product_cat-verticaal","9":"first","10":"instock","11":"shipping-taxable","12":"product-type-simple"},"acf":[],"yoast_head":"<!-- This site is optimized with the Yoast SEO plugin v27.1.1 - https:\/\/yoast.com\/product\/yoast-seo-wordpress\/ -->\n<title>Davit arm 610mm, mast en vaste adapter - Espace confin\u00e9 avec Condor Safety<\/title>\n<meta name=\"robots\" content=\"index, follow, max-snippet:-1, max-image-preview:large, max-video-preview:-1\" \/>\n<link rel=\"canonical\" href=\"https:\/\/espacesconfines.be\/nl\/product\/in-8003-stam-en-mast\/\" \/>\n<meta property=\"og:locale\" content=\"nl_NL\" \/>\n<meta property=\"og:type\" content=\"article\" \/>\n<meta property=\"og:title\" content=\"Davit arm 610mm, mast en vaste adapter - Espace confin\u00e9 avec Condor Safety\" \/>\n<meta property=\"og:description\" content=\"Mast, beugel en vloeradapter\" \/>\n<meta property=\"og:url\" content=\"https:\/\/espacesconfines.be\/nl\/product\/in-8003-stam-en-mast\/\" \/>\n<meta property=\"og:site_name\" content=\"Espace confin\u00e9 avec Condor Safety\" \/>\n<meta property=\"article:modified_time\" content=\"2025-08-14T12:15:40+00:00\" \/>\n<meta property=\"og:image\" content=\"https:\/\/espacesconfines.be\/wp-content\/uploads\/2025\/06\/Xtirpa-8003-IN2005-confined-space-610mm-2422-davit-arm-floor-adapter-1.webp\" \/>\n\t<meta property=\"og:image:width\" content=\"1800\" \/>\n\t<meta property=\"og:image:height\" content=\"2409\" \/>\n\t<meta property=\"og:image:type\" content=\"image\/webp\" \/>\n<meta name=\"twitter:card\" content=\"summary_large_image\" \/>\n<meta name=\"twitter:label1\" content=\"Geschatte leestijd\" \/>\n\t<meta name=\"twitter:data1\" content=\"1 minuut\" \/>\n<script type=\"application\/ld+json\" class=\"yoast-schema-graph\">{\"@context\":\"https:\/\/schema.org\",\"@graph\":[{\"@type\":\"WebPage\",\"@id\":\"https:\/\/espacesconfines.be\/nl\/product\/in-8003-stam-en-mast\/\",\"url\":\"https:\/\/espacesconfines.be\/nl\/product\/in-8003-stam-en-mast\/\",\"name\":\"Davit arm 610mm, mast en vaste adapter - Espace confin\u00e9 avec Condor Safety\",\"isPartOf\":{\"@id\":\"https:\/\/espacesconfines.be\/nl\/#website\"},\"primaryImageOfPage\":{\"@id\":\"https:\/\/espacesconfines.be\/nl\/product\/in-8003-stam-en-mast\/#primaryimage\"},\"image\":{\"@id\":\"https:\/\/espacesconfines.be\/nl\/product\/in-8003-stam-en-mast\/#primaryimage\"},\"thumbnailUrl\":\"https:\/\/espacesconfines.be\/wp-content\/uploads\/2025\/06\/Xtirpa-8003-IN2005-confined-space-610mm-2422-davit-arm-floor-adapter-1.webp\",\"datePublished\":\"2025-06-23T17:05:11+00:00\",\"dateModified\":\"2025-08-14T12:15:40+00:00\",\"breadcrumb\":{\"@id\":\"https:\/\/espacesconfines.be\/nl\/product\/in-8003-stam-en-mast\/#breadcrumb\"},\"inLanguage\":\"nl-NL\",\"potentialAction\":[{\"@type\":\"ReadAction\",\"target\":[\"https:\/\/espacesconfines.be\/nl\/product\/in-8003-stam-en-mast\/\"]}]},{\"@type\":\"ImageObject\",\"inLanguage\":\"nl-NL\",\"@id\":\"https:\/\/espacesconfines.be\/nl\/product\/in-8003-stam-en-mast\/#primaryimage\",\"url\":\"https:\/\/espacesconfines.be\/wp-content\/uploads\/2025\/06\/Xtirpa-8003-IN2005-confined-space-610mm-2422-davit-arm-floor-adapter-1.webp\",\"contentUrl\":\"https:\/\/espacesconfines.be\/wp-content\/uploads\/2025\/06\/Xtirpa-8003-IN2005-confined-space-610mm-2422-davit-arm-floor-adapter-1.webp\",\"width\":1800,\"height\":2409},{\"@type\":\"BreadcrumbList\",\"@id\":\"https:\/\/espacesconfines.be\/nl\/product\/in-8003-stam-en-mast\/#breadcrumb\",\"itemListElement\":[{\"@type\":\"ListItem\",\"position\":1,\"name\":\"Home\",\"item\":\"https:\/\/espacesconfines.be\/nl\/home\/\"},{\"@type\":\"ListItem\",\"position\":2,\"name\":\"Producten\",\"item\":\"https:\/\/espacesconfines.be\/nl\/shop\/\"},{\"@type\":\"ListItem\",\"position\":3,\"name\":\"Davit arm 610mm, mast en vaste adapter\"}]},{\"@type\":\"WebSite\",\"@id\":\"https:\/\/espacesconfines.be\/nl\/#website\",\"url\":\"https:\/\/espacesconfines.be\/nl\/\",\"name\":\"Espace confin\u00e9 avec Condor Safety\",\"description\":\"Acc\u00e8s, protection, sauvetage : votre s\u00e9curit\u00e9 en espace confin\u00e9 sans compromis.\",\"publisher\":{\"@id\":\"https:\/\/espacesconfines.be\/nl\/#organization\"},\"potentialAction\":[{\"@type\":\"SearchAction\",\"target\":{\"@type\":\"EntryPoint\",\"urlTemplate\":\"https:\/\/espacesconfines.be\/nl\/?s={search_term_string}\"},\"query-input\":{\"@type\":\"PropertyValueSpecification\",\"valueRequired\":true,\"valueName\":\"search_term_string\"}}],\"inLanguage\":\"nl-NL\"},{\"@type\":\"Organization\",\"@id\":\"https:\/\/espacesconfines.be\/nl\/#organization\",\"name\":\"Condor Safety Espace confin\u00e9\",\"url\":\"https:\/\/espacesconfines.be\/nl\/\",\"logo\":{\"@type\":\"ImageObject\",\"inLanguage\":\"nl-NL\",\"@id\":\"https:\/\/espacesconfines.be\/nl\/#\/schema\/logo\/image\/\",\"url\":\"https:\/\/espacesconfines.be\/wp-content\/uploads\/2025\/07\/cropped-condor-safety-logo-web-ico.png\",\"contentUrl\":\"https:\/\/espacesconfines.be\/wp-content\/uploads\/2025\/07\/cropped-condor-safety-logo-web-ico.png\",\"width\":512,\"height\":512,\"caption\":\"Condor Safety Espace confin\u00e9\"},\"image\":{\"@id\":\"https:\/\/espacesconfines.be\/nl\/#\/schema\/logo\/image\/\"},\"sameAs\":[\"https:\/\/www.linkedin.com\/showcase\/confinedspace\/\"]}]}<\/script>\n<!-- \/ Yoast SEO plugin. -->","yoast_head_json":{"title":"Davit arm 610mm, mast en vaste adapter - Espace confin\u00e9 avec Condor Safety","robots":{"index":"index","follow":"follow","max-snippet":"max-snippet:-1","max-image-preview":"max-image-preview:large","max-video-preview":"max-video-preview:-1"},"canonical":"https:\/\/espacesconfines.be\/nl\/product\/in-8003-stam-en-mast\/","og_locale":"nl_NL","og_type":"article","og_title":"Davit arm 610mm, mast en vaste adapter - Espace confin\u00e9 avec Condor Safety","og_description":"Mast, beugel en vloeradapter","og_url":"https:\/\/espacesconfines.be\/nl\/product\/in-8003-stam-en-mast\/","og_site_name":"Espace confin\u00e9 avec Condor Safety","article_modified_time":"2025-08-14T12:15:40+00:00","og_image":[{"width":1800,"height":2409,"url":"https:\/\/espacesconfines.be\/wp-content\/uploads\/2025\/06\/Xtirpa-8003-IN2005-confined-space-610mm-2422-davit-arm-floor-adapter-1.webp","type":"image\/webp"}],"twitter_card":"summary_large_image","twitter_misc":{"Geschatte leestijd":"1 minuut"},"schema":{"@context":"https:\/\/schema.org","@graph":[{"@type":"WebPage","@id":"https:\/\/espacesconfines.be\/nl\/product\/in-8003-stam-en-mast\/","url":"https:\/\/espacesconfines.be\/nl\/product\/in-8003-stam-en-mast\/","name":"Davit arm 610mm, mast en vaste adapter - Espace confin\u00e9 avec Condor Safety","isPartOf":{"@id":"https:\/\/espacesconfines.be\/nl\/#website"},"primaryImageOfPage":{"@id":"https:\/\/espacesconfines.be\/nl\/product\/in-8003-stam-en-mast\/#primaryimage"},"image":{"@id":"https:\/\/espacesconfines.be\/nl\/product\/in-8003-stam-en-mast\/#primaryimage"},"thumbnailUrl":"https:\/\/espacesconfines.be\/wp-content\/uploads\/2025\/06\/Xtirpa-8003-IN2005-confined-space-610mm-2422-davit-arm-floor-adapter-1.webp","datePublished":"2025-06-23T17:05:11+00:00","dateModified":"2025-08-14T12:15:40+00:00","breadcrumb":{"@id":"https:\/\/espacesconfines.be\/nl\/product\/in-8003-stam-en-mast\/#breadcrumb"},"inLanguage":"nl-NL","potentialAction":[{"@type":"ReadAction","target":["https:\/\/espacesconfines.be\/nl\/product\/in-8003-stam-en-mast\/"]}]},{"@type":"ImageObject","inLanguage":"nl-NL","@id":"https:\/\/espacesconfines.be\/nl\/product\/in-8003-stam-en-mast\/#primaryimage","url":"https:\/\/espacesconfines.be\/wp-content\/uploads\/2025\/06\/Xtirpa-8003-IN2005-confined-space-610mm-2422-davit-arm-floor-adapter-1.webp","contentUrl":"https:\/\/espacesconfines.be\/wp-content\/uploads\/2025\/06\/Xtirpa-8003-IN2005-confined-space-610mm-2422-davit-arm-floor-adapter-1.webp","width":1800,"height":2409},{"@type":"BreadcrumbList","@id":"https:\/\/espacesconfines.be\/nl\/product\/in-8003-stam-en-mast\/#breadcrumb","itemListElement":[{"@type":"ListItem","position":1,"name":"Home","item":"https:\/\/espacesconfines.be\/nl\/home\/"},{"@type":"ListItem","position":2,"name":"Producten","item":"https:\/\/espacesconfines.be\/nl\/shop\/"},{"@type":"ListItem","position":3,"name":"Davit arm 610mm, mast en vaste adapter"}]},{"@type":"WebSite","@id":"https:\/\/espacesconfines.be\/nl\/#website","url":"https:\/\/espacesconfines.be\/nl\/","name":"Espace confin\u00e9 avec Condor Safety","description":"Acc\u00e8s, protection, sauvetage : votre s\u00e9curit\u00e9 en espace confin\u00e9 sans compromis.","publisher":{"@id":"https:\/\/espacesconfines.be\/nl\/#organization"},"potentialAction":[{"@type":"SearchAction","target":{"@type":"EntryPoint","urlTemplate":"https:\/\/espacesconfines.be\/nl\/?s={search_term_string}"},"query-input":{"@type":"PropertyValueSpecification","valueRequired":true,"valueName":"search_term_string"}}],"inLanguage":"nl-NL"},{"@type":"Organization","@id":"https:\/\/espacesconfines.be\/nl\/#organization","name":"Condor Safety Espace confin\u00e9","url":"https:\/\/espacesconfines.be\/nl\/","logo":{"@type":"ImageObject","inLanguage":"nl-NL","@id":"https:\/\/espacesconfines.be\/nl\/#\/schema\/logo\/image\/","url":"https:\/\/espacesconfines.be\/wp-content\/uploads\/2025\/07\/cropped-condor-safety-logo-web-ico.png","contentUrl":"https:\/\/espacesconfines.be\/wp-content\/uploads\/2025\/07\/cropped-condor-safety-logo-web-ico.png","width":512,"height":512,"caption":"Condor Safety Espace confin\u00e9"},"image":{"@id":"https:\/\/espacesconfines.be\/nl\/#\/schema\/logo\/image\/"},"sameAs":["https:\/\/www.linkedin.com\/showcase\/confinedspace\/"]}]}},"_links":{"self":[{"href":"https:\/\/espacesconfines.be\/nl\/wp-json\/wp\/v2\/product\/2494","targetHints":{"allow":["GET"]}}],"collection":[{"href":"https:\/\/espacesconfines.be\/nl\/wp-json\/wp\/v2\/product"}],"about":[{"href":"https:\/\/espacesconfines.be\/nl\/wp-json\/wp\/v2\/types\/product"}],"version-history":[{"count":2,"href":"https:\/\/espacesconfines.be\/nl\/wp-json\/wp\/v2\/product\/2494\/revisions"}],"predecessor-version":[{"id":3938,"href":"https:\/\/espacesconfines.be\/nl\/wp-json\/wp\/v2\/product\/2494\/revisions\/3938"}],"wp:featuredmedia":[{"embeddable":true,"href":"https:\/\/espacesconfines.be\/nl\/wp-json\/wp\/v2\/media\/2201"}],"wp:attachment":[{"href":"https:\/\/espacesconfines.be\/nl\/wp-json\/wp\/v2\/media?parent=2494"}],"wp:term":[{"taxonomy":"product_brand","embeddable":true,"href":"https:\/\/espacesconfines.be\/nl\/wp-json\/wp\/v2\/product_brand?post=2494"},{"taxonomy":"product_cat","embeddable":true,"href":"https:\/\/espacesconfines.be\/nl\/wp-json\/wp\/v2\/product_cat?post=2494"},{"taxonomy":"product_tag","embeddable":true,"href":"https:\/\/espacesconfines.be\/nl\/wp-json\/wp\/v2\/product_tag?post=2494"}],"curies":[{"name":"wp","href":"https:\/\/api.w.org\/{rel}","templated":true}]}}