{"id":2496,"date":"2025-06-23T19:22:19","date_gmt":"2025-06-23T19:22:19","guid":{"rendered":"https:\/\/espacesconfines.be\/product\/in-8005-maststeun-1200mm-bereik\/"},"modified":"2025-08-14T12:14:48","modified_gmt":"2025-08-14T12:14:48","slug":"in-8005-maststeun-1200mm-bereik","status":"publish","type":"product","link":"https:\/\/espacesconfines.be\/nl\/product\/in-8005-maststeun-1200mm-bereik\/","title":{"rendered":"Davit arm 1200mm, mast en vaste adapter"},"content":{"rendered":"<p style=\"font-weight: 400;\"><strong>Groter bereik<\/strong><\/p>\n<p style=\"font-weight: 400;\">De IN 8005 is een robuuste telescopische davit arm met een verstelbaar bereik van 762 tot 1219 mm<\/p>\n<p style=\"font-weight: 400;\"><strong>Aangepaste adapters in functie van de structuur<\/strong><\/p>\n<p style=\"font-weight: 400;\">Het IN-8005 systeem bestaat uit een mast IN-2240, een IN-2237 davit arm en een vloeradapter of muuradapter. Het systeem is ideaal voor verticale betredingen in besloten ruimten waar er een mogelijkheid bestaat om een vaste adapter aan de muur of op de vloer te verankeren. De mast (10kg) en de arm (23kg) kunnen afzonderlijk gedragen worden<\/p>\n<p style=\"font-weight: 400;\"><strong>Universele mast met verlengstukken<\/strong><\/p>\n<p style=\"font-weight: 400;\">De mast en de davit arm kan men tijdens een evacuatie 360\u00b0 draaien. Men kan de mast verlengen met behulp van de verlengstukken wanneer men gebruikt maakt van een vloeradapter of muuradapter.<\/p>\n<p style=\"font-weight: 400;\"><strong>Valblok met reddingsfunctie \/ winch compatibiliteit<\/strong><\/p>\n<p style=\"font-weight: 400;\">De IN-8005 is compatibel met verschillende lieren waaronder de Xtirpa\u2122 winch (IN-2477). Er bestaan verschillende bevestigingsbeugels voor een breed gamma van valblokken met evacuatiehendel. Met behulp van de winch adaptor (A2237-06) kan men een tweede valblok of lier monteren op de davitarm. Het supplementair ankerpunt (A2237-17) biedt extra opties voor een touwtakel of een aangedreven personenwinch.<\/p>\n<p style=\"font-weight: 400;\"><strong>Sterk ankerpunt voor 3 personen<\/strong><\/p>\n<p style=\"font-weight: 400;\">Het verankeringspunt van de davitarm is ontworpen voor een veilige werklast tot 164 kg en heeft een minimum breuksterkte van 16 kN, waardoor het voldoet aan de EN-, OSHA-, ANSI- en CSA-normen. Het systeem is gecertificeerd voor maximaal drie personen volgens de CEN\/TS 16415. De stalen D-verankering in het midden van de arm heeft een breuksterkte van 22 kN.<\/p>\n<p style=\"font-weight: 400;\"><strong>Snelle, intu\u00eftieve installatie en verplaatsing<\/strong><\/p>\n<p style=\"font-weight: 400;\">Het systeem wordt in slechts enkele minuten en zonder gereedschap ge\u00efnstalleerd: de mast wordt op de adapter geplaatst, de davit-arm wordt op de mast vergrendeld aan de hand van een veiligheidspen.<\/p>\n","protected":false},"excerpt":{"rendered":"<p style=\"font-weight: 400;\">Mast, draagarm 1200 mm<\/p>\n","protected":false},"featured_media":2225,"template":"","meta":{"_acf_changed":false},"product_brand":[109],"product_cat":[57],"product_tag":[],"class_list":{"0":"post-2496","1":"product","2":"type-product","3":"status-publish","4":"has-post-thumbnail","6":"product_brand-xtirpa-nl","7":"product_cat-verticaal","9":"first","10":"instock","11":"shipping-taxable","12":"product-type-simple"},"acf":[],"yoast_head":"<!-- This site is optimized with the Yoast SEO plugin v27.1.1 - https:\/\/yoast.com\/product\/yoast-seo-wordpress\/ -->\n<title>Davit arm 1200mm, mast en vaste adapter - Espace confin\u00e9 avec Condor Safety<\/title>\n<meta name=\"robots\" content=\"index, follow, max-snippet:-1, max-image-preview:large, max-video-preview:-1\" \/>\n<link rel=\"canonical\" href=\"https:\/\/espacesconfines.be\/nl\/product\/in-8005-maststeun-1200mm-bereik\/\" \/>\n<meta property=\"og:locale\" content=\"nl_NL\" \/>\n<meta property=\"og:type\" content=\"article\" \/>\n<meta property=\"og:title\" content=\"Davit arm 1200mm, mast en vaste adapter - Espace confin\u00e9 avec Condor Safety\" \/>\n<meta property=\"og:description\" content=\"Mast, draagarm 1200 mm\" \/>\n<meta property=\"og:url\" content=\"https:\/\/espacesconfines.be\/nl\/product\/in-8005-maststeun-1200mm-bereik\/\" \/>\n<meta property=\"og:site_name\" content=\"Espace confin\u00e9 avec Condor Safety\" \/>\n<meta property=\"article:modified_time\" content=\"2025-08-14T12:14:48+00:00\" \/>\n<meta property=\"og:image\" content=\"https:\/\/espacesconfines.be\/wp-content\/uploads\/2025\/06\/Xtirpa-8005-IN2238-confined-space-1219mm-4822-davit-arm-floor-adapter-1.webp\" \/>\n\t<meta property=\"og:image:width\" content=\"1800\" \/>\n\t<meta property=\"og:image:height\" content=\"1345\" \/>\n\t<meta property=\"og:image:type\" content=\"image\/webp\" \/>\n<meta name=\"twitter:card\" content=\"summary_large_image\" \/>\n<meta name=\"twitter:label1\" content=\"Geschatte leestijd\" \/>\n\t<meta name=\"twitter:data1\" content=\"1 minuut\" \/>\n<script type=\"application\/ld+json\" class=\"yoast-schema-graph\">{\"@context\":\"https:\/\/schema.org\",\"@graph\":[{\"@type\":\"WebPage\",\"@id\":\"https:\/\/espacesconfines.be\/nl\/product\/in-8005-maststeun-1200mm-bereik\/\",\"url\":\"https:\/\/espacesconfines.be\/nl\/product\/in-8005-maststeun-1200mm-bereik\/\",\"name\":\"Davit arm 1200mm, mast en vaste adapter - Espace confin\u00e9 avec Condor Safety\",\"isPartOf\":{\"@id\":\"https:\/\/espacesconfines.be\/nl\/#website\"},\"primaryImageOfPage\":{\"@id\":\"https:\/\/espacesconfines.be\/nl\/product\/in-8005-maststeun-1200mm-bereik\/#primaryimage\"},\"image\":{\"@id\":\"https:\/\/espacesconfines.be\/nl\/product\/in-8005-maststeun-1200mm-bereik\/#primaryimage\"},\"thumbnailUrl\":\"https:\/\/espacesconfines.be\/wp-content\/uploads\/2025\/06\/Xtirpa-8005-IN2238-confined-space-1219mm-4822-davit-arm-floor-adapter-1.webp\",\"datePublished\":\"2025-06-23T19:22:19+00:00\",\"dateModified\":\"2025-08-14T12:14:48+00:00\",\"breadcrumb\":{\"@id\":\"https:\/\/espacesconfines.be\/nl\/product\/in-8005-maststeun-1200mm-bereik\/#breadcrumb\"},\"inLanguage\":\"nl-NL\",\"potentialAction\":[{\"@type\":\"ReadAction\",\"target\":[\"https:\/\/espacesconfines.be\/nl\/product\/in-8005-maststeun-1200mm-bereik\/\"]}]},{\"@type\":\"ImageObject\",\"inLanguage\":\"nl-NL\",\"@id\":\"https:\/\/espacesconfines.be\/nl\/product\/in-8005-maststeun-1200mm-bereik\/#primaryimage\",\"url\":\"https:\/\/espacesconfines.be\/wp-content\/uploads\/2025\/06\/Xtirpa-8005-IN2238-confined-space-1219mm-4822-davit-arm-floor-adapter-1.webp\",\"contentUrl\":\"https:\/\/espacesconfines.be\/wp-content\/uploads\/2025\/06\/Xtirpa-8005-IN2238-confined-space-1219mm-4822-davit-arm-floor-adapter-1.webp\",\"width\":1800,\"height\":1345},{\"@type\":\"BreadcrumbList\",\"@id\":\"https:\/\/espacesconfines.be\/nl\/product\/in-8005-maststeun-1200mm-bereik\/#breadcrumb\",\"itemListElement\":[{\"@type\":\"ListItem\",\"position\":1,\"name\":\"Home\",\"item\":\"https:\/\/espacesconfines.be\/nl\/home\/\"},{\"@type\":\"ListItem\",\"position\":2,\"name\":\"Producten\",\"item\":\"https:\/\/espacesconfines.be\/nl\/shop\/\"},{\"@type\":\"ListItem\",\"position\":3,\"name\":\"Davit arm 1200mm, mast en vaste adapter\"}]},{\"@type\":\"WebSite\",\"@id\":\"https:\/\/espacesconfines.be\/nl\/#website\",\"url\":\"https:\/\/espacesconfines.be\/nl\/\",\"name\":\"Espace confin\u00e9 avec Condor Safety\",\"description\":\"Acc\u00e8s, protection, sauvetage : votre s\u00e9curit\u00e9 en espace confin\u00e9 sans compromis.\",\"publisher\":{\"@id\":\"https:\/\/espacesconfines.be\/nl\/#organization\"},\"potentialAction\":[{\"@type\":\"SearchAction\",\"target\":{\"@type\":\"EntryPoint\",\"urlTemplate\":\"https:\/\/espacesconfines.be\/nl\/?s={search_term_string}\"},\"query-input\":{\"@type\":\"PropertyValueSpecification\",\"valueRequired\":true,\"valueName\":\"search_term_string\"}}],\"inLanguage\":\"nl-NL\"},{\"@type\":\"Organization\",\"@id\":\"https:\/\/espacesconfines.be\/nl\/#organization\",\"name\":\"Condor Safety Espace confin\u00e9\",\"url\":\"https:\/\/espacesconfines.be\/nl\/\",\"logo\":{\"@type\":\"ImageObject\",\"inLanguage\":\"nl-NL\",\"@id\":\"https:\/\/espacesconfines.be\/nl\/#\/schema\/logo\/image\/\",\"url\":\"https:\/\/espacesconfines.be\/wp-content\/uploads\/2025\/07\/cropped-condor-safety-logo-web-ico.png\",\"contentUrl\":\"https:\/\/espacesconfines.be\/wp-content\/uploads\/2025\/07\/cropped-condor-safety-logo-web-ico.png\",\"width\":512,\"height\":512,\"caption\":\"Condor Safety Espace confin\u00e9\"},\"image\":{\"@id\":\"https:\/\/espacesconfines.be\/nl\/#\/schema\/logo\/image\/\"},\"sameAs\":[\"https:\/\/www.linkedin.com\/showcase\/confinedspace\/\"]}]}<\/script>\n<!-- \/ Yoast SEO plugin. -->","yoast_head_json":{"title":"Davit arm 1200mm, mast en vaste adapter - Espace confin\u00e9 avec Condor Safety","robots":{"index":"index","follow":"follow","max-snippet":"max-snippet:-1","max-image-preview":"max-image-preview:large","max-video-preview":"max-video-preview:-1"},"canonical":"https:\/\/espacesconfines.be\/nl\/product\/in-8005-maststeun-1200mm-bereik\/","og_locale":"nl_NL","og_type":"article","og_title":"Davit arm 1200mm, mast en vaste adapter - Espace confin\u00e9 avec Condor Safety","og_description":"Mast, draagarm 1200 mm","og_url":"https:\/\/espacesconfines.be\/nl\/product\/in-8005-maststeun-1200mm-bereik\/","og_site_name":"Espace confin\u00e9 avec Condor Safety","article_modified_time":"2025-08-14T12:14:48+00:00","og_image":[{"width":1800,"height":1345,"url":"https:\/\/espacesconfines.be\/wp-content\/uploads\/2025\/06\/Xtirpa-8005-IN2238-confined-space-1219mm-4822-davit-arm-floor-adapter-1.webp","type":"image\/webp"}],"twitter_card":"summary_large_image","twitter_misc":{"Geschatte leestijd":"1 minuut"},"schema":{"@context":"https:\/\/schema.org","@graph":[{"@type":"WebPage","@id":"https:\/\/espacesconfines.be\/nl\/product\/in-8005-maststeun-1200mm-bereik\/","url":"https:\/\/espacesconfines.be\/nl\/product\/in-8005-maststeun-1200mm-bereik\/","name":"Davit arm 1200mm, mast en vaste adapter - Espace confin\u00e9 avec Condor Safety","isPartOf":{"@id":"https:\/\/espacesconfines.be\/nl\/#website"},"primaryImageOfPage":{"@id":"https:\/\/espacesconfines.be\/nl\/product\/in-8005-maststeun-1200mm-bereik\/#primaryimage"},"image":{"@id":"https:\/\/espacesconfines.be\/nl\/product\/in-8005-maststeun-1200mm-bereik\/#primaryimage"},"thumbnailUrl":"https:\/\/espacesconfines.be\/wp-content\/uploads\/2025\/06\/Xtirpa-8005-IN2238-confined-space-1219mm-4822-davit-arm-floor-adapter-1.webp","datePublished":"2025-06-23T19:22:19+00:00","dateModified":"2025-08-14T12:14:48+00:00","breadcrumb":{"@id":"https:\/\/espacesconfines.be\/nl\/product\/in-8005-maststeun-1200mm-bereik\/#breadcrumb"},"inLanguage":"nl-NL","potentialAction":[{"@type":"ReadAction","target":["https:\/\/espacesconfines.be\/nl\/product\/in-8005-maststeun-1200mm-bereik\/"]}]},{"@type":"ImageObject","inLanguage":"nl-NL","@id":"https:\/\/espacesconfines.be\/nl\/product\/in-8005-maststeun-1200mm-bereik\/#primaryimage","url":"https:\/\/espacesconfines.be\/wp-content\/uploads\/2025\/06\/Xtirpa-8005-IN2238-confined-space-1219mm-4822-davit-arm-floor-adapter-1.webp","contentUrl":"https:\/\/espacesconfines.be\/wp-content\/uploads\/2025\/06\/Xtirpa-8005-IN2238-confined-space-1219mm-4822-davit-arm-floor-adapter-1.webp","width":1800,"height":1345},{"@type":"BreadcrumbList","@id":"https:\/\/espacesconfines.be\/nl\/product\/in-8005-maststeun-1200mm-bereik\/#breadcrumb","itemListElement":[{"@type":"ListItem","position":1,"name":"Home","item":"https:\/\/espacesconfines.be\/nl\/home\/"},{"@type":"ListItem","position":2,"name":"Producten","item":"https:\/\/espacesconfines.be\/nl\/shop\/"},{"@type":"ListItem","position":3,"name":"Davit arm 1200mm, mast en vaste adapter"}]},{"@type":"WebSite","@id":"https:\/\/espacesconfines.be\/nl\/#website","url":"https:\/\/espacesconfines.be\/nl\/","name":"Espace confin\u00e9 avec Condor Safety","description":"Acc\u00e8s, protection, sauvetage : votre s\u00e9curit\u00e9 en espace confin\u00e9 sans compromis.","publisher":{"@id":"https:\/\/espacesconfines.be\/nl\/#organization"},"potentialAction":[{"@type":"SearchAction","target":{"@type":"EntryPoint","urlTemplate":"https:\/\/espacesconfines.be\/nl\/?s={search_term_string}"},"query-input":{"@type":"PropertyValueSpecification","valueRequired":true,"valueName":"search_term_string"}}],"inLanguage":"nl-NL"},{"@type":"Organization","@id":"https:\/\/espacesconfines.be\/nl\/#organization","name":"Condor Safety Espace confin\u00e9","url":"https:\/\/espacesconfines.be\/nl\/","logo":{"@type":"ImageObject","inLanguage":"nl-NL","@id":"https:\/\/espacesconfines.be\/nl\/#\/schema\/logo\/image\/","url":"https:\/\/espacesconfines.be\/wp-content\/uploads\/2025\/07\/cropped-condor-safety-logo-web-ico.png","contentUrl":"https:\/\/espacesconfines.be\/wp-content\/uploads\/2025\/07\/cropped-condor-safety-logo-web-ico.png","width":512,"height":512,"caption":"Condor Safety Espace confin\u00e9"},"image":{"@id":"https:\/\/espacesconfines.be\/nl\/#\/schema\/logo\/image\/"},"sameAs":["https:\/\/www.linkedin.com\/showcase\/confinedspace\/"]}]}},"_links":{"self":[{"href":"https:\/\/espacesconfines.be\/nl\/wp-json\/wp\/v2\/product\/2496","targetHints":{"allow":["GET"]}}],"collection":[{"href":"https:\/\/espacesconfines.be\/nl\/wp-json\/wp\/v2\/product"}],"about":[{"href":"https:\/\/espacesconfines.be\/nl\/wp-json\/wp\/v2\/types\/product"}],"version-history":[{"count":2,"href":"https:\/\/espacesconfines.be\/nl\/wp-json\/wp\/v2\/product\/2496\/revisions"}],"predecessor-version":[{"id":3936,"href":"https:\/\/espacesconfines.be\/nl\/wp-json\/wp\/v2\/product\/2496\/revisions\/3936"}],"wp:featuredmedia":[{"embeddable":true,"href":"https:\/\/espacesconfines.be\/nl\/wp-json\/wp\/v2\/media\/2225"}],"wp:attachment":[{"href":"https:\/\/espacesconfines.be\/nl\/wp-json\/wp\/v2\/media?parent=2496"}],"wp:term":[{"taxonomy":"product_brand","embeddable":true,"href":"https:\/\/espacesconfines.be\/nl\/wp-json\/wp\/v2\/product_brand?post=2496"},{"taxonomy":"product_cat","embeddable":true,"href":"https:\/\/espacesconfines.be\/nl\/wp-json\/wp\/v2\/product_cat?post=2496"},{"taxonomy":"product_tag","embeddable":true,"href":"https:\/\/espacesconfines.be\/nl\/wp-json\/wp\/v2\/product_tag?post=2496"}],"curies":[{"name":"wp","href":"https:\/\/api.w.org\/{rel}","templated":true}]}}