{"id":2497,"date":"2025-06-24T14:12:54","date_gmt":"2025-06-24T14:12:54","guid":{"rendered":"https:\/\/espacesconfines.be\/product\/in-8006-maststeun-2400-mm-bereik\/"},"modified":"2025-08-14T12:14:25","modified_gmt":"2025-08-14T12:14:25","slug":"in-8006-maststeun-2400-mm-bereik","status":"publish","type":"product","link":"https:\/\/espacesconfines.be\/nl\/product\/in-8006-maststeun-2400-mm-bereik\/","title":{"rendered":"Davit arm 2400mm, mast en vaste adapter"},"content":{"rendered":"<p style=\"font-weight: 400;\"><strong>Uitzonderlijk bereik<\/strong><\/p>\n<p style=\"font-weight: 400;\">De IN-8006 is een telescopische arm met een vaste basis, ideaal voor veelvuldig werk in besloten ruimten. De telescopische arm vergroot het bereik van 1524 mm tot 2438 mm met behulp van een draaihendel. Dankzij het bereik van de Davit arm kan het systeem, \u00e9\u00e9nmaal ge\u00efnstalleerd, een veilige toegang bieden tot meerdere besloten ruimten.<\/p>\n<p style=\"font-weight: 400;\"><strong>Aangepaste vaste adapters<\/strong><\/p>\n<p style=\"font-weight: 400;\">Het IN-8006 systeem bestaat uit een mast IN-2199, een IN-2197 davit arm en een vaste adapter. Het systeem is ideaal voor verticale toegang in besloten ruimten waar er een mogelijkheid bestaat om een vaste adapter aan de muur of op de vloer te verankeren.<\/p>\n<p style=\"font-weight: 400;\"><strong>Universele mast met verlengstukken<\/strong><\/p>\n<p style=\"font-weight: 400;\">De universele mast is geschikt voor verschillende vaste vloer en muur adapters. De mast en de davit arm kan men tijdens een evacuatie 360\u00b0 draaien. Men kan de mast verlengen met behulp van de verlengstukken.<\/p>\n<p style=\"font-weight: 400;\"><strong>Valblok met reddingsfunctie \/ winch compatibiliteit<\/strong><\/p>\n<p style=\"font-weight: 400;\">De IN-8006 is compatibel met verschillende lieren waaronder de Xtirpa\u2122 winch (IN-2477). Er bestaan verschillende bevestigingsbeugels voor een breed gamma van valblokken met evacuatiehendel.<\/p>\n<p style=\"font-weight: 400;\"><strong>Sterk ankerpunt voor 3 personen<\/strong><\/p>\n<p style=\"font-weight: 400;\">Het verankeringspunt van de davitarm is ontworpen voor een veilige werklast tot 164 kg en heeft een minimum breuksterkte van 16 kN, waardoor het voldoet aan de EN-, OSHA-, ANSI- en CSA-normen. Het systeem is gecertificeerd voor maximaal drie personen volgens de CEN\/TS 16415. De stalen D-verankering aan de onderkant van de arm heeft een breuksterkte van 22 kN. Er zijn 2 adapters voor een SRL en personenwinch.<\/p>\n<p style=\"font-weight: 400;\"><strong>Intu\u00eftieve installatie<\/strong><\/p>\n<p style=\"font-weight: 400;\">Montage zonder gereedschap, beveiligd door veiligheidspennen<\/p>\n","protected":false},"excerpt":{"rendered":"<p style=\"font-weight: 400;\">Mast, davit arm 2400 mm<\/p>\n","protected":false},"featured_media":2300,"template":"","meta":{"_acf_changed":false},"product_brand":[109],"product_cat":[57],"product_tag":[],"class_list":{"0":"post-2497","1":"product","2":"type-product","3":"status-publish","4":"has-post-thumbnail","6":"product_brand-xtirpa-nl","7":"product_cat-verticaal","9":"first","10":"instock","11":"shipping-taxable","12":"product-type-simple"},"acf":[],"yoast_head":"<!-- This site is optimized with the Yoast SEO plugin v27.1.1 - https:\/\/yoast.com\/product\/yoast-seo-wordpress\/ -->\n<title>Davit arm 2400mm, mast en vaste adapter - Espace confin\u00e9 avec Condor Safety<\/title>\n<meta name=\"robots\" content=\"index, follow, max-snippet:-1, max-image-preview:large, max-video-preview:-1\" \/>\n<link rel=\"canonical\" href=\"https:\/\/espacesconfines.be\/nl\/product\/in-8006-maststeun-2400-mm-bereik\/\" \/>\n<meta property=\"og:locale\" content=\"nl_NL\" \/>\n<meta property=\"og:type\" content=\"article\" \/>\n<meta property=\"og:title\" content=\"Davit arm 2400mm, mast en vaste adapter - Espace confin\u00e9 avec Condor Safety\" \/>\n<meta property=\"og:description\" content=\"Mast, davit arm 2400 mm\" \/>\n<meta property=\"og:url\" content=\"https:\/\/espacesconfines.be\/nl\/product\/in-8006-maststeun-2400-mm-bereik\/\" \/>\n<meta property=\"og:site_name\" content=\"Espace confin\u00e9 avec Condor Safety\" \/>\n<meta property=\"article:modified_time\" content=\"2025-08-14T12:14:25+00:00\" \/>\n<meta property=\"og:image\" content=\"https:\/\/espacesconfines.be\/wp-content\/uploads\/2025\/06\/Xtirpa-8006-confined-space-2439mm-9622-davit-arm-floor-adapter-1.webp\" \/>\n\t<meta property=\"og:image:width\" content=\"1800\" \/>\n\t<meta property=\"og:image:height\" content=\"1350\" \/>\n\t<meta property=\"og:image:type\" content=\"image\/webp\" \/>\n<meta name=\"twitter:card\" content=\"summary_large_image\" \/>\n<meta name=\"twitter:label1\" content=\"Geschatte leestijd\" \/>\n\t<meta name=\"twitter:data1\" content=\"1 minuut\" \/>\n<script type=\"application\/ld+json\" class=\"yoast-schema-graph\">{\"@context\":\"https:\/\/schema.org\",\"@graph\":[{\"@type\":\"WebPage\",\"@id\":\"https:\/\/espacesconfines.be\/nl\/product\/in-8006-maststeun-2400-mm-bereik\/\",\"url\":\"https:\/\/espacesconfines.be\/nl\/product\/in-8006-maststeun-2400-mm-bereik\/\",\"name\":\"Davit arm 2400mm, mast en vaste adapter - Espace confin\u00e9 avec Condor Safety\",\"isPartOf\":{\"@id\":\"https:\/\/espacesconfines.be\/nl\/#website\"},\"primaryImageOfPage\":{\"@id\":\"https:\/\/espacesconfines.be\/nl\/product\/in-8006-maststeun-2400-mm-bereik\/#primaryimage\"},\"image\":{\"@id\":\"https:\/\/espacesconfines.be\/nl\/product\/in-8006-maststeun-2400-mm-bereik\/#primaryimage\"},\"thumbnailUrl\":\"https:\/\/espacesconfines.be\/wp-content\/uploads\/2025\/06\/Xtirpa-8006-confined-space-2439mm-9622-davit-arm-floor-adapter-1.webp\",\"datePublished\":\"2025-06-24T14:12:54+00:00\",\"dateModified\":\"2025-08-14T12:14:25+00:00\",\"breadcrumb\":{\"@id\":\"https:\/\/espacesconfines.be\/nl\/product\/in-8006-maststeun-2400-mm-bereik\/#breadcrumb\"},\"inLanguage\":\"nl-NL\",\"potentialAction\":[{\"@type\":\"ReadAction\",\"target\":[\"https:\/\/espacesconfines.be\/nl\/product\/in-8006-maststeun-2400-mm-bereik\/\"]}]},{\"@type\":\"ImageObject\",\"inLanguage\":\"nl-NL\",\"@id\":\"https:\/\/espacesconfines.be\/nl\/product\/in-8006-maststeun-2400-mm-bereik\/#primaryimage\",\"url\":\"https:\/\/espacesconfines.be\/wp-content\/uploads\/2025\/06\/Xtirpa-8006-confined-space-2439mm-9622-davit-arm-floor-adapter-1.webp\",\"contentUrl\":\"https:\/\/espacesconfines.be\/wp-content\/uploads\/2025\/06\/Xtirpa-8006-confined-space-2439mm-9622-davit-arm-floor-adapter-1.webp\",\"width\":1800,\"height\":1350},{\"@type\":\"BreadcrumbList\",\"@id\":\"https:\/\/espacesconfines.be\/nl\/product\/in-8006-maststeun-2400-mm-bereik\/#breadcrumb\",\"itemListElement\":[{\"@type\":\"ListItem\",\"position\":1,\"name\":\"Home\",\"item\":\"https:\/\/espacesconfines.be\/nl\/home\/\"},{\"@type\":\"ListItem\",\"position\":2,\"name\":\"Producten\",\"item\":\"https:\/\/espacesconfines.be\/nl\/shop\/\"},{\"@type\":\"ListItem\",\"position\":3,\"name\":\"Davit arm 2400mm, mast en vaste adapter\"}]},{\"@type\":\"WebSite\",\"@id\":\"https:\/\/espacesconfines.be\/nl\/#website\",\"url\":\"https:\/\/espacesconfines.be\/nl\/\",\"name\":\"Espace confin\u00e9 avec Condor Safety\",\"description\":\"Acc\u00e8s, protection, sauvetage : votre s\u00e9curit\u00e9 en espace confin\u00e9 sans compromis.\",\"publisher\":{\"@id\":\"https:\/\/espacesconfines.be\/nl\/#organization\"},\"potentialAction\":[{\"@type\":\"SearchAction\",\"target\":{\"@type\":\"EntryPoint\",\"urlTemplate\":\"https:\/\/espacesconfines.be\/nl\/?s={search_term_string}\"},\"query-input\":{\"@type\":\"PropertyValueSpecification\",\"valueRequired\":true,\"valueName\":\"search_term_string\"}}],\"inLanguage\":\"nl-NL\"},{\"@type\":\"Organization\",\"@id\":\"https:\/\/espacesconfines.be\/nl\/#organization\",\"name\":\"Condor Safety Espace confin\u00e9\",\"url\":\"https:\/\/espacesconfines.be\/nl\/\",\"logo\":{\"@type\":\"ImageObject\",\"inLanguage\":\"nl-NL\",\"@id\":\"https:\/\/espacesconfines.be\/nl\/#\/schema\/logo\/image\/\",\"url\":\"https:\/\/espacesconfines.be\/wp-content\/uploads\/2025\/07\/cropped-condor-safety-logo-web-ico.png\",\"contentUrl\":\"https:\/\/espacesconfines.be\/wp-content\/uploads\/2025\/07\/cropped-condor-safety-logo-web-ico.png\",\"width\":512,\"height\":512,\"caption\":\"Condor Safety Espace confin\u00e9\"},\"image\":{\"@id\":\"https:\/\/espacesconfines.be\/nl\/#\/schema\/logo\/image\/\"},\"sameAs\":[\"https:\/\/www.linkedin.com\/showcase\/confinedspace\/\"]}]}<\/script>\n<!-- \/ Yoast SEO plugin. -->","yoast_head_json":{"title":"Davit arm 2400mm, mast en vaste adapter - Espace confin\u00e9 avec Condor Safety","robots":{"index":"index","follow":"follow","max-snippet":"max-snippet:-1","max-image-preview":"max-image-preview:large","max-video-preview":"max-video-preview:-1"},"canonical":"https:\/\/espacesconfines.be\/nl\/product\/in-8006-maststeun-2400-mm-bereik\/","og_locale":"nl_NL","og_type":"article","og_title":"Davit arm 2400mm, mast en vaste adapter - Espace confin\u00e9 avec Condor Safety","og_description":"Mast, davit arm 2400 mm","og_url":"https:\/\/espacesconfines.be\/nl\/product\/in-8006-maststeun-2400-mm-bereik\/","og_site_name":"Espace confin\u00e9 avec Condor Safety","article_modified_time":"2025-08-14T12:14:25+00:00","og_image":[{"width":1800,"height":1350,"url":"https:\/\/espacesconfines.be\/wp-content\/uploads\/2025\/06\/Xtirpa-8006-confined-space-2439mm-9622-davit-arm-floor-adapter-1.webp","type":"image\/webp"}],"twitter_card":"summary_large_image","twitter_misc":{"Geschatte leestijd":"1 minuut"},"schema":{"@context":"https:\/\/schema.org","@graph":[{"@type":"WebPage","@id":"https:\/\/espacesconfines.be\/nl\/product\/in-8006-maststeun-2400-mm-bereik\/","url":"https:\/\/espacesconfines.be\/nl\/product\/in-8006-maststeun-2400-mm-bereik\/","name":"Davit arm 2400mm, mast en vaste adapter - Espace confin\u00e9 avec Condor Safety","isPartOf":{"@id":"https:\/\/espacesconfines.be\/nl\/#website"},"primaryImageOfPage":{"@id":"https:\/\/espacesconfines.be\/nl\/product\/in-8006-maststeun-2400-mm-bereik\/#primaryimage"},"image":{"@id":"https:\/\/espacesconfines.be\/nl\/product\/in-8006-maststeun-2400-mm-bereik\/#primaryimage"},"thumbnailUrl":"https:\/\/espacesconfines.be\/wp-content\/uploads\/2025\/06\/Xtirpa-8006-confined-space-2439mm-9622-davit-arm-floor-adapter-1.webp","datePublished":"2025-06-24T14:12:54+00:00","dateModified":"2025-08-14T12:14:25+00:00","breadcrumb":{"@id":"https:\/\/espacesconfines.be\/nl\/product\/in-8006-maststeun-2400-mm-bereik\/#breadcrumb"},"inLanguage":"nl-NL","potentialAction":[{"@type":"ReadAction","target":["https:\/\/espacesconfines.be\/nl\/product\/in-8006-maststeun-2400-mm-bereik\/"]}]},{"@type":"ImageObject","inLanguage":"nl-NL","@id":"https:\/\/espacesconfines.be\/nl\/product\/in-8006-maststeun-2400-mm-bereik\/#primaryimage","url":"https:\/\/espacesconfines.be\/wp-content\/uploads\/2025\/06\/Xtirpa-8006-confined-space-2439mm-9622-davit-arm-floor-adapter-1.webp","contentUrl":"https:\/\/espacesconfines.be\/wp-content\/uploads\/2025\/06\/Xtirpa-8006-confined-space-2439mm-9622-davit-arm-floor-adapter-1.webp","width":1800,"height":1350},{"@type":"BreadcrumbList","@id":"https:\/\/espacesconfines.be\/nl\/product\/in-8006-maststeun-2400-mm-bereik\/#breadcrumb","itemListElement":[{"@type":"ListItem","position":1,"name":"Home","item":"https:\/\/espacesconfines.be\/nl\/home\/"},{"@type":"ListItem","position":2,"name":"Producten","item":"https:\/\/espacesconfines.be\/nl\/shop\/"},{"@type":"ListItem","position":3,"name":"Davit arm 2400mm, mast en vaste adapter"}]},{"@type":"WebSite","@id":"https:\/\/espacesconfines.be\/nl\/#website","url":"https:\/\/espacesconfines.be\/nl\/","name":"Espace confin\u00e9 avec Condor Safety","description":"Acc\u00e8s, protection, sauvetage : votre s\u00e9curit\u00e9 en espace confin\u00e9 sans compromis.","publisher":{"@id":"https:\/\/espacesconfines.be\/nl\/#organization"},"potentialAction":[{"@type":"SearchAction","target":{"@type":"EntryPoint","urlTemplate":"https:\/\/espacesconfines.be\/nl\/?s={search_term_string}"},"query-input":{"@type":"PropertyValueSpecification","valueRequired":true,"valueName":"search_term_string"}}],"inLanguage":"nl-NL"},{"@type":"Organization","@id":"https:\/\/espacesconfines.be\/nl\/#organization","name":"Condor Safety Espace confin\u00e9","url":"https:\/\/espacesconfines.be\/nl\/","logo":{"@type":"ImageObject","inLanguage":"nl-NL","@id":"https:\/\/espacesconfines.be\/nl\/#\/schema\/logo\/image\/","url":"https:\/\/espacesconfines.be\/wp-content\/uploads\/2025\/07\/cropped-condor-safety-logo-web-ico.png","contentUrl":"https:\/\/espacesconfines.be\/wp-content\/uploads\/2025\/07\/cropped-condor-safety-logo-web-ico.png","width":512,"height":512,"caption":"Condor Safety Espace confin\u00e9"},"image":{"@id":"https:\/\/espacesconfines.be\/nl\/#\/schema\/logo\/image\/"},"sameAs":["https:\/\/www.linkedin.com\/showcase\/confinedspace\/"]}]}},"_links":{"self":[{"href":"https:\/\/espacesconfines.be\/nl\/wp-json\/wp\/v2\/product\/2497","targetHints":{"allow":["GET"]}}],"collection":[{"href":"https:\/\/espacesconfines.be\/nl\/wp-json\/wp\/v2\/product"}],"about":[{"href":"https:\/\/espacesconfines.be\/nl\/wp-json\/wp\/v2\/types\/product"}],"version-history":[{"count":2,"href":"https:\/\/espacesconfines.be\/nl\/wp-json\/wp\/v2\/product\/2497\/revisions"}],"predecessor-version":[{"id":3935,"href":"https:\/\/espacesconfines.be\/nl\/wp-json\/wp\/v2\/product\/2497\/revisions\/3935"}],"wp:featuredmedia":[{"embeddable":true,"href":"https:\/\/espacesconfines.be\/nl\/wp-json\/wp\/v2\/media\/2300"}],"wp:attachment":[{"href":"https:\/\/espacesconfines.be\/nl\/wp-json\/wp\/v2\/media?parent=2497"}],"wp:term":[{"taxonomy":"product_brand","embeddable":true,"href":"https:\/\/espacesconfines.be\/nl\/wp-json\/wp\/v2\/product_brand?post=2497"},{"taxonomy":"product_cat","embeddable":true,"href":"https:\/\/espacesconfines.be\/nl\/wp-json\/wp\/v2\/product_cat?post=2497"},{"taxonomy":"product_tag","embeddable":true,"href":"https:\/\/espacesconfines.be\/nl\/wp-json\/wp\/v2\/product_tag?post=2497"}],"curies":[{"name":"wp","href":"https:\/\/api.w.org\/{rel}","templated":true}]}}