{"id":2498,"date":"2025-06-24T14:48:34","date_gmt":"2025-06-24T14:48:34","guid":{"rendered":"https:\/\/espacesconfines.be\/product\/in-8007-6100-mm-bereik-t-stabilisatiestang\/"},"modified":"2025-08-14T12:13:58","modified_gmt":"2025-08-14T12:13:58","slug":"in-8007-6100-mm-bereik-t-stabilisatiestang","status":"publish","type":"product","link":"https:\/\/espacesconfines.be\/nl\/product\/in-8007-6100-mm-bereik-t-stabilisatiestang\/","title":{"rendered":"Davit arm 610mm, mast, T-stabilisator met mobiel contragewicht ,C-vloerklem of vaste muuradapter"},"content":{"rendered":"<p style=\"font-weight: 400;\"><strong>Brede waaier van adapters in functie van de structuur<\/strong><\/p>\n<p style=\"font-weight: 400;\">Het IN-8007 systeem bestaat uit een mast IN-2003, een IN-2210 davit arm en een T-stabilisator IN-2204. Het betredingssysteem kan als mobiel en vast ankerpunt ge\u00efnstalleerd worden. Dankzij het ruime gamma aan accessoires kan men de T-stabilisator op een trekhaak (50 mm), een mobiel contragewicht of op een mezzanine fixeren. Dit biedt een innovatieve en flexibele reddingsoplossing voor de verticale betreding van schachten, putten, sleuven en mangaten.<\/p>\n<p style=\"font-weight: 400;\"><strong>Valblok met reddingsfunctie \/ winch compatibiliteit<\/strong><\/p>\n<p style=\"font-weight: 400;\">De IN-8003 is compatibel met verschillende lieren waaronder de Xtirpa\u2122 winch (IN-2477). Er bestaan verschillende bevestigingsbeugels voor een breed gamma van valblokken met reddingsfunctie.<\/p>\n<p style=\"font-weight: 400;\"><strong>Sterk ankerpunt voor 2 personen<\/strong><\/p>\n<p style=\"font-weight: 400;\">Het betredingssysteem is ontworpen voor een veilige werklast tot 164 kg en heeft een minimum breuksterkte van 16kN, waardoor het voldoet aan de EN-, OSHA-, ANSI- en CSA-normen. Het systeem is gecertificeerd voor maximaal twee personen volgens de CEN\/TS 16415. De stalen D-verankering in het midden van de arm heeft een breuksterkte van 22 kN.<\/p>\n<p style=\"font-weight: 400;\"><strong>Snelle, intu\u00eftieve installatie en verplaatsing<\/strong><\/p>\n<p style=\"font-weight: 400;\">Het systeem wordt in slechts enkele minuten en zonder gereedschap ge\u00efnstalleerd: de mast wordt op de stabilisator geplaatst en de davit-arm wordt op de mast gepositioneerd aan de hand van veiligheidspennen.<\/p>\n","protected":false},"excerpt":{"rendered":"<p style=\"font-weight: 400;\">Mast, davit arm 2400 mm<\/p>\n","protected":false},"featured_media":2260,"template":"","meta":{"_acf_changed":false},"product_brand":[109],"product_cat":[57],"product_tag":[],"class_list":{"0":"post-2498","1":"product","2":"type-product","3":"status-publish","4":"has-post-thumbnail","6":"product_brand-xtirpa-nl","7":"product_cat-verticaal","9":"first","10":"instock","11":"shipping-taxable","12":"product-type-simple"},"acf":[],"yoast_head":"<!-- This site is optimized with the Yoast SEO plugin v27.1.1 - https:\/\/yoast.com\/product\/yoast-seo-wordpress\/ -->\n<title>Davit arm 610mm, mast, T-stabilisator met mobiel contragewicht ,C-vloerklem of vaste muuradapter - Espace confin\u00e9 avec Condor Safety<\/title>\n<meta name=\"robots\" content=\"index, follow, max-snippet:-1, max-image-preview:large, max-video-preview:-1\" \/>\n<link rel=\"canonical\" href=\"https:\/\/espacesconfines.be\/nl\/product\/in-8007-6100-mm-bereik-t-stabilisatiestang\/\" \/>\n<meta property=\"og:locale\" content=\"nl_NL\" \/>\n<meta property=\"og:type\" content=\"article\" \/>\n<meta property=\"og:title\" content=\"Davit arm 610mm, mast, T-stabilisator met mobiel contragewicht ,C-vloerklem of vaste muuradapter - Espace confin\u00e9 avec Condor Safety\" \/>\n<meta property=\"og:description\" content=\"Mast, davit arm 2400 mm\" \/>\n<meta property=\"og:url\" content=\"https:\/\/espacesconfines.be\/nl\/product\/in-8007-6100-mm-bereik-t-stabilisatiestang\/\" \/>\n<meta property=\"og:site_name\" content=\"Espace confin\u00e9 avec Condor Safety\" \/>\n<meta property=\"article:modified_time\" content=\"2025-08-14T12:13:58+00:00\" \/>\n<meta property=\"og:image\" content=\"https:\/\/espacesconfines.be\/wp-content\/uploads\/2025\/06\/Xtirpa-8007-IN2204-A212614-confined-space-610mm-2422-davit-arm-hitch-mount-stabilizer-3.webp\" \/>\n\t<meta property=\"og:image:width\" content=\"1800\" \/>\n\t<meta property=\"og:image:height\" content=\"2400\" \/>\n\t<meta property=\"og:image:type\" content=\"image\/webp\" \/>\n<meta name=\"twitter:card\" content=\"summary_large_image\" \/>\n<meta name=\"twitter:label1\" content=\"Geschatte leestijd\" \/>\n\t<meta name=\"twitter:data1\" content=\"1 minuut\" \/>\n<script type=\"application\/ld+json\" class=\"yoast-schema-graph\">{\"@context\":\"https:\/\/schema.org\",\"@graph\":[{\"@type\":\"WebPage\",\"@id\":\"https:\/\/espacesconfines.be\/nl\/product\/in-8007-6100-mm-bereik-t-stabilisatiestang\/\",\"url\":\"https:\/\/espacesconfines.be\/nl\/product\/in-8007-6100-mm-bereik-t-stabilisatiestang\/\",\"name\":\"Davit arm 610mm, mast, T-stabilisator met mobiel contragewicht ,C-vloerklem of vaste muuradapter - Espace confin\u00e9 avec Condor Safety\",\"isPartOf\":{\"@id\":\"https:\/\/espacesconfines.be\/nl\/#website\"},\"primaryImageOfPage\":{\"@id\":\"https:\/\/espacesconfines.be\/nl\/product\/in-8007-6100-mm-bereik-t-stabilisatiestang\/#primaryimage\"},\"image\":{\"@id\":\"https:\/\/espacesconfines.be\/nl\/product\/in-8007-6100-mm-bereik-t-stabilisatiestang\/#primaryimage\"},\"thumbnailUrl\":\"https:\/\/espacesconfines.be\/wp-content\/uploads\/2025\/06\/Xtirpa-8007-IN2204-A212614-confined-space-610mm-2422-davit-arm-hitch-mount-stabilizer-3.webp\",\"datePublished\":\"2025-06-24T14:48:34+00:00\",\"dateModified\":\"2025-08-14T12:13:58+00:00\",\"breadcrumb\":{\"@id\":\"https:\/\/espacesconfines.be\/nl\/product\/in-8007-6100-mm-bereik-t-stabilisatiestang\/#breadcrumb\"},\"inLanguage\":\"nl-NL\",\"potentialAction\":[{\"@type\":\"ReadAction\",\"target\":[\"https:\/\/espacesconfines.be\/nl\/product\/in-8007-6100-mm-bereik-t-stabilisatiestang\/\"]}]},{\"@type\":\"ImageObject\",\"inLanguage\":\"nl-NL\",\"@id\":\"https:\/\/espacesconfines.be\/nl\/product\/in-8007-6100-mm-bereik-t-stabilisatiestang\/#primaryimage\",\"url\":\"https:\/\/espacesconfines.be\/wp-content\/uploads\/2025\/06\/Xtirpa-8007-IN2204-A212614-confined-space-610mm-2422-davit-arm-hitch-mount-stabilizer-3.webp\",\"contentUrl\":\"https:\/\/espacesconfines.be\/wp-content\/uploads\/2025\/06\/Xtirpa-8007-IN2204-A212614-confined-space-610mm-2422-davit-arm-hitch-mount-stabilizer-3.webp\",\"width\":1800,\"height\":2400},{\"@type\":\"BreadcrumbList\",\"@id\":\"https:\/\/espacesconfines.be\/nl\/product\/in-8007-6100-mm-bereik-t-stabilisatiestang\/#breadcrumb\",\"itemListElement\":[{\"@type\":\"ListItem\",\"position\":1,\"name\":\"Home\",\"item\":\"https:\/\/espacesconfines.be\/nl\/home\/\"},{\"@type\":\"ListItem\",\"position\":2,\"name\":\"Producten\",\"item\":\"https:\/\/espacesconfines.be\/nl\/shop\/\"},{\"@type\":\"ListItem\",\"position\":3,\"name\":\"Davit arm 610mm, mast, T-stabilisator met mobiel contragewicht ,C-vloerklem of vaste muuradapter\"}]},{\"@type\":\"WebSite\",\"@id\":\"https:\/\/espacesconfines.be\/nl\/#website\",\"url\":\"https:\/\/espacesconfines.be\/nl\/\",\"name\":\"Espace confin\u00e9 avec Condor Safety\",\"description\":\"Acc\u00e8s, protection, sauvetage : votre s\u00e9curit\u00e9 en espace confin\u00e9 sans compromis.\",\"publisher\":{\"@id\":\"https:\/\/espacesconfines.be\/nl\/#organization\"},\"potentialAction\":[{\"@type\":\"SearchAction\",\"target\":{\"@type\":\"EntryPoint\",\"urlTemplate\":\"https:\/\/espacesconfines.be\/nl\/?s={search_term_string}\"},\"query-input\":{\"@type\":\"PropertyValueSpecification\",\"valueRequired\":true,\"valueName\":\"search_term_string\"}}],\"inLanguage\":\"nl-NL\"},{\"@type\":\"Organization\",\"@id\":\"https:\/\/espacesconfines.be\/nl\/#organization\",\"name\":\"Condor Safety Espace confin\u00e9\",\"url\":\"https:\/\/espacesconfines.be\/nl\/\",\"logo\":{\"@type\":\"ImageObject\",\"inLanguage\":\"nl-NL\",\"@id\":\"https:\/\/espacesconfines.be\/nl\/#\/schema\/logo\/image\/\",\"url\":\"https:\/\/espacesconfines.be\/wp-content\/uploads\/2025\/07\/cropped-condor-safety-logo-web-ico.png\",\"contentUrl\":\"https:\/\/espacesconfines.be\/wp-content\/uploads\/2025\/07\/cropped-condor-safety-logo-web-ico.png\",\"width\":512,\"height\":512,\"caption\":\"Condor Safety Espace confin\u00e9\"},\"image\":{\"@id\":\"https:\/\/espacesconfines.be\/nl\/#\/schema\/logo\/image\/\"},\"sameAs\":[\"https:\/\/www.linkedin.com\/showcase\/confinedspace\/\"]}]}<\/script>\n<!-- \/ Yoast SEO plugin. -->","yoast_head_json":{"title":"Davit arm 610mm, mast, T-stabilisator met mobiel contragewicht ,C-vloerklem of vaste muuradapter - Espace confin\u00e9 avec Condor Safety","robots":{"index":"index","follow":"follow","max-snippet":"max-snippet:-1","max-image-preview":"max-image-preview:large","max-video-preview":"max-video-preview:-1"},"canonical":"https:\/\/espacesconfines.be\/nl\/product\/in-8007-6100-mm-bereik-t-stabilisatiestang\/","og_locale":"nl_NL","og_type":"article","og_title":"Davit arm 610mm, mast, T-stabilisator met mobiel contragewicht ,C-vloerklem of vaste muuradapter - Espace confin\u00e9 avec Condor Safety","og_description":"Mast, davit arm 2400 mm","og_url":"https:\/\/espacesconfines.be\/nl\/product\/in-8007-6100-mm-bereik-t-stabilisatiestang\/","og_site_name":"Espace confin\u00e9 avec Condor Safety","article_modified_time":"2025-08-14T12:13:58+00:00","og_image":[{"width":1800,"height":2400,"url":"https:\/\/espacesconfines.be\/wp-content\/uploads\/2025\/06\/Xtirpa-8007-IN2204-A212614-confined-space-610mm-2422-davit-arm-hitch-mount-stabilizer-3.webp","type":"image\/webp"}],"twitter_card":"summary_large_image","twitter_misc":{"Geschatte leestijd":"1 minuut"},"schema":{"@context":"https:\/\/schema.org","@graph":[{"@type":"WebPage","@id":"https:\/\/espacesconfines.be\/nl\/product\/in-8007-6100-mm-bereik-t-stabilisatiestang\/","url":"https:\/\/espacesconfines.be\/nl\/product\/in-8007-6100-mm-bereik-t-stabilisatiestang\/","name":"Davit arm 610mm, mast, T-stabilisator met mobiel contragewicht ,C-vloerklem of vaste muuradapter - Espace confin\u00e9 avec Condor Safety","isPartOf":{"@id":"https:\/\/espacesconfines.be\/nl\/#website"},"primaryImageOfPage":{"@id":"https:\/\/espacesconfines.be\/nl\/product\/in-8007-6100-mm-bereik-t-stabilisatiestang\/#primaryimage"},"image":{"@id":"https:\/\/espacesconfines.be\/nl\/product\/in-8007-6100-mm-bereik-t-stabilisatiestang\/#primaryimage"},"thumbnailUrl":"https:\/\/espacesconfines.be\/wp-content\/uploads\/2025\/06\/Xtirpa-8007-IN2204-A212614-confined-space-610mm-2422-davit-arm-hitch-mount-stabilizer-3.webp","datePublished":"2025-06-24T14:48:34+00:00","dateModified":"2025-08-14T12:13:58+00:00","breadcrumb":{"@id":"https:\/\/espacesconfines.be\/nl\/product\/in-8007-6100-mm-bereik-t-stabilisatiestang\/#breadcrumb"},"inLanguage":"nl-NL","potentialAction":[{"@type":"ReadAction","target":["https:\/\/espacesconfines.be\/nl\/product\/in-8007-6100-mm-bereik-t-stabilisatiestang\/"]}]},{"@type":"ImageObject","inLanguage":"nl-NL","@id":"https:\/\/espacesconfines.be\/nl\/product\/in-8007-6100-mm-bereik-t-stabilisatiestang\/#primaryimage","url":"https:\/\/espacesconfines.be\/wp-content\/uploads\/2025\/06\/Xtirpa-8007-IN2204-A212614-confined-space-610mm-2422-davit-arm-hitch-mount-stabilizer-3.webp","contentUrl":"https:\/\/espacesconfines.be\/wp-content\/uploads\/2025\/06\/Xtirpa-8007-IN2204-A212614-confined-space-610mm-2422-davit-arm-hitch-mount-stabilizer-3.webp","width":1800,"height":2400},{"@type":"BreadcrumbList","@id":"https:\/\/espacesconfines.be\/nl\/product\/in-8007-6100-mm-bereik-t-stabilisatiestang\/#breadcrumb","itemListElement":[{"@type":"ListItem","position":1,"name":"Home","item":"https:\/\/espacesconfines.be\/nl\/home\/"},{"@type":"ListItem","position":2,"name":"Producten","item":"https:\/\/espacesconfines.be\/nl\/shop\/"},{"@type":"ListItem","position":3,"name":"Davit arm 610mm, mast, T-stabilisator met mobiel contragewicht ,C-vloerklem of vaste muuradapter"}]},{"@type":"WebSite","@id":"https:\/\/espacesconfines.be\/nl\/#website","url":"https:\/\/espacesconfines.be\/nl\/","name":"Espace confin\u00e9 avec Condor Safety","description":"Acc\u00e8s, protection, sauvetage : votre s\u00e9curit\u00e9 en espace confin\u00e9 sans compromis.","publisher":{"@id":"https:\/\/espacesconfines.be\/nl\/#organization"},"potentialAction":[{"@type":"SearchAction","target":{"@type":"EntryPoint","urlTemplate":"https:\/\/espacesconfines.be\/nl\/?s={search_term_string}"},"query-input":{"@type":"PropertyValueSpecification","valueRequired":true,"valueName":"search_term_string"}}],"inLanguage":"nl-NL"},{"@type":"Organization","@id":"https:\/\/espacesconfines.be\/nl\/#organization","name":"Condor Safety Espace confin\u00e9","url":"https:\/\/espacesconfines.be\/nl\/","logo":{"@type":"ImageObject","inLanguage":"nl-NL","@id":"https:\/\/espacesconfines.be\/nl\/#\/schema\/logo\/image\/","url":"https:\/\/espacesconfines.be\/wp-content\/uploads\/2025\/07\/cropped-condor-safety-logo-web-ico.png","contentUrl":"https:\/\/espacesconfines.be\/wp-content\/uploads\/2025\/07\/cropped-condor-safety-logo-web-ico.png","width":512,"height":512,"caption":"Condor Safety Espace confin\u00e9"},"image":{"@id":"https:\/\/espacesconfines.be\/nl\/#\/schema\/logo\/image\/"},"sameAs":["https:\/\/www.linkedin.com\/showcase\/confinedspace\/"]}]}},"_links":{"self":[{"href":"https:\/\/espacesconfines.be\/nl\/wp-json\/wp\/v2\/product\/2498","targetHints":{"allow":["GET"]}}],"collection":[{"href":"https:\/\/espacesconfines.be\/nl\/wp-json\/wp\/v2\/product"}],"about":[{"href":"https:\/\/espacesconfines.be\/nl\/wp-json\/wp\/v2\/types\/product"}],"version-history":[{"count":2,"href":"https:\/\/espacesconfines.be\/nl\/wp-json\/wp\/v2\/product\/2498\/revisions"}],"predecessor-version":[{"id":3934,"href":"https:\/\/espacesconfines.be\/nl\/wp-json\/wp\/v2\/product\/2498\/revisions\/3934"}],"wp:featuredmedia":[{"embeddable":true,"href":"https:\/\/espacesconfines.be\/nl\/wp-json\/wp\/v2\/media\/2260"}],"wp:attachment":[{"href":"https:\/\/espacesconfines.be\/nl\/wp-json\/wp\/v2\/media?parent=2498"}],"wp:term":[{"taxonomy":"product_brand","embeddable":true,"href":"https:\/\/espacesconfines.be\/nl\/wp-json\/wp\/v2\/product_brand?post=2498"},{"taxonomy":"product_cat","embeddable":true,"href":"https:\/\/espacesconfines.be\/nl\/wp-json\/wp\/v2\/product_cat?post=2498"},{"taxonomy":"product_tag","embeddable":true,"href":"https:\/\/espacesconfines.be\/nl\/wp-json\/wp\/v2\/product_tag?post=2498"}],"curies":[{"name":"wp","href":"https:\/\/api.w.org\/{rel}","templated":true}]}}