{"id":2499,"date":"2025-06-24T15:40:28","date_gmt":"2025-06-24T15:40:28","guid":{"rendered":"https:\/\/espacesconfines.be\/product\/in-8008-hefpaal-voor-horizontale-toegang\/"},"modified":"2025-08-14T12:13:07","modified_gmt":"2025-08-14T12:13:07","slug":"in-8008-hefpaal-voor-horizontale-toegang","status":"publish","type":"product","link":"https:\/\/espacesconfines.be\/nl\/product\/in-8008-hefpaal-voor-horizontale-toegang\/","title":{"rendered":"Davit arm voor horizontale toegang"},"content":{"rendered":"<p style=\"font-weight: 400;\"><strong>Ontworpen voor zijdelingse toegang<\/strong><\/p>\n<p style=\"font-weight: 400;\">De IN 8008 is een lichtgewicht, modulair systeem ontworpen voor horizontale toegang in kleine ruimtes: silo\u2019s, tanks, mangaten. Hij kan worden uitgerust met IN-2337 of IN-2338 telescopische davit armen voor elke locatieconfiguratie. Hij kan ook worden uitgerust met verstelbare T-poten om de stabiliteit te verbeteren bij horizontaal of semi-verticaal gebruik.<\/p>\n<p style=\"font-weight: 400;\"><strong>Gecertificeerde veiligheid<\/strong><\/p>\n<p style=\"font-weight: 400;\">Het betredingssysteem is ontworpen voor een veilige werklast tot 164 kg en heeft een minimum breuksterkte van 16 kN, waardoor het voldoet aan de EN-, OSHA-, ANSI- en CSA-normen. Het systeem is gecertificeerd voor maximaal twee personen volgens de CEN\/TS 16415.<\/p>\n<p style=\"font-weight: 400;\"><strong>Veelzijdig<\/strong><\/p>\n<p style=\"font-weight: 400;\">Indien het mangat over een stevige flens beschikt, kan men het ankerpunt op de kop van de arm bevestigen aan de flensadapter IN-2242 die op de flens gefixeert wordt. Indien de tank niet stevig genoeg is om de flensadapter te bevestigen, kan men een ankerpunt cre\u00ebren met behulp van een autonoom in hoogte verstelbaar ankerpunt IN-2241 dat men met 1 bout op een stevige betonnen of stalen structuur moet fixeren. In functie van de hoogte van het mangat kan men tussen 3 verschillende T-voeten kiezen. De T-voeten zijn eveneens in hoogte verstelbaar. Om een hoek van 90\u00b0 te overschrijden tijdens een redding kan het gebruik van een <strong>rescue-slider<\/strong> de effici\u00ebntie en het comfort voor het slachtoffer verhogen.<\/p>\n<p style=\"font-weight: 400;\"><strong>Valblok met reddingsfunctie \/ winch compatibiliteit<\/strong><\/p>\n<p style=\"font-weight: 400;\">De IN-8008 is compatibel met verschillende lieren waaronder de Xtirpa\u2122 winch (IN-2477). Er bestaan verschillende bevestigingsbeugels voor een breed gamma van valblokken met reddingsfunctie.<\/p>\n<p style=\"font-weight: 400;\"><strong>Snelle installatie en intu\u00eftieve bediening<\/strong><\/p>\n<p style=\"font-weight: 400;\">Montage door \u00e9\u00e9n persoon in slechts enkele minuten: T-voet fixeren op de davitarm en daarna bevestigen aan een mobiel ankerpunt of steun. Perfect voor wisselende locaties of frequente werkzaamheden waarbij flexibiliteit vereist is.<\/p>\n","protected":false},"excerpt":{"rendered":"<p style=\"font-weight: 400;\">Mast, davit arm 2400 mm<\/p>\n","protected":false},"featured_media":2311,"template":"","meta":{"_acf_changed":false},"product_brand":[109],"product_cat":[58,57],"product_tag":[88],"class_list":{"0":"post-2499","1":"product","2":"type-product","3":"status-publish","4":"has-post-thumbnail","6":"product_brand-xtirpa-nl","7":"product_cat-horizontaal","8":"product_cat-verticaal","9":"product_tag-in-8008-nl","11":"first","12":"instock","13":"shipping-taxable","14":"product-type-simple"},"acf":[],"yoast_head":"<!-- This site is optimized with the Yoast SEO plugin v27.1.1 - https:\/\/yoast.com\/product\/yoast-seo-wordpress\/ -->\n<title>Davit arm voor horizontale toegang - Espace confin\u00e9 avec Condor Safety<\/title>\n<meta name=\"robots\" content=\"index, follow, max-snippet:-1, max-image-preview:large, max-video-preview:-1\" \/>\n<link rel=\"canonical\" href=\"https:\/\/espacesconfines.be\/nl\/product\/in-8008-hefpaal-voor-horizontale-toegang\/\" \/>\n<meta property=\"og:locale\" content=\"nl_NL\" \/>\n<meta property=\"og:type\" content=\"article\" \/>\n<meta property=\"og:title\" content=\"Davit arm voor horizontale toegang - Espace confin\u00e9 avec Condor Safety\" \/>\n<meta property=\"og:description\" content=\"Mast, davit arm 2400 mm\" \/>\n<meta property=\"og:url\" content=\"https:\/\/espacesconfines.be\/nl\/product\/in-8008-hefpaal-voor-horizontale-toegang\/\" \/>\n<meta property=\"og:site_name\" content=\"Espace confin\u00e9 avec Condor Safety\" \/>\n<meta property=\"article:modified_time\" content=\"2025-08-14T12:13:07+00:00\" \/>\n<meta property=\"og:image\" content=\"https:\/\/espacesconfines.be\/wp-content\/uploads\/2025\/06\/Xtirpa-8008-IN2337-confined-space-610mm-2422-davit-arm-pole-hoist-system-10.webp\" \/>\n\t<meta property=\"og:image:width\" content=\"1800\" \/>\n\t<meta property=\"og:image:height\" content=\"1350\" \/>\n\t<meta property=\"og:image:type\" content=\"image\/webp\" \/>\n<meta name=\"twitter:card\" content=\"summary_large_image\" \/>\n<meta name=\"twitter:label1\" content=\"Geschatte leestijd\" \/>\n\t<meta name=\"twitter:data1\" content=\"1 minuut\" \/>\n<script type=\"application\/ld+json\" class=\"yoast-schema-graph\">{\"@context\":\"https:\/\/schema.org\",\"@graph\":[{\"@type\":\"WebPage\",\"@id\":\"https:\/\/espacesconfines.be\/nl\/product\/in-8008-hefpaal-voor-horizontale-toegang\/\",\"url\":\"https:\/\/espacesconfines.be\/nl\/product\/in-8008-hefpaal-voor-horizontale-toegang\/\",\"name\":\"Davit arm voor horizontale toegang - Espace confin\u00e9 avec Condor Safety\",\"isPartOf\":{\"@id\":\"https:\/\/espacesconfines.be\/nl\/#website\"},\"primaryImageOfPage\":{\"@id\":\"https:\/\/espacesconfines.be\/nl\/product\/in-8008-hefpaal-voor-horizontale-toegang\/#primaryimage\"},\"image\":{\"@id\":\"https:\/\/espacesconfines.be\/nl\/product\/in-8008-hefpaal-voor-horizontale-toegang\/#primaryimage\"},\"thumbnailUrl\":\"https:\/\/espacesconfines.be\/wp-content\/uploads\/2025\/06\/Xtirpa-8008-IN2337-confined-space-610mm-2422-davit-arm-pole-hoist-system-10.webp\",\"datePublished\":\"2025-06-24T15:40:28+00:00\",\"dateModified\":\"2025-08-14T12:13:07+00:00\",\"breadcrumb\":{\"@id\":\"https:\/\/espacesconfines.be\/nl\/product\/in-8008-hefpaal-voor-horizontale-toegang\/#breadcrumb\"},\"inLanguage\":\"nl-NL\",\"potentialAction\":[{\"@type\":\"ReadAction\",\"target\":[\"https:\/\/espacesconfines.be\/nl\/product\/in-8008-hefpaal-voor-horizontale-toegang\/\"]}]},{\"@type\":\"ImageObject\",\"inLanguage\":\"nl-NL\",\"@id\":\"https:\/\/espacesconfines.be\/nl\/product\/in-8008-hefpaal-voor-horizontale-toegang\/#primaryimage\",\"url\":\"https:\/\/espacesconfines.be\/wp-content\/uploads\/2025\/06\/Xtirpa-8008-IN2337-confined-space-610mm-2422-davit-arm-pole-hoist-system-10.webp\",\"contentUrl\":\"https:\/\/espacesconfines.be\/wp-content\/uploads\/2025\/06\/Xtirpa-8008-IN2337-confined-space-610mm-2422-davit-arm-pole-hoist-system-10.webp\",\"width\":1800,\"height\":1350},{\"@type\":\"BreadcrumbList\",\"@id\":\"https:\/\/espacesconfines.be\/nl\/product\/in-8008-hefpaal-voor-horizontale-toegang\/#breadcrumb\",\"itemListElement\":[{\"@type\":\"ListItem\",\"position\":1,\"name\":\"Home\",\"item\":\"https:\/\/espacesconfines.be\/nl\/home\/\"},{\"@type\":\"ListItem\",\"position\":2,\"name\":\"Producten\",\"item\":\"https:\/\/espacesconfines.be\/nl\/shop\/\"},{\"@type\":\"ListItem\",\"position\":3,\"name\":\"Davit arm voor horizontale toegang\"}]},{\"@type\":\"WebSite\",\"@id\":\"https:\/\/espacesconfines.be\/nl\/#website\",\"url\":\"https:\/\/espacesconfines.be\/nl\/\",\"name\":\"Espace confin\u00e9 avec Condor Safety\",\"description\":\"Acc\u00e8s, protection, sauvetage : votre s\u00e9curit\u00e9 en espace confin\u00e9 sans compromis.\",\"publisher\":{\"@id\":\"https:\/\/espacesconfines.be\/nl\/#organization\"},\"potentialAction\":[{\"@type\":\"SearchAction\",\"target\":{\"@type\":\"EntryPoint\",\"urlTemplate\":\"https:\/\/espacesconfines.be\/nl\/?s={search_term_string}\"},\"query-input\":{\"@type\":\"PropertyValueSpecification\",\"valueRequired\":true,\"valueName\":\"search_term_string\"}}],\"inLanguage\":\"nl-NL\"},{\"@type\":\"Organization\",\"@id\":\"https:\/\/espacesconfines.be\/nl\/#organization\",\"name\":\"Condor Safety Espace confin\u00e9\",\"url\":\"https:\/\/espacesconfines.be\/nl\/\",\"logo\":{\"@type\":\"ImageObject\",\"inLanguage\":\"nl-NL\",\"@id\":\"https:\/\/espacesconfines.be\/nl\/#\/schema\/logo\/image\/\",\"url\":\"https:\/\/espacesconfines.be\/wp-content\/uploads\/2025\/07\/cropped-condor-safety-logo-web-ico.png\",\"contentUrl\":\"https:\/\/espacesconfines.be\/wp-content\/uploads\/2025\/07\/cropped-condor-safety-logo-web-ico.png\",\"width\":512,\"height\":512,\"caption\":\"Condor Safety Espace confin\u00e9\"},\"image\":{\"@id\":\"https:\/\/espacesconfines.be\/nl\/#\/schema\/logo\/image\/\"},\"sameAs\":[\"https:\/\/www.linkedin.com\/showcase\/confinedspace\/\"]}]}<\/script>\n<!-- \/ Yoast SEO plugin. -->","yoast_head_json":{"title":"Davit arm voor horizontale toegang - Espace confin\u00e9 avec Condor Safety","robots":{"index":"index","follow":"follow","max-snippet":"max-snippet:-1","max-image-preview":"max-image-preview:large","max-video-preview":"max-video-preview:-1"},"canonical":"https:\/\/espacesconfines.be\/nl\/product\/in-8008-hefpaal-voor-horizontale-toegang\/","og_locale":"nl_NL","og_type":"article","og_title":"Davit arm voor horizontale toegang - Espace confin\u00e9 avec Condor Safety","og_description":"Mast, davit arm 2400 mm","og_url":"https:\/\/espacesconfines.be\/nl\/product\/in-8008-hefpaal-voor-horizontale-toegang\/","og_site_name":"Espace confin\u00e9 avec Condor Safety","article_modified_time":"2025-08-14T12:13:07+00:00","og_image":[{"width":1800,"height":1350,"url":"https:\/\/espacesconfines.be\/wp-content\/uploads\/2025\/06\/Xtirpa-8008-IN2337-confined-space-610mm-2422-davit-arm-pole-hoist-system-10.webp","type":"image\/webp"}],"twitter_card":"summary_large_image","twitter_misc":{"Geschatte leestijd":"1 minuut"},"schema":{"@context":"https:\/\/schema.org","@graph":[{"@type":"WebPage","@id":"https:\/\/espacesconfines.be\/nl\/product\/in-8008-hefpaal-voor-horizontale-toegang\/","url":"https:\/\/espacesconfines.be\/nl\/product\/in-8008-hefpaal-voor-horizontale-toegang\/","name":"Davit arm voor horizontale toegang - Espace confin\u00e9 avec Condor Safety","isPartOf":{"@id":"https:\/\/espacesconfines.be\/nl\/#website"},"primaryImageOfPage":{"@id":"https:\/\/espacesconfines.be\/nl\/product\/in-8008-hefpaal-voor-horizontale-toegang\/#primaryimage"},"image":{"@id":"https:\/\/espacesconfines.be\/nl\/product\/in-8008-hefpaal-voor-horizontale-toegang\/#primaryimage"},"thumbnailUrl":"https:\/\/espacesconfines.be\/wp-content\/uploads\/2025\/06\/Xtirpa-8008-IN2337-confined-space-610mm-2422-davit-arm-pole-hoist-system-10.webp","datePublished":"2025-06-24T15:40:28+00:00","dateModified":"2025-08-14T12:13:07+00:00","breadcrumb":{"@id":"https:\/\/espacesconfines.be\/nl\/product\/in-8008-hefpaal-voor-horizontale-toegang\/#breadcrumb"},"inLanguage":"nl-NL","potentialAction":[{"@type":"ReadAction","target":["https:\/\/espacesconfines.be\/nl\/product\/in-8008-hefpaal-voor-horizontale-toegang\/"]}]},{"@type":"ImageObject","inLanguage":"nl-NL","@id":"https:\/\/espacesconfines.be\/nl\/product\/in-8008-hefpaal-voor-horizontale-toegang\/#primaryimage","url":"https:\/\/espacesconfines.be\/wp-content\/uploads\/2025\/06\/Xtirpa-8008-IN2337-confined-space-610mm-2422-davit-arm-pole-hoist-system-10.webp","contentUrl":"https:\/\/espacesconfines.be\/wp-content\/uploads\/2025\/06\/Xtirpa-8008-IN2337-confined-space-610mm-2422-davit-arm-pole-hoist-system-10.webp","width":1800,"height":1350},{"@type":"BreadcrumbList","@id":"https:\/\/espacesconfines.be\/nl\/product\/in-8008-hefpaal-voor-horizontale-toegang\/#breadcrumb","itemListElement":[{"@type":"ListItem","position":1,"name":"Home","item":"https:\/\/espacesconfines.be\/nl\/home\/"},{"@type":"ListItem","position":2,"name":"Producten","item":"https:\/\/espacesconfines.be\/nl\/shop\/"},{"@type":"ListItem","position":3,"name":"Davit arm voor horizontale toegang"}]},{"@type":"WebSite","@id":"https:\/\/espacesconfines.be\/nl\/#website","url":"https:\/\/espacesconfines.be\/nl\/","name":"Espace confin\u00e9 avec Condor Safety","description":"Acc\u00e8s, protection, sauvetage : votre s\u00e9curit\u00e9 en espace confin\u00e9 sans compromis.","publisher":{"@id":"https:\/\/espacesconfines.be\/nl\/#organization"},"potentialAction":[{"@type":"SearchAction","target":{"@type":"EntryPoint","urlTemplate":"https:\/\/espacesconfines.be\/nl\/?s={search_term_string}"},"query-input":{"@type":"PropertyValueSpecification","valueRequired":true,"valueName":"search_term_string"}}],"inLanguage":"nl-NL"},{"@type":"Organization","@id":"https:\/\/espacesconfines.be\/nl\/#organization","name":"Condor Safety Espace confin\u00e9","url":"https:\/\/espacesconfines.be\/nl\/","logo":{"@type":"ImageObject","inLanguage":"nl-NL","@id":"https:\/\/espacesconfines.be\/nl\/#\/schema\/logo\/image\/","url":"https:\/\/espacesconfines.be\/wp-content\/uploads\/2025\/07\/cropped-condor-safety-logo-web-ico.png","contentUrl":"https:\/\/espacesconfines.be\/wp-content\/uploads\/2025\/07\/cropped-condor-safety-logo-web-ico.png","width":512,"height":512,"caption":"Condor Safety Espace confin\u00e9"},"image":{"@id":"https:\/\/espacesconfines.be\/nl\/#\/schema\/logo\/image\/"},"sameAs":["https:\/\/www.linkedin.com\/showcase\/confinedspace\/"]}]}},"_links":{"self":[{"href":"https:\/\/espacesconfines.be\/nl\/wp-json\/wp\/v2\/product\/2499","targetHints":{"allow":["GET"]}}],"collection":[{"href":"https:\/\/espacesconfines.be\/nl\/wp-json\/wp\/v2\/product"}],"about":[{"href":"https:\/\/espacesconfines.be\/nl\/wp-json\/wp\/v2\/types\/product"}],"version-history":[{"count":2,"href":"https:\/\/espacesconfines.be\/nl\/wp-json\/wp\/v2\/product\/2499\/revisions"}],"predecessor-version":[{"id":3933,"href":"https:\/\/espacesconfines.be\/nl\/wp-json\/wp\/v2\/product\/2499\/revisions\/3933"}],"wp:featuredmedia":[{"embeddable":true,"href":"https:\/\/espacesconfines.be\/nl\/wp-json\/wp\/v2\/media\/2311"}],"wp:attachment":[{"href":"https:\/\/espacesconfines.be\/nl\/wp-json\/wp\/v2\/media?parent=2499"}],"wp:term":[{"taxonomy":"product_brand","embeddable":true,"href":"https:\/\/espacesconfines.be\/nl\/wp-json\/wp\/v2\/product_brand?post=2499"},{"taxonomy":"product_cat","embeddable":true,"href":"https:\/\/espacesconfines.be\/nl\/wp-json\/wp\/v2\/product_cat?post=2499"},{"taxonomy":"product_tag","embeddable":true,"href":"https:\/\/espacesconfines.be\/nl\/wp-json\/wp\/v2\/product_tag?post=2499"}],"curies":[{"name":"wp","href":"https:\/\/api.w.org\/{rel}","templated":true}]}}