{"id":2500,"date":"2025-06-24T16:10:46","date_gmt":"2025-06-24T16:10:46","guid":{"rendered":"https:\/\/espacesconfines.be\/product\/in-8010-steel-en-mobiele-adapter\/"},"modified":"2025-08-14T12:12:13","modified_gmt":"2025-08-14T12:12:13","slug":"in-8010-steel-en-mobiele-adapter","status":"publish","type":"product","link":"https:\/\/espacesconfines.be\/nl\/product\/in-8010-steel-en-mobiele-adapter\/","title":{"rendered":"Davit arm 610mm, mast, mobiele mangatkraag of mobiele muuradapter"},"content":{"rendered":"<p style=\"font-weight: 400;\"><strong>Uniek ontwerp<\/strong><\/p>\n<p style=\"font-weight: 400;\">Het systeem IN-8010 van Xtirpa\u2122 combineert een regelbare muuradapter IN-2008 met een mast IN-2003 en davitarm IN-2210. Dankzij het ingenieuze ontwerp kan de IN-8010 direct en zonder boren worden gemonteerd op verschillende type muren of wanden in staal of beton. Deze flexibiliteit maakt het ideaal voor tijdelijke werkzaamheden waar een structurele verankering geen optie of niet gewenst is.<\/p>\n<p style=\"font-weight: 400;\"><strong>Sterk ankerpunt voor 2 personen<\/strong><\/p>\n<p style=\"font-weight: 400;\">Het betredingssysteem is ontworpen voor een veilige werklast tot 164 kg en heeft een breuksterkte van 16kN, waardoor het voldoet aan de EN-, OSHA-, ANSI- en CSA-normen. Het systeem is gecertificeerd voor maximaal twee personen volgens de CEN\/TS 16415. De stalen D-verankering in het midden van de arm heeft een breuksterkte van 22 kN.<\/p>\n<p style=\"font-weight: 400;\"><strong>Valblok met reddingsfunctie \/ winch compatibiliteit<\/strong><\/p>\n<p style=\"font-weight: 400;\">De IN-8010 is compatibel met verschillende lieren waaronder de Xtirpa\u2122 winch (IN-2477). Er bestaan verschillende bevestigingsbeugels voor verschillende merken van valblokken met reddingsfunctie.<\/p>\n<p style=\"font-weight: 400;\"><strong>Uitbreidbaar met andere Xtirpa\u2122 davit armen.<\/strong><\/p>\n<p style=\"font-weight: 400;\">Het IN-8010 systeem is ontworpen om plaats te bieden aan verschillende soorten Xtirpa\u2122 davit armen, afhankelijk van de werksituatie. Als de werksituatie nu een korte arm, een verstelbare of vaste davit arm vereist, de adapter biedt een solide en stabiele basis voor effici\u00ebnt gebruik.<\/p>\n<p style=\"font-weight: 400;\"><strong>Snelle en intu\u00eftieve installatie<\/strong><\/p>\n<p style=\"font-weight: 400;\">Een van de sterke punten van het IN-8010 systeem is de snelle installatie door \u00e9\u00e9n enkele operator. De adapter wordt handmatig op de muur geplaatst en vervolgens vastgezet met ergonomische, stevige klemschroeven. Er is geen gereedschap nodig voor de installatie of verwijdering (afhankelijk van het model). Eenmaal bevestigd biedt de adapter een stabiele houder voor een verticale mast en davit arm.<\/p>\n","protected":false},"excerpt":{"rendered":"<p class=\"p1\">Wandmontage voor verticale toegang<\/p>\n<p>&nbsp;<\/p>\n","protected":false},"featured_media":2344,"template":"","meta":{"_acf_changed":false},"product_brand":[109],"product_cat":[57],"product_tag":[91],"class_list":{"0":"post-2500","1":"product","2":"type-product","3":"status-publish","4":"has-post-thumbnail","6":"product_brand-xtirpa-nl","7":"product_cat-verticaal","8":"product_tag-in-8010-nl","10":"first","11":"instock","12":"shipping-taxable","13":"product-type-simple"},"acf":[],"yoast_head":"<!-- This site is optimized with the Yoast SEO plugin v27.1.1 - https:\/\/yoast.com\/product\/yoast-seo-wordpress\/ -->\n<title>Davit arm 610mm, mast, mobiele mangatkraag of mobiele muuradapter - Espace confin\u00e9 avec Condor Safety<\/title>\n<meta name=\"robots\" content=\"index, follow, max-snippet:-1, max-image-preview:large, max-video-preview:-1\" \/>\n<link rel=\"canonical\" href=\"https:\/\/espacesconfines.be\/nl\/product\/in-8010-steel-en-mobiele-adapter\/\" \/>\n<meta property=\"og:locale\" content=\"nl_NL\" \/>\n<meta property=\"og:type\" content=\"article\" \/>\n<meta property=\"og:title\" content=\"Davit arm 610mm, mast, mobiele mangatkraag of mobiele muuradapter - Espace confin\u00e9 avec Condor Safety\" \/>\n<meta property=\"og:description\" content=\"Wandmontage voor verticale toegang &nbsp;\" \/>\n<meta property=\"og:url\" content=\"https:\/\/espacesconfines.be\/nl\/product\/in-8010-steel-en-mobiele-adapter\/\" \/>\n<meta property=\"og:site_name\" content=\"Espace confin\u00e9 avec Condor Safety\" \/>\n<meta property=\"article:modified_time\" content=\"2025-08-14T12:12:13+00:00\" \/>\n<meta property=\"og:image\" content=\"https:\/\/espacesconfines.be\/wp-content\/uploads\/2025\/06\/Xtirpa-8010-IN2008-confined-space-610mm-2422-davit-arm-adjustable-wall-adapter-3.webp\" \/>\n\t<meta property=\"og:image:width\" content=\"1800\" \/>\n\t<meta property=\"og:image:height\" content=\"2400\" \/>\n\t<meta property=\"og:image:type\" content=\"image\/webp\" \/>\n<meta name=\"twitter:card\" content=\"summary_large_image\" \/>\n<meta name=\"twitter:label1\" content=\"Geschatte leestijd\" \/>\n\t<meta name=\"twitter:data1\" content=\"1 minuut\" \/>\n<script type=\"application\/ld+json\" class=\"yoast-schema-graph\">{\"@context\":\"https:\/\/schema.org\",\"@graph\":[{\"@type\":\"WebPage\",\"@id\":\"https:\/\/espacesconfines.be\/nl\/product\/in-8010-steel-en-mobiele-adapter\/\",\"url\":\"https:\/\/espacesconfines.be\/nl\/product\/in-8010-steel-en-mobiele-adapter\/\",\"name\":\"Davit arm 610mm, mast, mobiele mangatkraag of mobiele muuradapter - Espace confin\u00e9 avec Condor Safety\",\"isPartOf\":{\"@id\":\"https:\/\/espacesconfines.be\/nl\/#website\"},\"primaryImageOfPage\":{\"@id\":\"https:\/\/espacesconfines.be\/nl\/product\/in-8010-steel-en-mobiele-adapter\/#primaryimage\"},\"image\":{\"@id\":\"https:\/\/espacesconfines.be\/nl\/product\/in-8010-steel-en-mobiele-adapter\/#primaryimage\"},\"thumbnailUrl\":\"https:\/\/espacesconfines.be\/wp-content\/uploads\/2025\/06\/Xtirpa-8010-IN2008-confined-space-610mm-2422-davit-arm-adjustable-wall-adapter-3.webp\",\"datePublished\":\"2025-06-24T16:10:46+00:00\",\"dateModified\":\"2025-08-14T12:12:13+00:00\",\"breadcrumb\":{\"@id\":\"https:\/\/espacesconfines.be\/nl\/product\/in-8010-steel-en-mobiele-adapter\/#breadcrumb\"},\"inLanguage\":\"nl-NL\",\"potentialAction\":[{\"@type\":\"ReadAction\",\"target\":[\"https:\/\/espacesconfines.be\/nl\/product\/in-8010-steel-en-mobiele-adapter\/\"]}]},{\"@type\":\"ImageObject\",\"inLanguage\":\"nl-NL\",\"@id\":\"https:\/\/espacesconfines.be\/nl\/product\/in-8010-steel-en-mobiele-adapter\/#primaryimage\",\"url\":\"https:\/\/espacesconfines.be\/wp-content\/uploads\/2025\/06\/Xtirpa-8010-IN2008-confined-space-610mm-2422-davit-arm-adjustable-wall-adapter-3.webp\",\"contentUrl\":\"https:\/\/espacesconfines.be\/wp-content\/uploads\/2025\/06\/Xtirpa-8010-IN2008-confined-space-610mm-2422-davit-arm-adjustable-wall-adapter-3.webp\",\"width\":1800,\"height\":2400},{\"@type\":\"BreadcrumbList\",\"@id\":\"https:\/\/espacesconfines.be\/nl\/product\/in-8010-steel-en-mobiele-adapter\/#breadcrumb\",\"itemListElement\":[{\"@type\":\"ListItem\",\"position\":1,\"name\":\"Home\",\"item\":\"https:\/\/espacesconfines.be\/nl\/home\/\"},{\"@type\":\"ListItem\",\"position\":2,\"name\":\"Producten\",\"item\":\"https:\/\/espacesconfines.be\/nl\/shop\/\"},{\"@type\":\"ListItem\",\"position\":3,\"name\":\"Davit arm 610mm, mast, mobiele mangatkraag of mobiele muuradapter\"}]},{\"@type\":\"WebSite\",\"@id\":\"https:\/\/espacesconfines.be\/nl\/#website\",\"url\":\"https:\/\/espacesconfines.be\/nl\/\",\"name\":\"Espace confin\u00e9 avec Condor Safety\",\"description\":\"Acc\u00e8s, protection, sauvetage : votre s\u00e9curit\u00e9 en espace confin\u00e9 sans compromis.\",\"publisher\":{\"@id\":\"https:\/\/espacesconfines.be\/nl\/#organization\"},\"potentialAction\":[{\"@type\":\"SearchAction\",\"target\":{\"@type\":\"EntryPoint\",\"urlTemplate\":\"https:\/\/espacesconfines.be\/nl\/?s={search_term_string}\"},\"query-input\":{\"@type\":\"PropertyValueSpecification\",\"valueRequired\":true,\"valueName\":\"search_term_string\"}}],\"inLanguage\":\"nl-NL\"},{\"@type\":\"Organization\",\"@id\":\"https:\/\/espacesconfines.be\/nl\/#organization\",\"name\":\"Condor Safety Espace confin\u00e9\",\"url\":\"https:\/\/espacesconfines.be\/nl\/\",\"logo\":{\"@type\":\"ImageObject\",\"inLanguage\":\"nl-NL\",\"@id\":\"https:\/\/espacesconfines.be\/nl\/#\/schema\/logo\/image\/\",\"url\":\"https:\/\/espacesconfines.be\/wp-content\/uploads\/2025\/07\/cropped-condor-safety-logo-web-ico.png\",\"contentUrl\":\"https:\/\/espacesconfines.be\/wp-content\/uploads\/2025\/07\/cropped-condor-safety-logo-web-ico.png\",\"width\":512,\"height\":512,\"caption\":\"Condor Safety Espace confin\u00e9\"},\"image\":{\"@id\":\"https:\/\/espacesconfines.be\/nl\/#\/schema\/logo\/image\/\"},\"sameAs\":[\"https:\/\/www.linkedin.com\/showcase\/confinedspace\/\"]}]}<\/script>\n<!-- \/ Yoast SEO plugin. -->","yoast_head_json":{"title":"Davit arm 610mm, mast, mobiele mangatkraag of mobiele muuradapter - Espace confin\u00e9 avec Condor Safety","robots":{"index":"index","follow":"follow","max-snippet":"max-snippet:-1","max-image-preview":"max-image-preview:large","max-video-preview":"max-video-preview:-1"},"canonical":"https:\/\/espacesconfines.be\/nl\/product\/in-8010-steel-en-mobiele-adapter\/","og_locale":"nl_NL","og_type":"article","og_title":"Davit arm 610mm, mast, mobiele mangatkraag of mobiele muuradapter - Espace confin\u00e9 avec Condor Safety","og_description":"Wandmontage voor verticale toegang &nbsp;","og_url":"https:\/\/espacesconfines.be\/nl\/product\/in-8010-steel-en-mobiele-adapter\/","og_site_name":"Espace confin\u00e9 avec Condor Safety","article_modified_time":"2025-08-14T12:12:13+00:00","og_image":[{"width":1800,"height":2400,"url":"https:\/\/espacesconfines.be\/wp-content\/uploads\/2025\/06\/Xtirpa-8010-IN2008-confined-space-610mm-2422-davit-arm-adjustable-wall-adapter-3.webp","type":"image\/webp"}],"twitter_card":"summary_large_image","twitter_misc":{"Geschatte leestijd":"1 minuut"},"schema":{"@context":"https:\/\/schema.org","@graph":[{"@type":"WebPage","@id":"https:\/\/espacesconfines.be\/nl\/product\/in-8010-steel-en-mobiele-adapter\/","url":"https:\/\/espacesconfines.be\/nl\/product\/in-8010-steel-en-mobiele-adapter\/","name":"Davit arm 610mm, mast, mobiele mangatkraag of mobiele muuradapter - Espace confin\u00e9 avec Condor Safety","isPartOf":{"@id":"https:\/\/espacesconfines.be\/nl\/#website"},"primaryImageOfPage":{"@id":"https:\/\/espacesconfines.be\/nl\/product\/in-8010-steel-en-mobiele-adapter\/#primaryimage"},"image":{"@id":"https:\/\/espacesconfines.be\/nl\/product\/in-8010-steel-en-mobiele-adapter\/#primaryimage"},"thumbnailUrl":"https:\/\/espacesconfines.be\/wp-content\/uploads\/2025\/06\/Xtirpa-8010-IN2008-confined-space-610mm-2422-davit-arm-adjustable-wall-adapter-3.webp","datePublished":"2025-06-24T16:10:46+00:00","dateModified":"2025-08-14T12:12:13+00:00","breadcrumb":{"@id":"https:\/\/espacesconfines.be\/nl\/product\/in-8010-steel-en-mobiele-adapter\/#breadcrumb"},"inLanguage":"nl-NL","potentialAction":[{"@type":"ReadAction","target":["https:\/\/espacesconfines.be\/nl\/product\/in-8010-steel-en-mobiele-adapter\/"]}]},{"@type":"ImageObject","inLanguage":"nl-NL","@id":"https:\/\/espacesconfines.be\/nl\/product\/in-8010-steel-en-mobiele-adapter\/#primaryimage","url":"https:\/\/espacesconfines.be\/wp-content\/uploads\/2025\/06\/Xtirpa-8010-IN2008-confined-space-610mm-2422-davit-arm-adjustable-wall-adapter-3.webp","contentUrl":"https:\/\/espacesconfines.be\/wp-content\/uploads\/2025\/06\/Xtirpa-8010-IN2008-confined-space-610mm-2422-davit-arm-adjustable-wall-adapter-3.webp","width":1800,"height":2400},{"@type":"BreadcrumbList","@id":"https:\/\/espacesconfines.be\/nl\/product\/in-8010-steel-en-mobiele-adapter\/#breadcrumb","itemListElement":[{"@type":"ListItem","position":1,"name":"Home","item":"https:\/\/espacesconfines.be\/nl\/home\/"},{"@type":"ListItem","position":2,"name":"Producten","item":"https:\/\/espacesconfines.be\/nl\/shop\/"},{"@type":"ListItem","position":3,"name":"Davit arm 610mm, mast, mobiele mangatkraag of mobiele muuradapter"}]},{"@type":"WebSite","@id":"https:\/\/espacesconfines.be\/nl\/#website","url":"https:\/\/espacesconfines.be\/nl\/","name":"Espace confin\u00e9 avec Condor Safety","description":"Acc\u00e8s, protection, sauvetage : votre s\u00e9curit\u00e9 en espace confin\u00e9 sans compromis.","publisher":{"@id":"https:\/\/espacesconfines.be\/nl\/#organization"},"potentialAction":[{"@type":"SearchAction","target":{"@type":"EntryPoint","urlTemplate":"https:\/\/espacesconfines.be\/nl\/?s={search_term_string}"},"query-input":{"@type":"PropertyValueSpecification","valueRequired":true,"valueName":"search_term_string"}}],"inLanguage":"nl-NL"},{"@type":"Organization","@id":"https:\/\/espacesconfines.be\/nl\/#organization","name":"Condor Safety Espace confin\u00e9","url":"https:\/\/espacesconfines.be\/nl\/","logo":{"@type":"ImageObject","inLanguage":"nl-NL","@id":"https:\/\/espacesconfines.be\/nl\/#\/schema\/logo\/image\/","url":"https:\/\/espacesconfines.be\/wp-content\/uploads\/2025\/07\/cropped-condor-safety-logo-web-ico.png","contentUrl":"https:\/\/espacesconfines.be\/wp-content\/uploads\/2025\/07\/cropped-condor-safety-logo-web-ico.png","width":512,"height":512,"caption":"Condor Safety Espace confin\u00e9"},"image":{"@id":"https:\/\/espacesconfines.be\/nl\/#\/schema\/logo\/image\/"},"sameAs":["https:\/\/www.linkedin.com\/showcase\/confinedspace\/"]}]}},"_links":{"self":[{"href":"https:\/\/espacesconfines.be\/nl\/wp-json\/wp\/v2\/product\/2500","targetHints":{"allow":["GET"]}}],"collection":[{"href":"https:\/\/espacesconfines.be\/nl\/wp-json\/wp\/v2\/product"}],"about":[{"href":"https:\/\/espacesconfines.be\/nl\/wp-json\/wp\/v2\/types\/product"}],"version-history":[{"count":2,"href":"https:\/\/espacesconfines.be\/nl\/wp-json\/wp\/v2\/product\/2500\/revisions"}],"predecessor-version":[{"id":3932,"href":"https:\/\/espacesconfines.be\/nl\/wp-json\/wp\/v2\/product\/2500\/revisions\/3932"}],"wp:featuredmedia":[{"embeddable":true,"href":"https:\/\/espacesconfines.be\/nl\/wp-json\/wp\/v2\/media\/2344"}],"wp:attachment":[{"href":"https:\/\/espacesconfines.be\/nl\/wp-json\/wp\/v2\/media?parent=2500"}],"wp:term":[{"taxonomy":"product_brand","embeddable":true,"href":"https:\/\/espacesconfines.be\/nl\/wp-json\/wp\/v2\/product_brand?post=2500"},{"taxonomy":"product_cat","embeddable":true,"href":"https:\/\/espacesconfines.be\/nl\/wp-json\/wp\/v2\/product_cat?post=2500"},{"taxonomy":"product_tag","embeddable":true,"href":"https:\/\/espacesconfines.be\/nl\/wp-json\/wp\/v2\/product_tag?post=2500"}],"curies":[{"name":"wp","href":"https:\/\/api.w.org\/{rel}","templated":true}]}}