{"id":2501,"date":"2025-06-25T11:51:15","date_gmt":"2025-06-25T11:51:15","guid":{"rendered":"https:\/\/espacesconfines.be\/product\/in-8011-grote-zelfdragende-barriere\/"},"modified":"2025-08-14T12:09:33","modified_gmt":"2025-08-14T12:09:33","slug":"in-8011-grote-zelfdragende-barriere","status":"publish","type":"product","link":"https:\/\/espacesconfines.be\/nl\/product\/in-8011-grote-zelfdragende-barriere\/","title":{"rendered":"Groot mobiel hekwerk met davit arm 610mm"},"content":{"rendered":"<p style=\"font-weight: 400;\"><strong>Collectieve bescherming<\/strong><\/p>\n<p style=\"font-weight: 400;\">De IN-8011 is een groot mobiel hekwerk waarop een davit arm met een bereik van 610mm bevestigd kan worden. Dit betredingssysteem is speciaal ontworpen voor het beveiligen van betreders boven verticale openingen (mangaten, luiken, enz.). Het hekwerk biedt een collectieve bescherming voor de veiligheidswacht of andere passanten.<\/p>\n<p style=\"font-weight: 400;\"><strong>V- of 4-zijdige configuratie<\/strong><\/p>\n<p style=\"font-weight: 400;\">Dankzij het modulaire ontwerp kan de gebruiker het hekwerk opstellen in een klassieke 4-zijdige configuratie of in een \u201cV\u201d-vorm. Men kan het hekwerk openen met behoud van stabiliteit. In een V-vorm of wanneer men een valblok van meer dan 15m gebruikt, dient men gebruik te maken van de extra stabilisator. De stabilisator met wielen (A2108-20) laat de gebruiker toe om het systeem op vlakke ondergrond verrijden.<\/p>\n<p style=\"font-weight: 400;\"><strong>Snelle installatie en verplaatsing<\/strong><\/p>\n<p style=\"font-weight: 400;\">Het systeem kan in minder dan 3 minuten worden ge\u00efnstalleerd, zonder gereedschap. De vergrendeling gebeurt met behulp van veiligheidspinnen. Het lichte en compacte hekwerk is gemakkelijk te vervoeren en zelfstandig te installeren.<\/p>\n<p style=\"font-weight: 400;\"><strong>Valblok met reddingsfunctie \/ winch compatibiliteit<\/strong><\/p>\n<p style=\"font-weight: 400;\">De IN-8002 is volledig compatibel met Xtirpa\u2122 winch (IN-2477) of een aangedreven personenwinch. Er bestaan verschillende bevestigingsbeugels voor verschillende merken van valblokken.<\/p>\n<p style=\"font-weight: 400;\"><strong>Sterk en stabiel ankerpunt voor 2 personen<\/strong><\/p>\n<p style=\"font-weight: 400;\">De davitarm in combinatie met het hekwerk heeft een breuksterkte van 18,68 kN en is meer stabiel na een val in vergelijking met een systeem met H-basis. De stalen D-verankering in het midden van de arm heeft een breuksterkte van 22 kN.<br \/>\nHet systeem is gecertificeerd volgens EN 795 type B, CE, OSHA, CSA en heeft een veilige werklast van 190 kg.<\/p>\n<p style=\"font-weight: 400;\"><strong>Vergelijking met de IN-8002<\/strong><\/p>\n<ul style=\"font-weight: 400;\">\n<li><strong>Breedte<\/strong>: Het mobiel hekwerk van de IN-8011 (1300mm) is groter dan de IN-8002 (960mm) en is ideaal voor brede luiken.<\/li>\n<li><strong>Modulariteit<\/strong>: Het mobiel hekwerk van de IN-8011 kan worden uitgebreid met extra modules, wat meer flexibiliteit biedt dan de IN-8002.<\/li>\n<\/ul>\n","protected":false},"excerpt":{"rendered":"<p class=\"p1\">Grote zelfdragende barri\u00e8re<\/p>\n","protected":false},"featured_media":2371,"template":"","meta":{"_acf_changed":false},"product_brand":[109],"product_cat":[57],"product_tag":[93],"class_list":{"0":"post-2501","1":"product","2":"type-product","3":"status-publish","4":"has-post-thumbnail","6":"product_brand-xtirpa-nl","7":"product_cat-verticaal","8":"product_tag-in-8011-nl","10":"first","11":"instock","12":"shipping-taxable","13":"product-type-simple"},"acf":[],"yoast_head":"<!-- This site is optimized with the Yoast SEO plugin v27.1.1 - https:\/\/yoast.com\/product\/yoast-seo-wordpress\/ -->\n<title>Groot mobiel hekwerk met davit arm 610mm - Espace confin\u00e9 avec Condor Safety<\/title>\n<meta name=\"robots\" content=\"index, follow, max-snippet:-1, max-image-preview:large, max-video-preview:-1\" \/>\n<link rel=\"canonical\" href=\"https:\/\/espacesconfines.be\/nl\/product\/in-8011-grote-zelfdragende-barriere\/\" \/>\n<meta property=\"og:locale\" content=\"nl_NL\" \/>\n<meta property=\"og:type\" content=\"article\" \/>\n<meta property=\"og:title\" content=\"Groot mobiel hekwerk met davit arm 610mm - Espace confin\u00e9 avec Condor Safety\" \/>\n<meta property=\"og:description\" content=\"Grote zelfdragende barri\u00e8re\" \/>\n<meta property=\"og:url\" content=\"https:\/\/espacesconfines.be\/nl\/product\/in-8011-grote-zelfdragende-barriere\/\" \/>\n<meta property=\"og:site_name\" content=\"Espace confin\u00e9 avec Condor Safety\" \/>\n<meta property=\"article:modified_time\" content=\"2025-08-14T12:09:33+00:00\" \/>\n<meta property=\"og:image\" content=\"https:\/\/espacesconfines.be\/wp-content\/uploads\/2025\/06\/Xtirpa-8011-IN2324-A210818-confined-space-610mm-2422-davit-arm-large-self-supporting-manhole-guard-1-scaled.webp\" \/>\n\t<meta property=\"og:image:width\" content=\"1707\" \/>\n\t<meta property=\"og:image:height\" content=\"2560\" \/>\n\t<meta property=\"og:image:type\" content=\"image\/webp\" \/>\n<meta name=\"twitter:card\" content=\"summary_large_image\" \/>\n<meta name=\"twitter:label1\" content=\"Geschatte leestijd\" \/>\n\t<meta name=\"twitter:data1\" content=\"1 minuut\" \/>\n<script type=\"application\/ld+json\" class=\"yoast-schema-graph\">{\"@context\":\"https:\/\/schema.org\",\"@graph\":[{\"@type\":\"WebPage\",\"@id\":\"https:\/\/espacesconfines.be\/nl\/product\/in-8011-grote-zelfdragende-barriere\/\",\"url\":\"https:\/\/espacesconfines.be\/nl\/product\/in-8011-grote-zelfdragende-barriere\/\",\"name\":\"Groot mobiel hekwerk met davit arm 610mm - Espace confin\u00e9 avec Condor Safety\",\"isPartOf\":{\"@id\":\"https:\/\/espacesconfines.be\/nl\/#website\"},\"primaryImageOfPage\":{\"@id\":\"https:\/\/espacesconfines.be\/nl\/product\/in-8011-grote-zelfdragende-barriere\/#primaryimage\"},\"image\":{\"@id\":\"https:\/\/espacesconfines.be\/nl\/product\/in-8011-grote-zelfdragende-barriere\/#primaryimage\"},\"thumbnailUrl\":\"https:\/\/espacesconfines.be\/wp-content\/uploads\/2025\/06\/Xtirpa-8011-IN2324-A210818-confined-space-610mm-2422-davit-arm-large-self-supporting-manhole-guard-1-scaled.webp\",\"datePublished\":\"2025-06-25T11:51:15+00:00\",\"dateModified\":\"2025-08-14T12:09:33+00:00\",\"breadcrumb\":{\"@id\":\"https:\/\/espacesconfines.be\/nl\/product\/in-8011-grote-zelfdragende-barriere\/#breadcrumb\"},\"inLanguage\":\"nl-NL\",\"potentialAction\":[{\"@type\":\"ReadAction\",\"target\":[\"https:\/\/espacesconfines.be\/nl\/product\/in-8011-grote-zelfdragende-barriere\/\"]}]},{\"@type\":\"ImageObject\",\"inLanguage\":\"nl-NL\",\"@id\":\"https:\/\/espacesconfines.be\/nl\/product\/in-8011-grote-zelfdragende-barriere\/#primaryimage\",\"url\":\"https:\/\/espacesconfines.be\/wp-content\/uploads\/2025\/06\/Xtirpa-8011-IN2324-A210818-confined-space-610mm-2422-davit-arm-large-self-supporting-manhole-guard-1-scaled.webp\",\"contentUrl\":\"https:\/\/espacesconfines.be\/wp-content\/uploads\/2025\/06\/Xtirpa-8011-IN2324-A210818-confined-space-610mm-2422-davit-arm-large-self-supporting-manhole-guard-1-scaled.webp\",\"width\":1707,\"height\":2560},{\"@type\":\"BreadcrumbList\",\"@id\":\"https:\/\/espacesconfines.be\/nl\/product\/in-8011-grote-zelfdragende-barriere\/#breadcrumb\",\"itemListElement\":[{\"@type\":\"ListItem\",\"position\":1,\"name\":\"Home\",\"item\":\"https:\/\/espacesconfines.be\/nl\/home\/\"},{\"@type\":\"ListItem\",\"position\":2,\"name\":\"Producten\",\"item\":\"https:\/\/espacesconfines.be\/nl\/shop\/\"},{\"@type\":\"ListItem\",\"position\":3,\"name\":\"Groot mobiel hekwerk met davit arm 610mm\"}]},{\"@type\":\"WebSite\",\"@id\":\"https:\/\/espacesconfines.be\/nl\/#website\",\"url\":\"https:\/\/espacesconfines.be\/nl\/\",\"name\":\"Espace confin\u00e9 avec Condor Safety\",\"description\":\"Acc\u00e8s, protection, sauvetage : votre s\u00e9curit\u00e9 en espace confin\u00e9 sans compromis.\",\"publisher\":{\"@id\":\"https:\/\/espacesconfines.be\/nl\/#organization\"},\"potentialAction\":[{\"@type\":\"SearchAction\",\"target\":{\"@type\":\"EntryPoint\",\"urlTemplate\":\"https:\/\/espacesconfines.be\/nl\/?s={search_term_string}\"},\"query-input\":{\"@type\":\"PropertyValueSpecification\",\"valueRequired\":true,\"valueName\":\"search_term_string\"}}],\"inLanguage\":\"nl-NL\"},{\"@type\":\"Organization\",\"@id\":\"https:\/\/espacesconfines.be\/nl\/#organization\",\"name\":\"Condor Safety Espace confin\u00e9\",\"url\":\"https:\/\/espacesconfines.be\/nl\/\",\"logo\":{\"@type\":\"ImageObject\",\"inLanguage\":\"nl-NL\",\"@id\":\"https:\/\/espacesconfines.be\/nl\/#\/schema\/logo\/image\/\",\"url\":\"https:\/\/espacesconfines.be\/wp-content\/uploads\/2025\/07\/cropped-condor-safety-logo-web-ico.png\",\"contentUrl\":\"https:\/\/espacesconfines.be\/wp-content\/uploads\/2025\/07\/cropped-condor-safety-logo-web-ico.png\",\"width\":512,\"height\":512,\"caption\":\"Condor Safety Espace confin\u00e9\"},\"image\":{\"@id\":\"https:\/\/espacesconfines.be\/nl\/#\/schema\/logo\/image\/\"},\"sameAs\":[\"https:\/\/www.linkedin.com\/showcase\/confinedspace\/\"]}]}<\/script>\n<!-- \/ Yoast SEO plugin. -->","yoast_head_json":{"title":"Groot mobiel hekwerk met davit arm 610mm - Espace confin\u00e9 avec Condor Safety","robots":{"index":"index","follow":"follow","max-snippet":"max-snippet:-1","max-image-preview":"max-image-preview:large","max-video-preview":"max-video-preview:-1"},"canonical":"https:\/\/espacesconfines.be\/nl\/product\/in-8011-grote-zelfdragende-barriere\/","og_locale":"nl_NL","og_type":"article","og_title":"Groot mobiel hekwerk met davit arm 610mm - Espace confin\u00e9 avec Condor Safety","og_description":"Grote zelfdragende barri\u00e8re","og_url":"https:\/\/espacesconfines.be\/nl\/product\/in-8011-grote-zelfdragende-barriere\/","og_site_name":"Espace confin\u00e9 avec Condor Safety","article_modified_time":"2025-08-14T12:09:33+00:00","og_image":[{"width":1707,"height":2560,"url":"https:\/\/espacesconfines.be\/wp-content\/uploads\/2025\/06\/Xtirpa-8011-IN2324-A210818-confined-space-610mm-2422-davit-arm-large-self-supporting-manhole-guard-1-scaled.webp","type":"image\/webp"}],"twitter_card":"summary_large_image","twitter_misc":{"Geschatte leestijd":"1 minuut"},"schema":{"@context":"https:\/\/schema.org","@graph":[{"@type":"WebPage","@id":"https:\/\/espacesconfines.be\/nl\/product\/in-8011-grote-zelfdragende-barriere\/","url":"https:\/\/espacesconfines.be\/nl\/product\/in-8011-grote-zelfdragende-barriere\/","name":"Groot mobiel hekwerk met davit arm 610mm - Espace confin\u00e9 avec Condor Safety","isPartOf":{"@id":"https:\/\/espacesconfines.be\/nl\/#website"},"primaryImageOfPage":{"@id":"https:\/\/espacesconfines.be\/nl\/product\/in-8011-grote-zelfdragende-barriere\/#primaryimage"},"image":{"@id":"https:\/\/espacesconfines.be\/nl\/product\/in-8011-grote-zelfdragende-barriere\/#primaryimage"},"thumbnailUrl":"https:\/\/espacesconfines.be\/wp-content\/uploads\/2025\/06\/Xtirpa-8011-IN2324-A210818-confined-space-610mm-2422-davit-arm-large-self-supporting-manhole-guard-1-scaled.webp","datePublished":"2025-06-25T11:51:15+00:00","dateModified":"2025-08-14T12:09:33+00:00","breadcrumb":{"@id":"https:\/\/espacesconfines.be\/nl\/product\/in-8011-grote-zelfdragende-barriere\/#breadcrumb"},"inLanguage":"nl-NL","potentialAction":[{"@type":"ReadAction","target":["https:\/\/espacesconfines.be\/nl\/product\/in-8011-grote-zelfdragende-barriere\/"]}]},{"@type":"ImageObject","inLanguage":"nl-NL","@id":"https:\/\/espacesconfines.be\/nl\/product\/in-8011-grote-zelfdragende-barriere\/#primaryimage","url":"https:\/\/espacesconfines.be\/wp-content\/uploads\/2025\/06\/Xtirpa-8011-IN2324-A210818-confined-space-610mm-2422-davit-arm-large-self-supporting-manhole-guard-1-scaled.webp","contentUrl":"https:\/\/espacesconfines.be\/wp-content\/uploads\/2025\/06\/Xtirpa-8011-IN2324-A210818-confined-space-610mm-2422-davit-arm-large-self-supporting-manhole-guard-1-scaled.webp","width":1707,"height":2560},{"@type":"BreadcrumbList","@id":"https:\/\/espacesconfines.be\/nl\/product\/in-8011-grote-zelfdragende-barriere\/#breadcrumb","itemListElement":[{"@type":"ListItem","position":1,"name":"Home","item":"https:\/\/espacesconfines.be\/nl\/home\/"},{"@type":"ListItem","position":2,"name":"Producten","item":"https:\/\/espacesconfines.be\/nl\/shop\/"},{"@type":"ListItem","position":3,"name":"Groot mobiel hekwerk met davit arm 610mm"}]},{"@type":"WebSite","@id":"https:\/\/espacesconfines.be\/nl\/#website","url":"https:\/\/espacesconfines.be\/nl\/","name":"Espace confin\u00e9 avec Condor Safety","description":"Acc\u00e8s, protection, sauvetage : votre s\u00e9curit\u00e9 en espace confin\u00e9 sans compromis.","publisher":{"@id":"https:\/\/espacesconfines.be\/nl\/#organization"},"potentialAction":[{"@type":"SearchAction","target":{"@type":"EntryPoint","urlTemplate":"https:\/\/espacesconfines.be\/nl\/?s={search_term_string}"},"query-input":{"@type":"PropertyValueSpecification","valueRequired":true,"valueName":"search_term_string"}}],"inLanguage":"nl-NL"},{"@type":"Organization","@id":"https:\/\/espacesconfines.be\/nl\/#organization","name":"Condor Safety Espace confin\u00e9","url":"https:\/\/espacesconfines.be\/nl\/","logo":{"@type":"ImageObject","inLanguage":"nl-NL","@id":"https:\/\/espacesconfines.be\/nl\/#\/schema\/logo\/image\/","url":"https:\/\/espacesconfines.be\/wp-content\/uploads\/2025\/07\/cropped-condor-safety-logo-web-ico.png","contentUrl":"https:\/\/espacesconfines.be\/wp-content\/uploads\/2025\/07\/cropped-condor-safety-logo-web-ico.png","width":512,"height":512,"caption":"Condor Safety Espace confin\u00e9"},"image":{"@id":"https:\/\/espacesconfines.be\/nl\/#\/schema\/logo\/image\/"},"sameAs":["https:\/\/www.linkedin.com\/showcase\/confinedspace\/"]}]}},"_links":{"self":[{"href":"https:\/\/espacesconfines.be\/nl\/wp-json\/wp\/v2\/product\/2501","targetHints":{"allow":["GET"]}}],"collection":[{"href":"https:\/\/espacesconfines.be\/nl\/wp-json\/wp\/v2\/product"}],"about":[{"href":"https:\/\/espacesconfines.be\/nl\/wp-json\/wp\/v2\/types\/product"}],"version-history":[{"count":2,"href":"https:\/\/espacesconfines.be\/nl\/wp-json\/wp\/v2\/product\/2501\/revisions"}],"predecessor-version":[{"id":3930,"href":"https:\/\/espacesconfines.be\/nl\/wp-json\/wp\/v2\/product\/2501\/revisions\/3930"}],"wp:featuredmedia":[{"embeddable":true,"href":"https:\/\/espacesconfines.be\/nl\/wp-json\/wp\/v2\/media\/2371"}],"wp:attachment":[{"href":"https:\/\/espacesconfines.be\/nl\/wp-json\/wp\/v2\/media?parent=2501"}],"wp:term":[{"taxonomy":"product_brand","embeddable":true,"href":"https:\/\/espacesconfines.be\/nl\/wp-json\/wp\/v2\/product_brand?post=2501"},{"taxonomy":"product_cat","embeddable":true,"href":"https:\/\/espacesconfines.be\/nl\/wp-json\/wp\/v2\/product_cat?post=2501"},{"taxonomy":"product_tag","embeddable":true,"href":"https:\/\/espacesconfines.be\/nl\/wp-json\/wp\/v2\/product_tag?post=2501"}],"curies":[{"name":"wp","href":"https:\/\/api.w.org\/{rel}","templated":true}]}}