{"id":2503,"date":"2025-06-25T20:30:29","date_gmt":"2025-06-25T20:30:29","guid":{"rendered":"https:\/\/espacesconfines.be\/product\/in-8014-adapter-voor-mangat-en-vaste-mast\/"},"modified":"2025-08-14T12:17:10","modified_gmt":"2025-08-14T12:17:10","slug":"in-8014-adapter-voor-mangat-en-vaste-mast","status":"publish","type":"product","link":"https:\/\/espacesconfines.be\/nl\/product\/in-8014-adapter-voor-mangat-en-vaste-mast\/","title":{"rendered":"Davitarm 381mm met mangatkraag"},"content":{"rendered":"<p style=\"font-weight: 400;\"><strong>Uniek ontwerp<\/strong><\/p>\n<p style=\"font-weight: 400;\">Het systeem IN-8014 van Xtirpa\u2122 combineert een aantal accessoires in combinatie met een korte davitarm IN-2395. Dankzij het ingenieuze ontwerp kan de IN-8014 direct en zonder boren worden gemonteerd op verschillende type muren of wanden in staal of beton. Deze flexibiliteit maakt het ideaal voor tijdelijke werkzaamheden waar structurele verankering geen optie of niet gewenst is. Ideaal voor reservoirs met opstaande rand in een ruimte met beperkte plafondhoogte.<\/p>\n<p style=\"font-weight: 400;\">De mobiele mangatkraag biedt een mobiele verankering op een rond mangat van een tank waar de omgeving rond het mangat niet vlak is of waar de vrije ruimte eerder beperkt is. De inclineerbare mangatkraag kan ingezet worden op mangaten die schuin op de tank gepositioneerd zijn.<\/p>\n<p style=\"font-weight: 400;\"><strong>Vaste of inclineerbare Mangatkraag<\/strong><\/p>\n<p style=\"font-weight: 400;\">De kort Davit arm IN-2395 is uiterst geschikt voor mangaten van 500 tot 700mm<\/p>\n<p style=\"font-weight: 400;\"><strong>Sterk ankerpunt voor 2 personen<\/strong><\/p>\n<p style=\"font-weight: 400;\">Het betredingssysteem is ontworpen voor een veilige werklast tot 164 kg en heeft een minimum breuksterkte van 16kN, waardoor het voldoet aan de EN-, OSHA-, ANSI- en CSA-normen. Het systeem is gecertificeerd voor maximaal twee personen volgens de CEN\/TS 16415. De stalen D-verankering op de korte davitarm heeft een breuksterkte van 22 kN.<\/p>\n<p style=\"font-weight: 400;\"><strong>Valblok met reddingsfunctie \/ winch compatibiliteit<\/strong><\/p>\n<p style=\"font-weight: 400;\">De davit arm IN-2395 is compatibel met verschillende lieren waaronder de Xtirpa\u2122 winch (IN-2477) die met behulp van een bevestigingsbeugel op de davitarm bevestigd kan worden. Er bestaan verschillende bevestigingsbeugels voor verschillende merken van valblokken met reddingsfunctie.<\/p>\n<p style=\"font-weight: 400;\"><strong>Uitbreidbaar met andere Xtirpa\u2122 davit armen.<\/strong><\/p>\n<p style=\"font-weight: 400;\">Het IN-8014 systeem is ontworpen om plaats te bieden aan verschillende soorten Xtirpa\u2122 davit armen, afhankelijk van de werksituatie.<\/p>\n<p style=\"font-weight: 400;\"><strong>Snelle installatie en intu\u00eftieve bediening<\/strong><\/p>\n<p style=\"font-weight: 400;\">Een van de sterke punten van het IN-8014 systeem is de snelle installatie door \u00e9\u00e9n enkele operator. De adapter wordt handmatig op de muur of in het mangat geplaatst en vervolgens vastgezet met ergonomische, stevige klemschroeven. Er is geen gereedschap nodig voor de installatie of verwijdering (afhankelijk van het model). De mangatkraag kan vergrendeld worden met een anti-tilt systeem.<\/p>\n","protected":false},"excerpt":{"rendered":"<p class=\"p1\">Grote zelfdragende barri\u00e8re<\/p>\n","protected":false},"featured_media":2422,"template":"","meta":{"_acf_changed":false},"product_brand":[109],"product_cat":[57],"product_tag":[97],"class_list":{"0":"post-2503","1":"product","2":"type-product","3":"status-publish","4":"has-post-thumbnail","6":"product_brand-xtirpa-nl","7":"product_cat-verticaal","8":"product_tag-in-8014-nl","10":"first","11":"instock","12":"shipping-taxable","13":"product-type-simple"},"acf":[],"yoast_head":"<!-- This site is optimized with the Yoast SEO plugin v27.1.1 - https:\/\/yoast.com\/product\/yoast-seo-wordpress\/ -->\n<title>Davitarm 381mm met mangatkraag - Espace confin\u00e9 avec Condor Safety<\/title>\n<meta name=\"robots\" content=\"index, follow, max-snippet:-1, max-image-preview:large, max-video-preview:-1\" \/>\n<link rel=\"canonical\" href=\"https:\/\/espacesconfines.be\/nl\/product\/in-8014-adapter-voor-mangat-en-vaste-mast\/\" \/>\n<meta property=\"og:locale\" content=\"nl_NL\" \/>\n<meta property=\"og:type\" content=\"article\" \/>\n<meta property=\"og:title\" content=\"Davitarm 381mm met mangatkraag - Espace confin\u00e9 avec Condor Safety\" \/>\n<meta property=\"og:description\" content=\"Grote zelfdragende barri\u00e8re\" \/>\n<meta property=\"og:url\" content=\"https:\/\/espacesconfines.be\/nl\/product\/in-8014-adapter-voor-mangat-en-vaste-mast\/\" \/>\n<meta property=\"og:site_name\" content=\"Espace confin\u00e9 avec Condor Safety\" \/>\n<meta property=\"article:modified_time\" content=\"2025-08-14T12:17:10+00:00\" \/>\n<meta property=\"og:image\" content=\"https:\/\/espacesconfines.be\/wp-content\/uploads\/2025\/06\/Xtirpa-8014-IN2395P-A230507-confined-space-davit-arm-built-in-mast-angled-manhole-collar-anodized-1.webp\" \/>\n\t<meta property=\"og:image:width\" content=\"1800\" \/>\n\t<meta property=\"og:image:height\" content=\"2400\" \/>\n\t<meta property=\"og:image:type\" content=\"image\/webp\" \/>\n<meta name=\"twitter:card\" content=\"summary_large_image\" \/>\n<meta name=\"twitter:label1\" content=\"Geschatte leestijd\" \/>\n\t<meta name=\"twitter:data1\" content=\"2 minuten\" \/>\n<script type=\"application\/ld+json\" class=\"yoast-schema-graph\">{\"@context\":\"https:\/\/schema.org\",\"@graph\":[{\"@type\":\"WebPage\",\"@id\":\"https:\/\/espacesconfines.be\/nl\/product\/in-8014-adapter-voor-mangat-en-vaste-mast\/\",\"url\":\"https:\/\/espacesconfines.be\/nl\/product\/in-8014-adapter-voor-mangat-en-vaste-mast\/\",\"name\":\"Davitarm 381mm met mangatkraag - Espace confin\u00e9 avec Condor Safety\",\"isPartOf\":{\"@id\":\"https:\/\/espacesconfines.be\/nl\/#website\"},\"primaryImageOfPage\":{\"@id\":\"https:\/\/espacesconfines.be\/nl\/product\/in-8014-adapter-voor-mangat-en-vaste-mast\/#primaryimage\"},\"image\":{\"@id\":\"https:\/\/espacesconfines.be\/nl\/product\/in-8014-adapter-voor-mangat-en-vaste-mast\/#primaryimage\"},\"thumbnailUrl\":\"https:\/\/espacesconfines.be\/wp-content\/uploads\/2025\/06\/Xtirpa-8014-IN2395P-A230507-confined-space-davit-arm-built-in-mast-angled-manhole-collar-anodized-1.webp\",\"datePublished\":\"2025-06-25T20:30:29+00:00\",\"dateModified\":\"2025-08-14T12:17:10+00:00\",\"breadcrumb\":{\"@id\":\"https:\/\/espacesconfines.be\/nl\/product\/in-8014-adapter-voor-mangat-en-vaste-mast\/#breadcrumb\"},\"inLanguage\":\"nl-NL\",\"potentialAction\":[{\"@type\":\"ReadAction\",\"target\":[\"https:\/\/espacesconfines.be\/nl\/product\/in-8014-adapter-voor-mangat-en-vaste-mast\/\"]}]},{\"@type\":\"ImageObject\",\"inLanguage\":\"nl-NL\",\"@id\":\"https:\/\/espacesconfines.be\/nl\/product\/in-8014-adapter-voor-mangat-en-vaste-mast\/#primaryimage\",\"url\":\"https:\/\/espacesconfines.be\/wp-content\/uploads\/2025\/06\/Xtirpa-8014-IN2395P-A230507-confined-space-davit-arm-built-in-mast-angled-manhole-collar-anodized-1.webp\",\"contentUrl\":\"https:\/\/espacesconfines.be\/wp-content\/uploads\/2025\/06\/Xtirpa-8014-IN2395P-A230507-confined-space-davit-arm-built-in-mast-angled-manhole-collar-anodized-1.webp\",\"width\":1800,\"height\":2400},{\"@type\":\"BreadcrumbList\",\"@id\":\"https:\/\/espacesconfines.be\/nl\/product\/in-8014-adapter-voor-mangat-en-vaste-mast\/#breadcrumb\",\"itemListElement\":[{\"@type\":\"ListItem\",\"position\":1,\"name\":\"Home\",\"item\":\"https:\/\/espacesconfines.be\/nl\/home\/\"},{\"@type\":\"ListItem\",\"position\":2,\"name\":\"Producten\",\"item\":\"https:\/\/espacesconfines.be\/nl\/shop\/\"},{\"@type\":\"ListItem\",\"position\":3,\"name\":\"Davitarm 381mm met mangatkraag\"}]},{\"@type\":\"WebSite\",\"@id\":\"https:\/\/espacesconfines.be\/nl\/#website\",\"url\":\"https:\/\/espacesconfines.be\/nl\/\",\"name\":\"Espace confin\u00e9 avec Condor Safety\",\"description\":\"Acc\u00e8s, protection, sauvetage : votre s\u00e9curit\u00e9 en espace confin\u00e9 sans compromis.\",\"publisher\":{\"@id\":\"https:\/\/espacesconfines.be\/nl\/#organization\"},\"potentialAction\":[{\"@type\":\"SearchAction\",\"target\":{\"@type\":\"EntryPoint\",\"urlTemplate\":\"https:\/\/espacesconfines.be\/nl\/?s={search_term_string}\"},\"query-input\":{\"@type\":\"PropertyValueSpecification\",\"valueRequired\":true,\"valueName\":\"search_term_string\"}}],\"inLanguage\":\"nl-NL\"},{\"@type\":\"Organization\",\"@id\":\"https:\/\/espacesconfines.be\/nl\/#organization\",\"name\":\"Condor Safety Espace confin\u00e9\",\"url\":\"https:\/\/espacesconfines.be\/nl\/\",\"logo\":{\"@type\":\"ImageObject\",\"inLanguage\":\"nl-NL\",\"@id\":\"https:\/\/espacesconfines.be\/nl\/#\/schema\/logo\/image\/\",\"url\":\"https:\/\/espacesconfines.be\/wp-content\/uploads\/2025\/07\/cropped-condor-safety-logo-web-ico.png\",\"contentUrl\":\"https:\/\/espacesconfines.be\/wp-content\/uploads\/2025\/07\/cropped-condor-safety-logo-web-ico.png\",\"width\":512,\"height\":512,\"caption\":\"Condor Safety Espace confin\u00e9\"},\"image\":{\"@id\":\"https:\/\/espacesconfines.be\/nl\/#\/schema\/logo\/image\/\"},\"sameAs\":[\"https:\/\/www.linkedin.com\/showcase\/confinedspace\/\"]}]}<\/script>\n<!-- \/ Yoast SEO plugin. -->","yoast_head_json":{"title":"Davitarm 381mm met mangatkraag - Espace confin\u00e9 avec Condor Safety","robots":{"index":"index","follow":"follow","max-snippet":"max-snippet:-1","max-image-preview":"max-image-preview:large","max-video-preview":"max-video-preview:-1"},"canonical":"https:\/\/espacesconfines.be\/nl\/product\/in-8014-adapter-voor-mangat-en-vaste-mast\/","og_locale":"nl_NL","og_type":"article","og_title":"Davitarm 381mm met mangatkraag - Espace confin\u00e9 avec Condor Safety","og_description":"Grote zelfdragende barri\u00e8re","og_url":"https:\/\/espacesconfines.be\/nl\/product\/in-8014-adapter-voor-mangat-en-vaste-mast\/","og_site_name":"Espace confin\u00e9 avec Condor Safety","article_modified_time":"2025-08-14T12:17:10+00:00","og_image":[{"width":1800,"height":2400,"url":"https:\/\/espacesconfines.be\/wp-content\/uploads\/2025\/06\/Xtirpa-8014-IN2395P-A230507-confined-space-davit-arm-built-in-mast-angled-manhole-collar-anodized-1.webp","type":"image\/webp"}],"twitter_card":"summary_large_image","twitter_misc":{"Geschatte leestijd":"2 minuten"},"schema":{"@context":"https:\/\/schema.org","@graph":[{"@type":"WebPage","@id":"https:\/\/espacesconfines.be\/nl\/product\/in-8014-adapter-voor-mangat-en-vaste-mast\/","url":"https:\/\/espacesconfines.be\/nl\/product\/in-8014-adapter-voor-mangat-en-vaste-mast\/","name":"Davitarm 381mm met mangatkraag - Espace confin\u00e9 avec Condor Safety","isPartOf":{"@id":"https:\/\/espacesconfines.be\/nl\/#website"},"primaryImageOfPage":{"@id":"https:\/\/espacesconfines.be\/nl\/product\/in-8014-adapter-voor-mangat-en-vaste-mast\/#primaryimage"},"image":{"@id":"https:\/\/espacesconfines.be\/nl\/product\/in-8014-adapter-voor-mangat-en-vaste-mast\/#primaryimage"},"thumbnailUrl":"https:\/\/espacesconfines.be\/wp-content\/uploads\/2025\/06\/Xtirpa-8014-IN2395P-A230507-confined-space-davit-arm-built-in-mast-angled-manhole-collar-anodized-1.webp","datePublished":"2025-06-25T20:30:29+00:00","dateModified":"2025-08-14T12:17:10+00:00","breadcrumb":{"@id":"https:\/\/espacesconfines.be\/nl\/product\/in-8014-adapter-voor-mangat-en-vaste-mast\/#breadcrumb"},"inLanguage":"nl-NL","potentialAction":[{"@type":"ReadAction","target":["https:\/\/espacesconfines.be\/nl\/product\/in-8014-adapter-voor-mangat-en-vaste-mast\/"]}]},{"@type":"ImageObject","inLanguage":"nl-NL","@id":"https:\/\/espacesconfines.be\/nl\/product\/in-8014-adapter-voor-mangat-en-vaste-mast\/#primaryimage","url":"https:\/\/espacesconfines.be\/wp-content\/uploads\/2025\/06\/Xtirpa-8014-IN2395P-A230507-confined-space-davit-arm-built-in-mast-angled-manhole-collar-anodized-1.webp","contentUrl":"https:\/\/espacesconfines.be\/wp-content\/uploads\/2025\/06\/Xtirpa-8014-IN2395P-A230507-confined-space-davit-arm-built-in-mast-angled-manhole-collar-anodized-1.webp","width":1800,"height":2400},{"@type":"BreadcrumbList","@id":"https:\/\/espacesconfines.be\/nl\/product\/in-8014-adapter-voor-mangat-en-vaste-mast\/#breadcrumb","itemListElement":[{"@type":"ListItem","position":1,"name":"Home","item":"https:\/\/espacesconfines.be\/nl\/home\/"},{"@type":"ListItem","position":2,"name":"Producten","item":"https:\/\/espacesconfines.be\/nl\/shop\/"},{"@type":"ListItem","position":3,"name":"Davitarm 381mm met mangatkraag"}]},{"@type":"WebSite","@id":"https:\/\/espacesconfines.be\/nl\/#website","url":"https:\/\/espacesconfines.be\/nl\/","name":"Espace confin\u00e9 avec Condor Safety","description":"Acc\u00e8s, protection, sauvetage : votre s\u00e9curit\u00e9 en espace confin\u00e9 sans compromis.","publisher":{"@id":"https:\/\/espacesconfines.be\/nl\/#organization"},"potentialAction":[{"@type":"SearchAction","target":{"@type":"EntryPoint","urlTemplate":"https:\/\/espacesconfines.be\/nl\/?s={search_term_string}"},"query-input":{"@type":"PropertyValueSpecification","valueRequired":true,"valueName":"search_term_string"}}],"inLanguage":"nl-NL"},{"@type":"Organization","@id":"https:\/\/espacesconfines.be\/nl\/#organization","name":"Condor Safety Espace confin\u00e9","url":"https:\/\/espacesconfines.be\/nl\/","logo":{"@type":"ImageObject","inLanguage":"nl-NL","@id":"https:\/\/espacesconfines.be\/nl\/#\/schema\/logo\/image\/","url":"https:\/\/espacesconfines.be\/wp-content\/uploads\/2025\/07\/cropped-condor-safety-logo-web-ico.png","contentUrl":"https:\/\/espacesconfines.be\/wp-content\/uploads\/2025\/07\/cropped-condor-safety-logo-web-ico.png","width":512,"height":512,"caption":"Condor Safety Espace confin\u00e9"},"image":{"@id":"https:\/\/espacesconfines.be\/nl\/#\/schema\/logo\/image\/"},"sameAs":["https:\/\/www.linkedin.com\/showcase\/confinedspace\/"]}]}},"_links":{"self":[{"href":"https:\/\/espacesconfines.be\/nl\/wp-json\/wp\/v2\/product\/2503","targetHints":{"allow":["GET"]}}],"collection":[{"href":"https:\/\/espacesconfines.be\/nl\/wp-json\/wp\/v2\/product"}],"about":[{"href":"https:\/\/espacesconfines.be\/nl\/wp-json\/wp\/v2\/types\/product"}],"version-history":[{"count":4,"href":"https:\/\/espacesconfines.be\/nl\/wp-json\/wp\/v2\/product\/2503\/revisions"}],"predecessor-version":[{"id":3940,"href":"https:\/\/espacesconfines.be\/nl\/wp-json\/wp\/v2\/product\/2503\/revisions\/3940"}],"wp:featuredmedia":[{"embeddable":true,"href":"https:\/\/espacesconfines.be\/nl\/wp-json\/wp\/v2\/media\/2422"}],"wp:attachment":[{"href":"https:\/\/espacesconfines.be\/nl\/wp-json\/wp\/v2\/media?parent=2503"}],"wp:term":[{"taxonomy":"product_brand","embeddable":true,"href":"https:\/\/espacesconfines.be\/nl\/wp-json\/wp\/v2\/product_brand?post=2503"},{"taxonomy":"product_cat","embeddable":true,"href":"https:\/\/espacesconfines.be\/nl\/wp-json\/wp\/v2\/product_cat?post=2503"},{"taxonomy":"product_tag","embeddable":true,"href":"https:\/\/espacesconfines.be\/nl\/wp-json\/wp\/v2\/product_tag?post=2503"}],"curies":[{"name":"wp","href":"https:\/\/api.w.org\/{rel}","templated":true}]}}