{"id":2601,"date":"2025-05-26T19:06:59","date_gmt":"2025-05-26T19:06:59","guid":{"rendered":"https:\/\/espacesconfines.be\/product\/in-2477-xtirpa-lier\/"},"modified":"2025-09-03T13:22:22","modified_gmt":"2025-09-03T13:22:22","slug":"in-2477-xtirpa-lier","status":"publish","type":"product","link":"https:\/\/espacesconfines.be\/nl\/product\/in-2477-xtirpa-lier\/","title":{"rendered":"Xtirpa\u2122 Winch"},"content":{"rendered":"<h3 class=\"p1\">De revolutionaire Xtirpa\u2122 winch geeft nieuwe definietie aan lichtgewicht prestaties<\/h3>\n<p>We zijn verheugd om u de nieuwste ontwikkeling op het gebied van winchtechnologie te kunnen presenteren: de Xtirpa\u2122-winch.<\/p>\n<p>De Xtirpa\u2122-winch is ontworpen om uw verwachtingen te overtreffen en staat klaar om uw perceptie van lichte winch te veranderen. Dankzij het innovatieve ontwerp en de geavanceerde functies zal dit uitzonderlijke gereedschap een essenti\u00eble troef worden voor uw teams die in besloten ruimtes werken. De Xtirpa\u2122-winch is het resultaat van een visionaire aanpak en geeft een nieuwe betekenis aan het begrip \u2018lichtgewicht\u2019.  <\/p>\n<p>Deze winch is gemaakt van geavanceerde materialen en precisie-engineering en biedt een onge\u00ebvenaarde combinatie van kracht en draagbaarheid. Het lichtgewicht ontwerp zorgt voor transportgemak, waardoor het de ideale keuze is voor professionals die veel onderweg zijn. <\/p>\n<h3>Verwisselbare handgreep<\/h3>\n<p>We weten hoe belangrijk aanpassingsvermogen is in je dagelijkse werk. De Xtirpa\u2122 winch is ontworpen met het oog op functionaliteit, met een verwisselbare handgreep. Dankzij deze innovatieve functie kun je eenvoudig overschakelen van de ene handgreepconfiguratie naar de andere, afhankelijk van de specifieke behoeften van je werkzaamheden. Of hij nu verticaal of horizontaal wordt ge\u00efnstalleerd, de Xtirpa\u2122 winch biedt een onge\u00ebvenaarde veelzijdigheid.   <\/p>\n<h3>Vereenvoudigde kabelvervanging<\/h3>\n<p>Geen ingewikkelde kabelvervangingsprocedures meer. De Xtirpa\u2122 winch slaat een nieuwe weg in met een eenvoudig te vervangen kabelsysteem. Onze ingenieurs hebben een intu\u00eftief mechanisme ontwikkeld waarmee de kabel snel kan worden vervangen, waardoor de stilstandtijd wordt verkort en de effici\u00ebntie wordt gemaximaliseerd. Zeg maar dag tegen langdurige onderhoudswerkzaamheden en hallo tegen een soepele werking.   <\/p>\n<h3>Engineering<\/h3>\n<p>Omdat we weten dat tijd kostbaar is, hebben we de Xtirpa\u2122 winch ontworpen om onderhoud te vereenvoudigen. Het modulaire ontwerp biedt snelle toegang tot essenti\u00eble onderdelen en garandeert snelle en effici\u00ebnte interventies. Het resultaat: meer tijd voor uw projecten, minder gedoe met het onderhoud van apparatuur.  <\/p>\n","protected":false},"excerpt":{"rendered":"<p>IN-2477 | IN-2477S<\/p>\n","protected":false},"featured_media":1602,"template":"","meta":{"_acf_changed":false},"product_brand":[],"product_cat":[60],"product_tag":[108],"class_list":{"0":"post-2601","1":"product","2":"type-product","3":"status-publish","4":"has-post-thumbnail","6":"product_cat-accessoire","7":"product_tag-in-2477-en-in-2477s","9":"first","10":"instock","11":"shipping-taxable","12":"product-type-simple"},"acf":[],"yoast_head":"<!-- This site is optimized with the Yoast SEO plugin v27.1.1 - https:\/\/yoast.com\/product\/yoast-seo-wordpress\/ -->\n<title>Xtirpa\u2122 Winch - Espace confin\u00e9 avec Condor Safety<\/title>\n<meta name=\"robots\" content=\"index, follow, max-snippet:-1, max-image-preview:large, max-video-preview:-1\" \/>\n<link rel=\"canonical\" href=\"https:\/\/espacesconfines.be\/nl\/product\/in-2477-xtirpa-lier\/\" \/>\n<meta property=\"og:locale\" content=\"nl_NL\" \/>\n<meta property=\"og:type\" content=\"article\" \/>\n<meta property=\"og:title\" content=\"Xtirpa\u2122 Winch - Espace confin\u00e9 avec Condor Safety\" \/>\n<meta property=\"og:description\" content=\"IN-2477 | IN-2477S\" \/>\n<meta property=\"og:url\" content=\"https:\/\/espacesconfines.be\/nl\/product\/in-2477-xtirpa-lier\/\" \/>\n<meta property=\"og:site_name\" content=\"Espace confin\u00e9 avec Condor Safety\" \/>\n<meta property=\"article:modified_time\" content=\"2025-09-03T13:22:22+00:00\" \/>\n<meta property=\"og:image\" content=\"https:\/\/espacesconfines.be\/wp-content\/uploads\/2025\/05\/Xtirpa-Winch-001.webp\" \/>\n\t<meta property=\"og:image:width\" content=\"1500\" \/>\n\t<meta property=\"og:image:height\" content=\"1500\" \/>\n\t<meta property=\"og:image:type\" content=\"image\/webp\" \/>\n<meta name=\"twitter:card\" content=\"summary_large_image\" \/>\n<meta name=\"twitter:label1\" content=\"Geschatte leestijd\" \/>\n\t<meta name=\"twitter:data1\" content=\"2 minuten\" \/>\n<script type=\"application\/ld+json\" class=\"yoast-schema-graph\">{\"@context\":\"https:\/\/schema.org\",\"@graph\":[{\"@type\":\"WebPage\",\"@id\":\"https:\/\/espacesconfines.be\/nl\/product\/in-2477-xtirpa-lier\/\",\"url\":\"https:\/\/espacesconfines.be\/nl\/product\/in-2477-xtirpa-lier\/\",\"name\":\"Xtirpa\u2122 Winch - Espace confin\u00e9 avec Condor Safety\",\"isPartOf\":{\"@id\":\"https:\/\/espacesconfines.be\/nl\/#website\"},\"primaryImageOfPage\":{\"@id\":\"https:\/\/espacesconfines.be\/nl\/product\/in-2477-xtirpa-lier\/#primaryimage\"},\"image\":{\"@id\":\"https:\/\/espacesconfines.be\/nl\/product\/in-2477-xtirpa-lier\/#primaryimage\"},\"thumbnailUrl\":\"https:\/\/espacesconfines.be\/wp-content\/uploads\/2025\/05\/Xtirpa-Winch-001.webp\",\"datePublished\":\"2025-05-26T19:06:59+00:00\",\"dateModified\":\"2025-09-03T13:22:22+00:00\",\"breadcrumb\":{\"@id\":\"https:\/\/espacesconfines.be\/nl\/product\/in-2477-xtirpa-lier\/#breadcrumb\"},\"inLanguage\":\"nl-NL\",\"potentialAction\":[{\"@type\":\"ReadAction\",\"target\":[\"https:\/\/espacesconfines.be\/nl\/product\/in-2477-xtirpa-lier\/\"]}]},{\"@type\":\"ImageObject\",\"inLanguage\":\"nl-NL\",\"@id\":\"https:\/\/espacesconfines.be\/nl\/product\/in-2477-xtirpa-lier\/#primaryimage\",\"url\":\"https:\/\/espacesconfines.be\/wp-content\/uploads\/2025\/05\/Xtirpa-Winch-001.webp\",\"contentUrl\":\"https:\/\/espacesconfines.be\/wp-content\/uploads\/2025\/05\/Xtirpa-Winch-001.webp\",\"width\":1500,\"height\":1500},{\"@type\":\"BreadcrumbList\",\"@id\":\"https:\/\/espacesconfines.be\/nl\/product\/in-2477-xtirpa-lier\/#breadcrumb\",\"itemListElement\":[{\"@type\":\"ListItem\",\"position\":1,\"name\":\"Home\",\"item\":\"https:\/\/espacesconfines.be\/nl\/home\/\"},{\"@type\":\"ListItem\",\"position\":2,\"name\":\"Producten\",\"item\":\"https:\/\/espacesconfines.be\/nl\/shop\/\"},{\"@type\":\"ListItem\",\"position\":3,\"name\":\"Xtirpa\u2122 Winch\"}]},{\"@type\":\"WebSite\",\"@id\":\"https:\/\/espacesconfines.be\/nl\/#website\",\"url\":\"https:\/\/espacesconfines.be\/nl\/\",\"name\":\"Espace confin\u00e9 avec Condor Safety\",\"description\":\"Acc\u00e8s, protection, sauvetage : votre s\u00e9curit\u00e9 en espace confin\u00e9 sans compromis.\",\"publisher\":{\"@id\":\"https:\/\/espacesconfines.be\/nl\/#organization\"},\"potentialAction\":[{\"@type\":\"SearchAction\",\"target\":{\"@type\":\"EntryPoint\",\"urlTemplate\":\"https:\/\/espacesconfines.be\/nl\/?s={search_term_string}\"},\"query-input\":{\"@type\":\"PropertyValueSpecification\",\"valueRequired\":true,\"valueName\":\"search_term_string\"}}],\"inLanguage\":\"nl-NL\"},{\"@type\":\"Organization\",\"@id\":\"https:\/\/espacesconfines.be\/nl\/#organization\",\"name\":\"Condor Safety Espace confin\u00e9\",\"url\":\"https:\/\/espacesconfines.be\/nl\/\",\"logo\":{\"@type\":\"ImageObject\",\"inLanguage\":\"nl-NL\",\"@id\":\"https:\/\/espacesconfines.be\/nl\/#\/schema\/logo\/image\/\",\"url\":\"https:\/\/espacesconfines.be\/wp-content\/uploads\/2025\/07\/cropped-condor-safety-logo-web-ico.png\",\"contentUrl\":\"https:\/\/espacesconfines.be\/wp-content\/uploads\/2025\/07\/cropped-condor-safety-logo-web-ico.png\",\"width\":512,\"height\":512,\"caption\":\"Condor Safety Espace confin\u00e9\"},\"image\":{\"@id\":\"https:\/\/espacesconfines.be\/nl\/#\/schema\/logo\/image\/\"},\"sameAs\":[\"https:\/\/www.linkedin.com\/showcase\/confinedspace\/\"]}]}<\/script>\n<!-- \/ Yoast SEO plugin. -->","yoast_head_json":{"title":"Xtirpa\u2122 Winch - Espace confin\u00e9 avec Condor Safety","robots":{"index":"index","follow":"follow","max-snippet":"max-snippet:-1","max-image-preview":"max-image-preview:large","max-video-preview":"max-video-preview:-1"},"canonical":"https:\/\/espacesconfines.be\/nl\/product\/in-2477-xtirpa-lier\/","og_locale":"nl_NL","og_type":"article","og_title":"Xtirpa\u2122 Winch - Espace confin\u00e9 avec Condor Safety","og_description":"IN-2477 | IN-2477S","og_url":"https:\/\/espacesconfines.be\/nl\/product\/in-2477-xtirpa-lier\/","og_site_name":"Espace confin\u00e9 avec Condor Safety","article_modified_time":"2025-09-03T13:22:22+00:00","og_image":[{"width":1500,"height":1500,"url":"https:\/\/espacesconfines.be\/wp-content\/uploads\/2025\/05\/Xtirpa-Winch-001.webp","type":"image\/webp"}],"twitter_card":"summary_large_image","twitter_misc":{"Geschatte leestijd":"2 minuten"},"schema":{"@context":"https:\/\/schema.org","@graph":[{"@type":"WebPage","@id":"https:\/\/espacesconfines.be\/nl\/product\/in-2477-xtirpa-lier\/","url":"https:\/\/espacesconfines.be\/nl\/product\/in-2477-xtirpa-lier\/","name":"Xtirpa\u2122 Winch - Espace confin\u00e9 avec Condor Safety","isPartOf":{"@id":"https:\/\/espacesconfines.be\/nl\/#website"},"primaryImageOfPage":{"@id":"https:\/\/espacesconfines.be\/nl\/product\/in-2477-xtirpa-lier\/#primaryimage"},"image":{"@id":"https:\/\/espacesconfines.be\/nl\/product\/in-2477-xtirpa-lier\/#primaryimage"},"thumbnailUrl":"https:\/\/espacesconfines.be\/wp-content\/uploads\/2025\/05\/Xtirpa-Winch-001.webp","datePublished":"2025-05-26T19:06:59+00:00","dateModified":"2025-09-03T13:22:22+00:00","breadcrumb":{"@id":"https:\/\/espacesconfines.be\/nl\/product\/in-2477-xtirpa-lier\/#breadcrumb"},"inLanguage":"nl-NL","potentialAction":[{"@type":"ReadAction","target":["https:\/\/espacesconfines.be\/nl\/product\/in-2477-xtirpa-lier\/"]}]},{"@type":"ImageObject","inLanguage":"nl-NL","@id":"https:\/\/espacesconfines.be\/nl\/product\/in-2477-xtirpa-lier\/#primaryimage","url":"https:\/\/espacesconfines.be\/wp-content\/uploads\/2025\/05\/Xtirpa-Winch-001.webp","contentUrl":"https:\/\/espacesconfines.be\/wp-content\/uploads\/2025\/05\/Xtirpa-Winch-001.webp","width":1500,"height":1500},{"@type":"BreadcrumbList","@id":"https:\/\/espacesconfines.be\/nl\/product\/in-2477-xtirpa-lier\/#breadcrumb","itemListElement":[{"@type":"ListItem","position":1,"name":"Home","item":"https:\/\/espacesconfines.be\/nl\/home\/"},{"@type":"ListItem","position":2,"name":"Producten","item":"https:\/\/espacesconfines.be\/nl\/shop\/"},{"@type":"ListItem","position":3,"name":"Xtirpa\u2122 Winch"}]},{"@type":"WebSite","@id":"https:\/\/espacesconfines.be\/nl\/#website","url":"https:\/\/espacesconfines.be\/nl\/","name":"Espace confin\u00e9 avec Condor Safety","description":"Acc\u00e8s, protection, sauvetage : votre s\u00e9curit\u00e9 en espace confin\u00e9 sans compromis.","publisher":{"@id":"https:\/\/espacesconfines.be\/nl\/#organization"},"potentialAction":[{"@type":"SearchAction","target":{"@type":"EntryPoint","urlTemplate":"https:\/\/espacesconfines.be\/nl\/?s={search_term_string}"},"query-input":{"@type":"PropertyValueSpecification","valueRequired":true,"valueName":"search_term_string"}}],"inLanguage":"nl-NL"},{"@type":"Organization","@id":"https:\/\/espacesconfines.be\/nl\/#organization","name":"Condor Safety Espace confin\u00e9","url":"https:\/\/espacesconfines.be\/nl\/","logo":{"@type":"ImageObject","inLanguage":"nl-NL","@id":"https:\/\/espacesconfines.be\/nl\/#\/schema\/logo\/image\/","url":"https:\/\/espacesconfines.be\/wp-content\/uploads\/2025\/07\/cropped-condor-safety-logo-web-ico.png","contentUrl":"https:\/\/espacesconfines.be\/wp-content\/uploads\/2025\/07\/cropped-condor-safety-logo-web-ico.png","width":512,"height":512,"caption":"Condor Safety Espace confin\u00e9"},"image":{"@id":"https:\/\/espacesconfines.be\/nl\/#\/schema\/logo\/image\/"},"sameAs":["https:\/\/www.linkedin.com\/showcase\/confinedspace\/"]}]}},"_links":{"self":[{"href":"https:\/\/espacesconfines.be\/nl\/wp-json\/wp\/v2\/product\/2601","targetHints":{"allow":["GET"]}}],"collection":[{"href":"https:\/\/espacesconfines.be\/nl\/wp-json\/wp\/v2\/product"}],"about":[{"href":"https:\/\/espacesconfines.be\/nl\/wp-json\/wp\/v2\/types\/product"}],"version-history":[{"count":1,"href":"https:\/\/espacesconfines.be\/nl\/wp-json\/wp\/v2\/product\/2601\/revisions"}],"predecessor-version":[{"id":3946,"href":"https:\/\/espacesconfines.be\/nl\/wp-json\/wp\/v2\/product\/2601\/revisions\/3946"}],"wp:featuredmedia":[{"embeddable":true,"href":"https:\/\/espacesconfines.be\/nl\/wp-json\/wp\/v2\/media\/1602"}],"wp:attachment":[{"href":"https:\/\/espacesconfines.be\/nl\/wp-json\/wp\/v2\/media?parent=2601"}],"wp:term":[{"taxonomy":"product_brand","embeddable":true,"href":"https:\/\/espacesconfines.be\/nl\/wp-json\/wp\/v2\/product_brand?post=2601"},{"taxonomy":"product_cat","embeddable":true,"href":"https:\/\/espacesconfines.be\/nl\/wp-json\/wp\/v2\/product_cat?post=2601"},{"taxonomy":"product_tag","embeddable":true,"href":"https:\/\/espacesconfines.be\/nl\/wp-json\/wp\/v2\/product_tag?post=2601"}],"curies":[{"name":"wp","href":"https:\/\/api.w.org\/{rel}","templated":true}]}}