{"id":3724,"date":"2025-06-25T23:52:35","date_gmt":"2025-06-25T23:52:35","guid":{"rendered":"https:\/\/espacesconfines.be\/product\/1200-mm-stuurpen-en-cilinderadapter\/"},"modified":"2025-08-14T12:17:27","modified_gmt":"2025-08-14T12:17:27","slug":"1200-mm-stuurpen-en-cilinderadapter","status":"publish","type":"product","link":"https:\/\/espacesconfines.be\/nl\/product\/1200-mm-stuurpen-en-cilinderadapter\/","title":{"rendered":"Davitarm 1200mm met muurklemadapter"},"content":{"rendered":"<p style=\"font-weight: 400;\">Het <strong>IN-8015<\/strong> systeem combineert een beugel van 1.200 mm met een muurklem of loopadapter met instelbare dikte en biedt zo een veilige en flexibele oplossing voor verticale toegang. De klem biedt een veilige bevestiging aan een groot aantal verticale steunen, zonder dat verankeren of boren nodig is. Dit systeem is ontworpen voor tijdelijke of meervoudige interventies en biedt een veilig verankeringspunt voor toegang, ophangingswerk of redding, zelfs op locaties waar niet gemodificeerd kan worden.<\/p>\n<h3>Technische specificaties<\/h3>\n<ul>\n<li><strong>Bereik davit arm<\/strong>: 1.200 mm<\/li>\n<li><strong>Toelaatbare wanddikte<\/strong>: 254 &#8211; 432 mm voor IN-2380 klem<\/li>\n<li><strong>Afmetingen klem<\/strong>: 305 mm (L) \u00d7 642-762 mm (B) \u00d7 456 mm (H); gewicht 49 kg<\/li>\n<li><strong>Maximale capaciteit<\/strong>: 163 kg werkbelasting, gecertificeerde verankering \u2265 5.000 lb \/ 22 kN<\/li>\n<\/ul>\n<h3>Gemakkelijk te installeren en aan te passen<\/h3>\n<p style=\"font-weight: 400;\">Snelle montage zonder gereedschap: plaats de klem op de muur, draai hem met de hand vast tot hij vastklikt en steek vervolgens de arm van de davit in de klem. De handeling kan door \u00e9\u00e9n persoon in minder dan 5 minuten worden uitgevoerd. Dit systeem is bijzonder geschikt voor gebruik op bouwterreinen, in greppels, bij ondoordringbare muren of bij tijdelijke installaties die een snelle reactie en veilige inbedrijfstelling vereisen.<\/p>\n<h3>Xtirpa\u2122 modulariteit &amp; compatibiliteit<\/h3>\n<p style=\"font-weight: 400;\">Trouw aan de modulaire aanpak van Xtirpa\u2122 kan de IN-8015 worden gecombineerd met verschillende masten, zelfdragende voetstukken, T-stabilisatoren in combinatie met trolleys met contragewicht of koppelingssets. Hij ondersteunt Xtirpa\u2122 valbeveiligingsapparatuur, lieren en SRL&#8217;s, waardoor een configuratie op maat van de locatie mogelijk is. Deze modulariteit bevordert het hergebruik van onderdelen, snelle inzetbaarheid en lagere kosten.<\/p>\n","protected":false},"excerpt":{"rendered":"<div><b>Telescopische steel 762-1219 mm met muuradapter<\/b><\/div>\n","protected":false},"featured_media":3710,"template":"","meta":{"_acf_changed":false},"product_brand":[109],"product_cat":[57],"product_tag":[100],"class_list":{"0":"post-3724","1":"product","2":"type-product","3":"status-publish","4":"has-post-thumbnail","6":"product_brand-xtirpa-nl","7":"product_cat-verticaal","8":"product_tag-in-8015-nl","10":"first","11":"instock","12":"shipping-taxable","13":"product-type-simple"},"acf":[],"yoast_head":"<!-- This site is optimized with the Yoast SEO plugin v27.1.1 - https:\/\/yoast.com\/product\/yoast-seo-wordpress\/ -->\n<title>Davitarm 1200mm met muurklemadapter - Espace confin\u00e9 avec Condor Safety<\/title>\n<meta name=\"robots\" content=\"index, follow, max-snippet:-1, max-image-preview:large, max-video-preview:-1\" \/>\n<link rel=\"canonical\" href=\"https:\/\/espacesconfines.be\/nl\/product\/1200-mm-stuurpen-en-cilinderadapter\/\" \/>\n<meta property=\"og:locale\" content=\"nl_NL\" \/>\n<meta property=\"og:type\" content=\"article\" \/>\n<meta property=\"og:title\" content=\"Davitarm 1200mm met muurklemadapter - Espace confin\u00e9 avec Condor Safety\" \/>\n<meta property=\"og:description\" content=\"Telescopische steel 762-1219 mm met muuradapter\" \/>\n<meta property=\"og:url\" content=\"https:\/\/espacesconfines.be\/nl\/product\/1200-mm-stuurpen-en-cilinderadapter\/\" \/>\n<meta property=\"og:site_name\" content=\"Espace confin\u00e9 avec Condor Safety\" \/>\n<meta property=\"article:modified_time\" content=\"2025-08-14T12:17:27+00:00\" \/>\n<meta property=\"og:image\" content=\"https:\/\/espacesconfines.be\/wp-content\/uploads\/2025\/06\/Xtirpa-IN-8015-2237-2240-2380-16.webp\" \/>\n\t<meta property=\"og:image:width\" content=\"2000\" \/>\n\t<meta property=\"og:image:height\" content=\"1333\" \/>\n\t<meta property=\"og:image:type\" content=\"image\/webp\" \/>\n<meta name=\"twitter:card\" content=\"summary_large_image\" \/>\n<meta name=\"twitter:label1\" content=\"Geschatte leestijd\" \/>\n\t<meta name=\"twitter:data1\" content=\"1 minuut\" \/>\n<script type=\"application\/ld+json\" class=\"yoast-schema-graph\">{\"@context\":\"https:\/\/schema.org\",\"@graph\":[{\"@type\":\"WebPage\",\"@id\":\"https:\/\/espacesconfines.be\/nl\/product\/1200-mm-stuurpen-en-cilinderadapter\/\",\"url\":\"https:\/\/espacesconfines.be\/nl\/product\/1200-mm-stuurpen-en-cilinderadapter\/\",\"name\":\"Davitarm 1200mm met muurklemadapter - Espace confin\u00e9 avec Condor Safety\",\"isPartOf\":{\"@id\":\"https:\/\/espacesconfines.be\/nl\/#website\"},\"primaryImageOfPage\":{\"@id\":\"https:\/\/espacesconfines.be\/nl\/product\/1200-mm-stuurpen-en-cilinderadapter\/#primaryimage\"},\"image\":{\"@id\":\"https:\/\/espacesconfines.be\/nl\/product\/1200-mm-stuurpen-en-cilinderadapter\/#primaryimage\"},\"thumbnailUrl\":\"https:\/\/espacesconfines.be\/wp-content\/uploads\/2025\/06\/Xtirpa-IN-8015-2237-2240-2380-16.webp\",\"datePublished\":\"2025-06-25T23:52:35+00:00\",\"dateModified\":\"2025-08-14T12:17:27+00:00\",\"breadcrumb\":{\"@id\":\"https:\/\/espacesconfines.be\/nl\/product\/1200-mm-stuurpen-en-cilinderadapter\/#breadcrumb\"},\"inLanguage\":\"nl-NL\",\"potentialAction\":[{\"@type\":\"ReadAction\",\"target\":[\"https:\/\/espacesconfines.be\/nl\/product\/1200-mm-stuurpen-en-cilinderadapter\/\"]}]},{\"@type\":\"ImageObject\",\"inLanguage\":\"nl-NL\",\"@id\":\"https:\/\/espacesconfines.be\/nl\/product\/1200-mm-stuurpen-en-cilinderadapter\/#primaryimage\",\"url\":\"https:\/\/espacesconfines.be\/wp-content\/uploads\/2025\/06\/Xtirpa-IN-8015-2237-2240-2380-16.webp\",\"contentUrl\":\"https:\/\/espacesconfines.be\/wp-content\/uploads\/2025\/06\/Xtirpa-IN-8015-2237-2240-2380-16.webp\",\"width\":2000,\"height\":1333},{\"@type\":\"BreadcrumbList\",\"@id\":\"https:\/\/espacesconfines.be\/nl\/product\/1200-mm-stuurpen-en-cilinderadapter\/#breadcrumb\",\"itemListElement\":[{\"@type\":\"ListItem\",\"position\":1,\"name\":\"Home\",\"item\":\"https:\/\/espacesconfines.be\/nl\/home\/\"},{\"@type\":\"ListItem\",\"position\":2,\"name\":\"Producten\",\"item\":\"https:\/\/espacesconfines.be\/nl\/shop\/\"},{\"@type\":\"ListItem\",\"position\":3,\"name\":\"Davitarm 1200mm met muurklemadapter\"}]},{\"@type\":\"WebSite\",\"@id\":\"https:\/\/espacesconfines.be\/nl\/#website\",\"url\":\"https:\/\/espacesconfines.be\/nl\/\",\"name\":\"Espace confin\u00e9 avec Condor Safety\",\"description\":\"Acc\u00e8s, protection, sauvetage : votre s\u00e9curit\u00e9 en espace confin\u00e9 sans compromis.\",\"publisher\":{\"@id\":\"https:\/\/espacesconfines.be\/nl\/#organization\"},\"potentialAction\":[{\"@type\":\"SearchAction\",\"target\":{\"@type\":\"EntryPoint\",\"urlTemplate\":\"https:\/\/espacesconfines.be\/nl\/?s={search_term_string}\"},\"query-input\":{\"@type\":\"PropertyValueSpecification\",\"valueRequired\":true,\"valueName\":\"search_term_string\"}}],\"inLanguage\":\"nl-NL\"},{\"@type\":\"Organization\",\"@id\":\"https:\/\/espacesconfines.be\/nl\/#organization\",\"name\":\"Condor Safety Espace confin\u00e9\",\"url\":\"https:\/\/espacesconfines.be\/nl\/\",\"logo\":{\"@type\":\"ImageObject\",\"inLanguage\":\"nl-NL\",\"@id\":\"https:\/\/espacesconfines.be\/nl\/#\/schema\/logo\/image\/\",\"url\":\"https:\/\/espacesconfines.be\/wp-content\/uploads\/2025\/07\/cropped-condor-safety-logo-web-ico.png\",\"contentUrl\":\"https:\/\/espacesconfines.be\/wp-content\/uploads\/2025\/07\/cropped-condor-safety-logo-web-ico.png\",\"width\":512,\"height\":512,\"caption\":\"Condor Safety Espace confin\u00e9\"},\"image\":{\"@id\":\"https:\/\/espacesconfines.be\/nl\/#\/schema\/logo\/image\/\"},\"sameAs\":[\"https:\/\/www.linkedin.com\/showcase\/confinedspace\/\"]}]}<\/script>\n<!-- \/ Yoast SEO plugin. -->","yoast_head_json":{"title":"Davitarm 1200mm met muurklemadapter - Espace confin\u00e9 avec Condor Safety","robots":{"index":"index","follow":"follow","max-snippet":"max-snippet:-1","max-image-preview":"max-image-preview:large","max-video-preview":"max-video-preview:-1"},"canonical":"https:\/\/espacesconfines.be\/nl\/product\/1200-mm-stuurpen-en-cilinderadapter\/","og_locale":"nl_NL","og_type":"article","og_title":"Davitarm 1200mm met muurklemadapter - Espace confin\u00e9 avec Condor Safety","og_description":"Telescopische steel 762-1219 mm met muuradapter","og_url":"https:\/\/espacesconfines.be\/nl\/product\/1200-mm-stuurpen-en-cilinderadapter\/","og_site_name":"Espace confin\u00e9 avec Condor Safety","article_modified_time":"2025-08-14T12:17:27+00:00","og_image":[{"width":2000,"height":1333,"url":"https:\/\/espacesconfines.be\/wp-content\/uploads\/2025\/06\/Xtirpa-IN-8015-2237-2240-2380-16.webp","type":"image\/webp"}],"twitter_card":"summary_large_image","twitter_misc":{"Geschatte leestijd":"1 minuut"},"schema":{"@context":"https:\/\/schema.org","@graph":[{"@type":"WebPage","@id":"https:\/\/espacesconfines.be\/nl\/product\/1200-mm-stuurpen-en-cilinderadapter\/","url":"https:\/\/espacesconfines.be\/nl\/product\/1200-mm-stuurpen-en-cilinderadapter\/","name":"Davitarm 1200mm met muurklemadapter - Espace confin\u00e9 avec Condor Safety","isPartOf":{"@id":"https:\/\/espacesconfines.be\/nl\/#website"},"primaryImageOfPage":{"@id":"https:\/\/espacesconfines.be\/nl\/product\/1200-mm-stuurpen-en-cilinderadapter\/#primaryimage"},"image":{"@id":"https:\/\/espacesconfines.be\/nl\/product\/1200-mm-stuurpen-en-cilinderadapter\/#primaryimage"},"thumbnailUrl":"https:\/\/espacesconfines.be\/wp-content\/uploads\/2025\/06\/Xtirpa-IN-8015-2237-2240-2380-16.webp","datePublished":"2025-06-25T23:52:35+00:00","dateModified":"2025-08-14T12:17:27+00:00","breadcrumb":{"@id":"https:\/\/espacesconfines.be\/nl\/product\/1200-mm-stuurpen-en-cilinderadapter\/#breadcrumb"},"inLanguage":"nl-NL","potentialAction":[{"@type":"ReadAction","target":["https:\/\/espacesconfines.be\/nl\/product\/1200-mm-stuurpen-en-cilinderadapter\/"]}]},{"@type":"ImageObject","inLanguage":"nl-NL","@id":"https:\/\/espacesconfines.be\/nl\/product\/1200-mm-stuurpen-en-cilinderadapter\/#primaryimage","url":"https:\/\/espacesconfines.be\/wp-content\/uploads\/2025\/06\/Xtirpa-IN-8015-2237-2240-2380-16.webp","contentUrl":"https:\/\/espacesconfines.be\/wp-content\/uploads\/2025\/06\/Xtirpa-IN-8015-2237-2240-2380-16.webp","width":2000,"height":1333},{"@type":"BreadcrumbList","@id":"https:\/\/espacesconfines.be\/nl\/product\/1200-mm-stuurpen-en-cilinderadapter\/#breadcrumb","itemListElement":[{"@type":"ListItem","position":1,"name":"Home","item":"https:\/\/espacesconfines.be\/nl\/home\/"},{"@type":"ListItem","position":2,"name":"Producten","item":"https:\/\/espacesconfines.be\/nl\/shop\/"},{"@type":"ListItem","position":3,"name":"Davitarm 1200mm met muurklemadapter"}]},{"@type":"WebSite","@id":"https:\/\/espacesconfines.be\/nl\/#website","url":"https:\/\/espacesconfines.be\/nl\/","name":"Espace confin\u00e9 avec Condor Safety","description":"Acc\u00e8s, protection, sauvetage : votre s\u00e9curit\u00e9 en espace confin\u00e9 sans compromis.","publisher":{"@id":"https:\/\/espacesconfines.be\/nl\/#organization"},"potentialAction":[{"@type":"SearchAction","target":{"@type":"EntryPoint","urlTemplate":"https:\/\/espacesconfines.be\/nl\/?s={search_term_string}"},"query-input":{"@type":"PropertyValueSpecification","valueRequired":true,"valueName":"search_term_string"}}],"inLanguage":"nl-NL"},{"@type":"Organization","@id":"https:\/\/espacesconfines.be\/nl\/#organization","name":"Condor Safety Espace confin\u00e9","url":"https:\/\/espacesconfines.be\/nl\/","logo":{"@type":"ImageObject","inLanguage":"nl-NL","@id":"https:\/\/espacesconfines.be\/nl\/#\/schema\/logo\/image\/","url":"https:\/\/espacesconfines.be\/wp-content\/uploads\/2025\/07\/cropped-condor-safety-logo-web-ico.png","contentUrl":"https:\/\/espacesconfines.be\/wp-content\/uploads\/2025\/07\/cropped-condor-safety-logo-web-ico.png","width":512,"height":512,"caption":"Condor Safety Espace confin\u00e9"},"image":{"@id":"https:\/\/espacesconfines.be\/nl\/#\/schema\/logo\/image\/"},"sameAs":["https:\/\/www.linkedin.com\/showcase\/confinedspace\/"]}]}},"_links":{"self":[{"href":"https:\/\/espacesconfines.be\/nl\/wp-json\/wp\/v2\/product\/3724","targetHints":{"allow":["GET"]}}],"collection":[{"href":"https:\/\/espacesconfines.be\/nl\/wp-json\/wp\/v2\/product"}],"about":[{"href":"https:\/\/espacesconfines.be\/nl\/wp-json\/wp\/v2\/types\/product"}],"version-history":[{"count":2,"href":"https:\/\/espacesconfines.be\/nl\/wp-json\/wp\/v2\/product\/3724\/revisions"}],"predecessor-version":[{"id":3941,"href":"https:\/\/espacesconfines.be\/nl\/wp-json\/wp\/v2\/product\/3724\/revisions\/3941"}],"wp:featuredmedia":[{"embeddable":true,"href":"https:\/\/espacesconfines.be\/nl\/wp-json\/wp\/v2\/media\/3710"}],"wp:attachment":[{"href":"https:\/\/espacesconfines.be\/nl\/wp-json\/wp\/v2\/media?parent=3724"}],"wp:term":[{"taxonomy":"product_brand","embeddable":true,"href":"https:\/\/espacesconfines.be\/nl\/wp-json\/wp\/v2\/product_brand?post=3724"},{"taxonomy":"product_cat","embeddable":true,"href":"https:\/\/espacesconfines.be\/nl\/wp-json\/wp\/v2\/product_cat?post=3724"},{"taxonomy":"product_tag","embeddable":true,"href":"https:\/\/espacesconfines.be\/nl\/wp-json\/wp\/v2\/product_tag?post=3724"}],"curies":[{"name":"wp","href":"https:\/\/api.w.org\/{rel}","templated":true}]}}