{"id":3945,"date":"2025-05-19T20:54:45","date_gmt":"2025-05-19T20:54:45","guid":{"rendered":"https:\/\/espacesconfines.be\/product\/x-trak-r\/"},"modified":"2025-09-03T13:28:22","modified_gmt":"2025-09-03T13:28:22","slug":"x-trak-r","status":"publish","type":"product","link":"https:\/\/espacesconfines.be\/nl\/product\/x-trak-r\/","title":{"rendered":"X-Trak-R voor horizontale toegang"},"content":{"rendered":"<h4>De nieuw ontworpen zwenkbare kop<\/h4>\n<p>Het ingenieursteam van Xtirpa\u2122 heeft al zijn expertise en kennis gebruikt om een <strong>360\u00b0 zwenkbare kop te ontwerpen waarmee de X-TRAK-R in elke richting kan werken<\/strong>, waardoor dit modulair systeem <strong>de meest flexibele oplossing voor veiligheid in besloten ruimtes<\/strong> op de markt is. De hoek van de kop kan ook worden aangepast aan elke werkomgeving. De kop van de X-TRAK-R is ook uitgerust met talrijke bevestigingspunten om het systeem in alle richtingen te beveiligen.  <\/p>\n<h4>Hoogtebereik van 122,8\u2033 (3120 mm) met bevestiging voor winch<\/h4>\n<p>De X-TRAK-R is ontworpen met het kenmerkende Xtirpa\u2122 modulaire concept waardoor je een hoogte van 122,8\u2033 (3120 mm) kunt bereiken met maximaal 3 optionele A2557-25 verlengstukken. Alle verlengstukken zijn voorzien van borgpennen waardoor montage snel, eenvoudig en veilig is.  <\/p>\n<h4>De nieuwe vergrendelingspennen blijven op hun plaats<\/h4>\n<p>De vergrendelingspennen vormen een innovatieve toevoeging aan het X-TRAK-R. Dankzij hun slimme ontwerp kunnen de pennen eenvoudig op hun plaats worden gedrukt en vergrendeld, wat zorgt voor een snellere \u00e9n veiligere montage van het systeem. <\/p>\n<h4>Eenvoudige aanpassing van de hoek van het systeem<\/h4>\n<p>Er is een uniek borgpinsysteem aangebracht om de hoek van de T-stabilisator aan te passen. Maak de borgpen los en pas de hoek (+\/- 30\u00b0) van de T-stabilisator aan je werkomstandigheden aan. <\/p>\n<h4>Verstelbare steun voor valblok met reddingsfuntie \/ winch<\/h4>\n<p>Een andere innovatie die alleen beschikbaar is op de X-TRAK-R is de verstelbare adapter. Met een veerbeveiligde pen kunt u de valblok\/winch houder naar elke gewenste positie langs de bovenste rail verplaatsen, wat reddingsoperaties vergemakkelijkt. <\/p>\n<h4>Hoogte van de T-stabilisator eenvoudig instellen met een druk op de knop<\/h4>\n<p>De hoogte van de T-stabilisator van de X-TRAK-R is eenvoudig in te stellen. Met \u00e9\u00e9n druk op de knop kun je het hele systeem nu verlagen of verhogen tot de gewenste hoogte, met 10 beschikbare intervallen. <\/p>\n<h4>Bevestig de X-TRAK-R op een willekeurig punt<\/h4>\n<p>Om de veiligheid van het team te garanderen, is de X-TRAK-R uitgerust met meerdere bevestigingspunten. Zowel rond het draaibare hoofd als aan de achterkant van het systeem. Ze zijn ontworpen om het systeem vast te zetten wanneer het wordt gebruikt in specifieke werkconfiguraties, bijvoorbeeld +\/- 90\u00b0 ten opzichte van het ingangspunt.   <\/p>\n","protected":false},"excerpt":{"rendered":"<p>De meest veelzijdige masttakel op de markt<\/p>\n","protected":false},"featured_media":1537,"template":"","meta":{"_acf_changed":false},"product_brand":[109],"product_cat":[58,57],"product_tag":[107],"class_list":{"0":"post-3945","1":"product","2":"type-product","3":"status-publish","4":"has-post-thumbnail","6":"product_brand-xtirpa-nl","7":"product_cat-horizontaal","8":"product_cat-verticaal","9":"product_tag-in-8025-nl","11":"first","12":"instock","13":"shipping-taxable","14":"product-type-simple"},"acf":[],"yoast_head":"<!-- This site is optimized with the Yoast SEO plugin v27.1.1 - https:\/\/yoast.com\/product\/yoast-seo-wordpress\/ -->\n<title>X-Trak-R voor horizontale toegang - Espace confin\u00e9 avec Condor Safety<\/title>\n<meta name=\"robots\" content=\"index, follow, max-snippet:-1, max-image-preview:large, max-video-preview:-1\" \/>\n<link rel=\"canonical\" href=\"https:\/\/espacesconfines.be\/nl\/product\/x-trak-r\/\" \/>\n<meta property=\"og:locale\" content=\"nl_NL\" \/>\n<meta property=\"og:type\" content=\"article\" \/>\n<meta property=\"og:title\" content=\"X-Trak-R voor horizontale toegang - Espace confin\u00e9 avec Condor Safety\" \/>\n<meta property=\"og:description\" content=\"De meest veelzijdige masttakel op de markt\" \/>\n<meta property=\"og:url\" content=\"https:\/\/espacesconfines.be\/nl\/product\/x-trak-r\/\" \/>\n<meta property=\"og:site_name\" content=\"Espace confin\u00e9 avec Condor Safety\" \/>\n<meta property=\"article:modified_time\" content=\"2025-09-03T13:28:22+00:00\" \/>\n<meta property=\"og:image\" content=\"https:\/\/espacesconfines.be\/wp-content\/uploads\/2025\/05\/Xtirpa-confined-space-pole-hoist-new-1523.webp\" \/>\n\t<meta property=\"og:image:width\" content=\"2000\" \/>\n\t<meta property=\"og:image:height\" content=\"1334\" \/>\n\t<meta property=\"og:image:type\" content=\"image\/webp\" \/>\n<meta name=\"twitter:card\" content=\"summary_large_image\" \/>\n<meta name=\"twitter:label1\" content=\"Geschatte leestijd\" \/>\n\t<meta name=\"twitter:data1\" content=\"2 minuten\" \/>\n<script type=\"application\/ld+json\" class=\"yoast-schema-graph\">{\"@context\":\"https:\/\/schema.org\",\"@graph\":[{\"@type\":\"WebPage\",\"@id\":\"https:\/\/espacesconfines.be\/nl\/product\/x-trak-r\/\",\"url\":\"https:\/\/espacesconfines.be\/nl\/product\/x-trak-r\/\",\"name\":\"X-Trak-R voor horizontale toegang - Espace confin\u00e9 avec Condor Safety\",\"isPartOf\":{\"@id\":\"https:\/\/espacesconfines.be\/nl\/#website\"},\"primaryImageOfPage\":{\"@id\":\"https:\/\/espacesconfines.be\/nl\/product\/x-trak-r\/#primaryimage\"},\"image\":{\"@id\":\"https:\/\/espacesconfines.be\/nl\/product\/x-trak-r\/#primaryimage\"},\"thumbnailUrl\":\"https:\/\/espacesconfines.be\/wp-content\/uploads\/2025\/05\/Xtirpa-confined-space-pole-hoist-new-1523.webp\",\"datePublished\":\"2025-05-19T20:54:45+00:00\",\"dateModified\":\"2025-09-03T13:28:22+00:00\",\"breadcrumb\":{\"@id\":\"https:\/\/espacesconfines.be\/nl\/product\/x-trak-r\/#breadcrumb\"},\"inLanguage\":\"nl-NL\",\"potentialAction\":[{\"@type\":\"ReadAction\",\"target\":[\"https:\/\/espacesconfines.be\/nl\/product\/x-trak-r\/\"]}]},{\"@type\":\"ImageObject\",\"inLanguage\":\"nl-NL\",\"@id\":\"https:\/\/espacesconfines.be\/nl\/product\/x-trak-r\/#primaryimage\",\"url\":\"https:\/\/espacesconfines.be\/wp-content\/uploads\/2025\/05\/Xtirpa-confined-space-pole-hoist-new-1523.webp\",\"contentUrl\":\"https:\/\/espacesconfines.be\/wp-content\/uploads\/2025\/05\/Xtirpa-confined-space-pole-hoist-new-1523.webp\",\"width\":2000,\"height\":1334},{\"@type\":\"BreadcrumbList\",\"@id\":\"https:\/\/espacesconfines.be\/nl\/product\/x-trak-r\/#breadcrumb\",\"itemListElement\":[{\"@type\":\"ListItem\",\"position\":1,\"name\":\"Home\",\"item\":\"https:\/\/espacesconfines.be\/nl\/home\/\"},{\"@type\":\"ListItem\",\"position\":2,\"name\":\"Producten\",\"item\":\"https:\/\/espacesconfines.be\/nl\/shop\/\"},{\"@type\":\"ListItem\",\"position\":3,\"name\":\"X-Trak-R voor horizontale toegang\"}]},{\"@type\":\"WebSite\",\"@id\":\"https:\/\/espacesconfines.be\/nl\/#website\",\"url\":\"https:\/\/espacesconfines.be\/nl\/\",\"name\":\"Espace confin\u00e9 avec Condor Safety\",\"description\":\"Acc\u00e8s, protection, sauvetage : votre s\u00e9curit\u00e9 en espace confin\u00e9 sans compromis.\",\"publisher\":{\"@id\":\"https:\/\/espacesconfines.be\/nl\/#organization\"},\"potentialAction\":[{\"@type\":\"SearchAction\",\"target\":{\"@type\":\"EntryPoint\",\"urlTemplate\":\"https:\/\/espacesconfines.be\/nl\/?s={search_term_string}\"},\"query-input\":{\"@type\":\"PropertyValueSpecification\",\"valueRequired\":true,\"valueName\":\"search_term_string\"}}],\"inLanguage\":\"nl-NL\"},{\"@type\":\"Organization\",\"@id\":\"https:\/\/espacesconfines.be\/nl\/#organization\",\"name\":\"Condor Safety Espace confin\u00e9\",\"url\":\"https:\/\/espacesconfines.be\/nl\/\",\"logo\":{\"@type\":\"ImageObject\",\"inLanguage\":\"nl-NL\",\"@id\":\"https:\/\/espacesconfines.be\/nl\/#\/schema\/logo\/image\/\",\"url\":\"https:\/\/espacesconfines.be\/wp-content\/uploads\/2025\/07\/cropped-condor-safety-logo-web-ico.png\",\"contentUrl\":\"https:\/\/espacesconfines.be\/wp-content\/uploads\/2025\/07\/cropped-condor-safety-logo-web-ico.png\",\"width\":512,\"height\":512,\"caption\":\"Condor Safety Espace confin\u00e9\"},\"image\":{\"@id\":\"https:\/\/espacesconfines.be\/nl\/#\/schema\/logo\/image\/\"},\"sameAs\":[\"https:\/\/www.linkedin.com\/showcase\/confinedspace\/\"]}]}<\/script>\n<!-- \/ Yoast SEO plugin. -->","yoast_head_json":{"title":"X-Trak-R voor horizontale toegang - Espace confin\u00e9 avec Condor Safety","robots":{"index":"index","follow":"follow","max-snippet":"max-snippet:-1","max-image-preview":"max-image-preview:large","max-video-preview":"max-video-preview:-1"},"canonical":"https:\/\/espacesconfines.be\/nl\/product\/x-trak-r\/","og_locale":"nl_NL","og_type":"article","og_title":"X-Trak-R voor horizontale toegang - Espace confin\u00e9 avec Condor Safety","og_description":"De meest veelzijdige masttakel op de markt","og_url":"https:\/\/espacesconfines.be\/nl\/product\/x-trak-r\/","og_site_name":"Espace confin\u00e9 avec Condor Safety","article_modified_time":"2025-09-03T13:28:22+00:00","og_image":[{"width":2000,"height":1334,"url":"https:\/\/espacesconfines.be\/wp-content\/uploads\/2025\/05\/Xtirpa-confined-space-pole-hoist-new-1523.webp","type":"image\/webp"}],"twitter_card":"summary_large_image","twitter_misc":{"Geschatte leestijd":"2 minuten"},"schema":{"@context":"https:\/\/schema.org","@graph":[{"@type":"WebPage","@id":"https:\/\/espacesconfines.be\/nl\/product\/x-trak-r\/","url":"https:\/\/espacesconfines.be\/nl\/product\/x-trak-r\/","name":"X-Trak-R voor horizontale toegang - Espace confin\u00e9 avec Condor Safety","isPartOf":{"@id":"https:\/\/espacesconfines.be\/nl\/#website"},"primaryImageOfPage":{"@id":"https:\/\/espacesconfines.be\/nl\/product\/x-trak-r\/#primaryimage"},"image":{"@id":"https:\/\/espacesconfines.be\/nl\/product\/x-trak-r\/#primaryimage"},"thumbnailUrl":"https:\/\/espacesconfines.be\/wp-content\/uploads\/2025\/05\/Xtirpa-confined-space-pole-hoist-new-1523.webp","datePublished":"2025-05-19T20:54:45+00:00","dateModified":"2025-09-03T13:28:22+00:00","breadcrumb":{"@id":"https:\/\/espacesconfines.be\/nl\/product\/x-trak-r\/#breadcrumb"},"inLanguage":"nl-NL","potentialAction":[{"@type":"ReadAction","target":["https:\/\/espacesconfines.be\/nl\/product\/x-trak-r\/"]}]},{"@type":"ImageObject","inLanguage":"nl-NL","@id":"https:\/\/espacesconfines.be\/nl\/product\/x-trak-r\/#primaryimage","url":"https:\/\/espacesconfines.be\/wp-content\/uploads\/2025\/05\/Xtirpa-confined-space-pole-hoist-new-1523.webp","contentUrl":"https:\/\/espacesconfines.be\/wp-content\/uploads\/2025\/05\/Xtirpa-confined-space-pole-hoist-new-1523.webp","width":2000,"height":1334},{"@type":"BreadcrumbList","@id":"https:\/\/espacesconfines.be\/nl\/product\/x-trak-r\/#breadcrumb","itemListElement":[{"@type":"ListItem","position":1,"name":"Home","item":"https:\/\/espacesconfines.be\/nl\/home\/"},{"@type":"ListItem","position":2,"name":"Producten","item":"https:\/\/espacesconfines.be\/nl\/shop\/"},{"@type":"ListItem","position":3,"name":"X-Trak-R voor horizontale toegang"}]},{"@type":"WebSite","@id":"https:\/\/espacesconfines.be\/nl\/#website","url":"https:\/\/espacesconfines.be\/nl\/","name":"Espace confin\u00e9 avec Condor Safety","description":"Acc\u00e8s, protection, sauvetage : votre s\u00e9curit\u00e9 en espace confin\u00e9 sans compromis.","publisher":{"@id":"https:\/\/espacesconfines.be\/nl\/#organization"},"potentialAction":[{"@type":"SearchAction","target":{"@type":"EntryPoint","urlTemplate":"https:\/\/espacesconfines.be\/nl\/?s={search_term_string}"},"query-input":{"@type":"PropertyValueSpecification","valueRequired":true,"valueName":"search_term_string"}}],"inLanguage":"nl-NL"},{"@type":"Organization","@id":"https:\/\/espacesconfines.be\/nl\/#organization","name":"Condor Safety Espace confin\u00e9","url":"https:\/\/espacesconfines.be\/nl\/","logo":{"@type":"ImageObject","inLanguage":"nl-NL","@id":"https:\/\/espacesconfines.be\/nl\/#\/schema\/logo\/image\/","url":"https:\/\/espacesconfines.be\/wp-content\/uploads\/2025\/07\/cropped-condor-safety-logo-web-ico.png","contentUrl":"https:\/\/espacesconfines.be\/wp-content\/uploads\/2025\/07\/cropped-condor-safety-logo-web-ico.png","width":512,"height":512,"caption":"Condor Safety Espace confin\u00e9"},"image":{"@id":"https:\/\/espacesconfines.be\/nl\/#\/schema\/logo\/image\/"},"sameAs":["https:\/\/www.linkedin.com\/showcase\/confinedspace\/"]}]}},"_links":{"self":[{"href":"https:\/\/espacesconfines.be\/nl\/wp-json\/wp\/v2\/product\/3945","targetHints":{"allow":["GET"]}}],"collection":[{"href":"https:\/\/espacesconfines.be\/nl\/wp-json\/wp\/v2\/product"}],"about":[{"href":"https:\/\/espacesconfines.be\/nl\/wp-json\/wp\/v2\/types\/product"}],"version-history":[{"count":2,"href":"https:\/\/espacesconfines.be\/nl\/wp-json\/wp\/v2\/product\/3945\/revisions"}],"predecessor-version":[{"id":3948,"href":"https:\/\/espacesconfines.be\/nl\/wp-json\/wp\/v2\/product\/3945\/revisions\/3948"}],"wp:featuredmedia":[{"embeddable":true,"href":"https:\/\/espacesconfines.be\/nl\/wp-json\/wp\/v2\/media\/1537"}],"wp:attachment":[{"href":"https:\/\/espacesconfines.be\/nl\/wp-json\/wp\/v2\/media?parent=3945"}],"wp:term":[{"taxonomy":"product_brand","embeddable":true,"href":"https:\/\/espacesconfines.be\/nl\/wp-json\/wp\/v2\/product_brand?post=3945"},{"taxonomy":"product_cat","embeddable":true,"href":"https:\/\/espacesconfines.be\/nl\/wp-json\/wp\/v2\/product_cat?post=3945"},{"taxonomy":"product_tag","embeddable":true,"href":"https:\/\/espacesconfines.be\/nl\/wp-json\/wp\/v2\/product_tag?post=3945"}],"curies":[{"name":"wp","href":"https:\/\/api.w.org\/{rel}","templated":true}]}}